{"id":1424,"date":"2022-06-13T15:04:10","date_gmt":"2022-06-13T21:04:10","guid":{"rendered":"https:\/\/www.alporta.com\/?post_type=product&#038;p=1424"},"modified":"2023-07-12T10:16:57","modified_gmt":"2023-07-12T16:16:57","slug":"ecopanel-cool-print-teca","status":"publish","type":"product","link":"https:\/\/www.alporta.com\/index.php\/producto\/ecopanel-cool-print-teca\/","title":{"rendered":"Ecopanel Cool Print Teca"},"content":{"rendered":"","protected":false},"excerpt":{"rendered":"<p>Ecopanel Coolprint es un deck compuesto, muy resistente, hecho de una combinaci\u00f3n patentada de fibra de madera, polietileno de alta densidad (HDEP), y aditivos. Se vende principalmente en Latinoam\u00e9rica y el Caribe, mercados caracterizados por un sol muy fuerte, lluvia intensa y cambios dram\u00e1ticos en climas estacionales. En consecuencia, nuestros tableros est\u00e1n dise\u00f1ados para ser altamente resistentes a los rayos UV y estructuralmente firmes para mantener su estabilidad dimensional a lo largo de a\u00f1os de estar expuestos.<\/p>\n<p>&nbsp;<\/p>\n<p><strong>Especificaciones:<\/strong> 14.5 cm A (visual de 11.5 cm) x 20.5 mm. E. x 2.2 m.L<\/p>\n<p><strong>Contenido:<\/strong> Polvo de Madera 50%. Pl\u00e1stico 38%. Carbonato de calcio 7%. Otros<\/p>\n<p><strong>Aplicaciones Fachada:<\/strong><\/p>\n<p>Ecopanel Coolprint se adapta perfectamente a su uso tanto en interiores y exteriores para todo tipo de recubrimiento en pared, techo hasta inclusive muebles y puertas. Ecopanel Coolprint se ha instalado en algunos de los proyectos m\u00e1s prestigiosos de Latinoam\u00e9rica.<\/p>\n<p><strong>Mantenimiento m\u00ednimo:<\/strong><\/p>\n<p>La f\u00f3rmula patentada de Ecopanel Coolprint hace que nuestras tablas pr\u00e1cticamente sean impenetrables al agua, moho, hongos, insectos y otros elementos que destruyen la madera natural. Nuestro deck proporcionar\u00e1 a\u00f1os de uso sin preocupaciones y es seguro para los ni\u00f1os y las mascotas.<\/p>\n<p>&nbsp;<\/p>\n<p><strong>Caracter\u00edsticas t\u00e9cnicas:\u00a0<\/strong><\/p>\n<p>Como la madera natural, se puede aserrar, perforar y lijar. Es un producto ecol\u00f3gico y los residuos del corte pueden ser reciclados.<\/p>\n<p>&nbsp;<\/p>\n","protected":false},"featured_media":1418,"template":"","meta":[],"product_brand":[],"product_cat":[172],"product_tag":[],"class_list":{"0":"post-1424","1":"product","2":"type-product","3":"status-publish","4":"has-post-thumbnail","6":"product_cat-ecopanel","7":"pif-has-gallery","9":"first","10":"instock","11":"shipping-taxable","12":"product-type-simple"},"yoast_head":"<!-- This site is optimized with the Yoast SEO plugin v27.4 - https:\/\/yoast.com\/product\/yoast-seo-wordpress\/ -->\n<title>Ecopanel Cool Print Teca - Alporta<\/title>\n<meta name=\"robots\" content=\"index, follow, max-snippet:-1, max-image-preview:large, max-video-preview:-1\" \/>\n<link rel=\"canonical\" href=\"https:\/\/www.alporta.com\/index.php\/producto\/ecopanel-cool-print-teca\/\" \/>\n<meta property=\"og:locale\" content=\"es_MX\" \/>\n<meta property=\"og:type\" content=\"article\" \/>\n<meta property=\"og:title\" content=\"Ecopanel Cool Print Teca - Alporta\" \/>\n<meta property=\"og:description\" content=\"Ecopanel Coolprint es un deck compuesto, muy resistente, hecho de una combinaci\u00f3n patentada de fibra de madera, polietileno de alta densidad (HDEP), y aditivos. Se vende principalmente en Latinoam\u00e9rica y el Caribe, mercados caracterizados por un sol muy fuerte, lluvia intensa y cambios dram\u00e1ticos en climas estacionales. En consecuencia, nuestros tableros est\u00e1n dise\u00f1ados para ser altamente resistentes a los rayos UV y estructuralmente firmes para mantener su estabilidad dimensional a lo largo de a\u00f1os de estar expuestos.  &nbsp;  Especificaciones: 14.5 cm A (visual de 11.5 cm) x 20.5 mm. E. x 2.2 m.L  Contenido: Polvo de Madera 50%. Pl\u00e1stico 38%. Carbonato de calcio 7%. Otros  Aplicaciones Fachada:  Ecopanel Coolprint se adapta perfectamente a su uso tanto en interiores y exteriores para todo tipo de recubrimiento en pared, techo hasta inclusive muebles y puertas. Ecopanel Coolprint se ha instalado en algunos de los proyectos m\u00e1s prestigiosos de Latinoam\u00e9rica.  Mantenimiento m\u00ednimo:  La f\u00f3rmula patentada de Ecopanel Coolprint hace que nuestras tablas pr\u00e1cticamente sean impenetrables al agua, moho, hongos, insectos y otros elementos que destruyen la madera natural. Nuestro deck proporcionar\u00e1 a\u00f1os de uso sin preocupaciones y es seguro para los ni\u00f1os y las mascotas.  &nbsp;  Caracter\u00edsticas t\u00e9cnicas:\u00a0  Como la madera natural, se puede aserrar, perforar y lijar. Es un producto ecol\u00f3gico y los residuos del corte pueden ser reciclados.  &nbsp;\" \/>\n<meta property=\"og:url\" content=\"https:\/\/www.alporta.com\/index.php\/producto\/ecopanel-cool-print-teca\/\" \/>\n<meta property=\"og:site_name\" content=\"Alporta\" \/>\n<meta property=\"article:publisher\" content=\"https:\/\/www.facebook.com\/Alporta-Pisos-282233195273162\" \/>\n<meta property=\"article:modified_time\" content=\"2023-07-12T16:16:57+00:00\" \/>\n<meta property=\"og:image\" content=\"https:\/\/www.alporta.com\/wp-content\/uploads\/2019\/10\/Teca-1.jpg\" \/>\n\t<meta property=\"og:image:width\" content=\"500\" \/>\n\t<meta property=\"og:image:height\" content=\"497\" \/>\n\t<meta property=\"og:image:type\" content=\"image\/jpeg\" \/>\n<meta name=\"twitter:card\" content=\"summary_large_image\" \/>\n<script type=\"application\/ld+json\" class=\"yoast-schema-graph\">{\"@context\":\"https:\\\/\\\/schema.org\",\"@graph\":[{\"@type\":\"WebPage\",\"@id\":\"https:\\\/\\\/www.alporta.com\\\/index.php\\\/producto\\\/ecopanel-cool-print-teca\\\/\",\"url\":\"https:\\\/\\\/www.alporta.com\\\/index.php\\\/producto\\\/ecopanel-cool-print-teca\\\/\",\"name\":\"Ecopanel Cool Print Teca - Alporta\",\"isPartOf\":{\"@id\":\"https:\\\/\\\/www.alporta.com\\\/#website\"},\"primaryImageOfPage\":{\"@id\":\"https:\\\/\\\/www.alporta.com\\\/index.php\\\/producto\\\/ecopanel-cool-print-teca\\\/#primaryimage\"},\"image\":{\"@id\":\"https:\\\/\\\/www.alporta.com\\\/index.php\\\/producto\\\/ecopanel-cool-print-teca\\\/#primaryimage\"},\"thumbnailUrl\":\"https:\\\/\\\/www.alporta.com\\\/wp-content\\\/uploads\\\/2019\\\/10\\\/Teca-1.jpg\",\"datePublished\":\"2022-06-13T21:04:10+00:00\",\"dateModified\":\"2023-07-12T16:16:57+00:00\",\"breadcrumb\":{\"@id\":\"https:\\\/\\\/www.alporta.com\\\/index.php\\\/producto\\\/ecopanel-cool-print-teca\\\/#breadcrumb\"},\"inLanguage\":\"es\",\"potentialAction\":[{\"@type\":\"ReadAction\",\"target\":[\"https:\\\/\\\/www.alporta.com\\\/index.php\\\/producto\\\/ecopanel-cool-print-teca\\\/\"]}]},{\"@type\":\"ImageObject\",\"inLanguage\":\"es\",\"@id\":\"https:\\\/\\\/www.alporta.com\\\/index.php\\\/producto\\\/ecopanel-cool-print-teca\\\/#primaryimage\",\"url\":\"https:\\\/\\\/www.alporta.com\\\/wp-content\\\/uploads\\\/2019\\\/10\\\/Teca-1.jpg\",\"contentUrl\":\"https:\\\/\\\/www.alporta.com\\\/wp-content\\\/uploads\\\/2019\\\/10\\\/Teca-1.jpg\",\"width\":500,\"height\":497},{\"@type\":\"BreadcrumbList\",\"@id\":\"https:\\\/\\\/www.alporta.com\\\/index.php\\\/producto\\\/ecopanel-cool-print-teca\\\/#breadcrumb\",\"itemListElement\":[{\"@type\":\"ListItem\",\"position\":1,\"name\":\"Inicio\",\"item\":\"https:\\\/\\\/www.alporta.com\\\/\"},{\"@type\":\"ListItem\",\"position\":2,\"name\":\"PRODUCTOS\",\"item\":\"https:\\\/\\\/www.alporta.com\\\/index.php\\\/productos\\\/\"},{\"@type\":\"ListItem\",\"position\":3,\"name\":\"Ecopanel Cool Print Teca\"}]},{\"@type\":\"WebSite\",\"@id\":\"https:\\\/\\\/www.alporta.com\\\/#website\",\"url\":\"https:\\\/\\\/www.alporta.com\\\/\",\"name\":\"Alporta\",\"description\":\"Le damos piso a tus ideas\",\"publisher\":{\"@id\":\"https:\\\/\\\/www.alporta.com\\\/#organization\"},\"potentialAction\":[{\"@type\":\"SearchAction\",\"target\":{\"@type\":\"EntryPoint\",\"urlTemplate\":\"https:\\\/\\\/www.alporta.com\\\/?s={search_term_string}\"},\"query-input\":{\"@type\":\"PropertyValueSpecification\",\"valueRequired\":true,\"valueName\":\"search_term_string\"}}],\"inLanguage\":\"es\"},{\"@type\":\"Organization\",\"@id\":\"https:\\\/\\\/www.alporta.com\\\/#organization\",\"name\":\"Alporta\",\"url\":\"https:\\\/\\\/www.alporta.com\\\/\",\"logo\":{\"@type\":\"ImageObject\",\"inLanguage\":\"es\",\"@id\":\"https:\\\/\\\/www.alporta.com\\\/#\\\/schema\\\/logo\\\/image\\\/\",\"url\":\"https:\\\/\\\/www.alporta.com\\\/wp-content\\\/uploads\\\/2022\\\/06\\\/img151-e1655759068479.jpg\",\"contentUrl\":\"https:\\\/\\\/www.alporta.com\\\/wp-content\\\/uploads\\\/2022\\\/06\\\/img151-e1655759068479.jpg\",\"width\":383,\"height\":160,\"caption\":\"Alporta\"},\"image\":{\"@id\":\"https:\\\/\\\/www.alporta.com\\\/#\\\/schema\\\/logo\\\/image\\\/\"},\"sameAs\":[\"https:\\\/\\\/www.facebook.com\\\/Alporta-Pisos-282233195273162\",\"https:\\\/\\\/www.instagram.com\\\/alporta_pisos\\\/\"]}]}<\/script>\n<!-- \/ Yoast SEO plugin. -->","yoast_head_json":{"title":"Ecopanel Cool Print Teca - Alporta","robots":{"index":"index","follow":"follow","max-snippet":"max-snippet:-1","max-image-preview":"max-image-preview:large","max-video-preview":"max-video-preview:-1"},"canonical":"https:\/\/www.alporta.com\/index.php\/producto\/ecopanel-cool-print-teca\/","og_locale":"es_MX","og_type":"article","og_title":"Ecopanel Cool Print Teca - Alporta","og_description":"Ecopanel Coolprint es un deck compuesto, muy resistente, hecho de una combinaci\u00f3n patentada de fibra de madera, polietileno de alta densidad (HDEP), y aditivos. Se vende principalmente en Latinoam\u00e9rica y el Caribe, mercados caracterizados por un sol muy fuerte, lluvia intensa y cambios dram\u00e1ticos en climas estacionales. En consecuencia, nuestros tableros est\u00e1n dise\u00f1ados para ser altamente resistentes a los rayos UV y estructuralmente firmes para mantener su estabilidad dimensional a lo largo de a\u00f1os de estar expuestos.  &nbsp;  Especificaciones: 14.5 cm A (visual de 11.5 cm) x 20.5 mm. E. x 2.2 m.L  Contenido: Polvo de Madera 50%. Pl\u00e1stico 38%. Carbonato de calcio 7%. Otros  Aplicaciones Fachada:  Ecopanel Coolprint se adapta perfectamente a su uso tanto en interiores y exteriores para todo tipo de recubrimiento en pared, techo hasta inclusive muebles y puertas. Ecopanel Coolprint se ha instalado en algunos de los proyectos m\u00e1s prestigiosos de Latinoam\u00e9rica.  Mantenimiento m\u00ednimo:  La f\u00f3rmula patentada de Ecopanel Coolprint hace que nuestras tablas pr\u00e1cticamente sean impenetrables al agua, moho, hongos, insectos y otros elementos que destruyen la madera natural. Nuestro deck proporcionar\u00e1 a\u00f1os de uso sin preocupaciones y es seguro para los ni\u00f1os y las mascotas.  &nbsp;  Caracter\u00edsticas t\u00e9cnicas:\u00a0  Como la madera natural, se puede aserrar, perforar y lijar. Es un producto ecol\u00f3gico y los residuos del corte pueden ser reciclados.  &nbsp;","og_url":"https:\/\/www.alporta.com\/index.php\/producto\/ecopanel-cool-print-teca\/","og_site_name":"Alporta","article_publisher":"https:\/\/www.facebook.com\/Alporta-Pisos-282233195273162","article_modified_time":"2023-07-12T16:16:57+00:00","og_image":[{"width":500,"height":497,"url":"https:\/\/www.alporta.com\/wp-content\/uploads\/2019\/10\/Teca-1.jpg","type":"image\/jpeg"}],"twitter_card":"summary_large_image","schema":{"@context":"https:\/\/schema.org","@graph":[{"@type":"WebPage","@id":"https:\/\/www.alporta.com\/index.php\/producto\/ecopanel-cool-print-teca\/","url":"https:\/\/www.alporta.com\/index.php\/producto\/ecopanel-cool-print-teca\/","name":"Ecopanel Cool Print Teca - Alporta","isPartOf":{"@id":"https:\/\/www.alporta.com\/#website"},"primaryImageOfPage":{"@id":"https:\/\/www.alporta.com\/index.php\/producto\/ecopanel-cool-print-teca\/#primaryimage"},"image":{"@id":"https:\/\/www.alporta.com\/index.php\/producto\/ecopanel-cool-print-teca\/#primaryimage"},"thumbnailUrl":"https:\/\/www.alporta.com\/wp-content\/uploads\/2019\/10\/Teca-1.jpg","datePublished":"2022-06-13T21:04:10+00:00","dateModified":"2023-07-12T16:16:57+00:00","breadcrumb":{"@id":"https:\/\/www.alporta.com\/index.php\/producto\/ecopanel-cool-print-teca\/#breadcrumb"},"inLanguage":"es","potentialAction":[{"@type":"ReadAction","target":["https:\/\/www.alporta.com\/index.php\/producto\/ecopanel-cool-print-teca\/"]}]},{"@type":"ImageObject","inLanguage":"es","@id":"https:\/\/www.alporta.com\/index.php\/producto\/ecopanel-cool-print-teca\/#primaryimage","url":"https:\/\/www.alporta.com\/wp-content\/uploads\/2019\/10\/Teca-1.jpg","contentUrl":"https:\/\/www.alporta.com\/wp-content\/uploads\/2019\/10\/Teca-1.jpg","width":500,"height":497},{"@type":"BreadcrumbList","@id":"https:\/\/www.alporta.com\/index.php\/producto\/ecopanel-cool-print-teca\/#breadcrumb","itemListElement":[{"@type":"ListItem","position":1,"name":"Inicio","item":"https:\/\/www.alporta.com\/"},{"@type":"ListItem","position":2,"name":"PRODUCTOS","item":"https:\/\/www.alporta.com\/index.php\/productos\/"},{"@type":"ListItem","position":3,"name":"Ecopanel Cool Print Teca"}]},{"@type":"WebSite","@id":"https:\/\/www.alporta.com\/#website","url":"https:\/\/www.alporta.com\/","name":"Alporta","description":"Le damos piso a tus ideas","publisher":{"@id":"https:\/\/www.alporta.com\/#organization"},"potentialAction":[{"@type":"SearchAction","target":{"@type":"EntryPoint","urlTemplate":"https:\/\/www.alporta.com\/?s={search_term_string}"},"query-input":{"@type":"PropertyValueSpecification","valueRequired":true,"valueName":"search_term_string"}}],"inLanguage":"es"},{"@type":"Organization","@id":"https:\/\/www.alporta.com\/#organization","name":"Alporta","url":"https:\/\/www.alporta.com\/","logo":{"@type":"ImageObject","inLanguage":"es","@id":"https:\/\/www.alporta.com\/#\/schema\/logo\/image\/","url":"https:\/\/www.alporta.com\/wp-content\/uploads\/2022\/06\/img151-e1655759068479.jpg","contentUrl":"https:\/\/www.alporta.com\/wp-content\/uploads\/2022\/06\/img151-e1655759068479.jpg","width":383,"height":160,"caption":"Alporta"},"image":{"@id":"https:\/\/www.alporta.com\/#\/schema\/logo\/image\/"},"sameAs":["https:\/\/www.facebook.com\/Alporta-Pisos-282233195273162","https:\/\/www.instagram.com\/alporta_pisos\/"]}]}},"_links":{"self":[{"href":"https:\/\/www.alporta.com\/index.php\/wp-json\/wp\/v2\/product\/1424","targetHints":{"allow":["GET"]}}],"collection":[{"href":"https:\/\/www.alporta.com\/index.php\/wp-json\/wp\/v2\/product"}],"about":[{"href":"https:\/\/www.alporta.com\/index.php\/wp-json\/wp\/v2\/types\/product"}],"wp:featuredmedia":[{"embeddable":true,"href":"https:\/\/www.alporta.com\/index.php\/wp-json\/wp\/v2\/media\/1418"}],"wp:attachment":[{"href":"https:\/\/www.alporta.com\/index.php\/wp-json\/wp\/v2\/media?parent=1424"}],"wp:term":[{"taxonomy":"product_brand","embeddable":true,"href":"https:\/\/www.alporta.com\/index.php\/wp-json\/wp\/v2\/product_brand?post=1424"},{"taxonomy":"product_cat","embeddable":true,"href":"https:\/\/www.alporta.com\/index.php\/wp-json\/wp\/v2\/product_cat?post=1424"},{"taxonomy":"product_tag","embeddable":true,"href":"https:\/\/www.alporta.com\/index.php\/wp-json\/wp\/v2\/product_tag?post=1424"}],"curies":[{"name":"wp","href":"https:\/\/api.w.org\/{rel}","templated":true}]}}