{"id":1467,"date":"2022-06-13T15:48:03","date_gmt":"2022-06-13T21:48:03","guid":{"rendered":"https:\/\/www.alporta.com\/?post_type=product&#038;p=1467"},"modified":"2023-10-17T11:01:25","modified_gmt":"2023-10-17T17:01:25","slug":"uh58","status":"publish","type":"product","link":"https:\/\/www.alporta.com\/index.php\/producto\/uh58\/","title":{"rendered":"Lambrin UH58 NTW TEKA"},"content":{"rendered":"","protected":false},"excerpt":{"rendered":"<p>Fachada ventilada RANUTADA<\/p>\n<p>&nbsp;<\/p>\n<p><strong>Garant\u00eda Limitada:<\/strong><br \/>\n25 a\u00f1os uso residencial.<br \/>\n10 a\u00f1os uso comercial.<\/p>\n<p>&nbsp;<\/p>\n<p>LARGO (cms): <strong>300<\/strong><br \/>\nANCHO (cms): <strong>19.65<\/strong><br \/>\nGROSOR (cms): <strong>2.5<\/strong><br \/>\nACABADO: <strong>LISO (H1)<\/strong><br \/>\nCOLORES DE L\u00cdNEA: <strong>IPE (IP), TEAK (TK)<\/strong><\/p>\n<p>&nbsp;<\/p>\n","protected":false},"featured_media":2899,"template":"","meta":[],"product_brand":[],"product_cat":[165,331,324,173,304],"product_tag":[187,192,189,190,191],"class_list":{"0":"post-1467","1":"product","2":"type-product","3":"status-publish","4":"has-post-thumbnail","6":"product_cat-fachadas","7":"product_cat-lambrin","8":"product_cat-newtechwood","9":"product_cat-panelnewtechwood","10":"product_cat-plafones","11":"product_tag-deck","12":"product_tag-lambrin","13":"product_tag-madera-sintetica","14":"product_tag-panel","15":"product_tag-wpc","16":"pif-has-gallery","18":"first","19":"instock","20":"shipping-taxable","21":"product-type-simple"},"yoast_head":"<!-- This site is optimized with the Yoast SEO plugin v27.3 - https:\/\/yoast.com\/product\/yoast-seo-wordpress\/ -->\n<title>Lambrin UH58 NTW TEKA - Alporta<\/title>\n<meta name=\"description\" content=\"Lambr\u00edn sint\u00e9tico NEWTECHWOOD estilo madera, 25 a\u00f1os de garant\u00eda no requiere mantenimiento, para exterior e interior. cotiza con nosotros!\" \/>\n<meta name=\"robots\" content=\"index, follow, max-snippet:-1, max-image-preview:large, max-video-preview:-1\" \/>\n<link rel=\"canonical\" href=\"https:\/\/www.alporta.com\/index.php\/producto\/uh58\/\" \/>\n<meta property=\"og:locale\" content=\"es_MX\" \/>\n<meta property=\"og:type\" content=\"article\" \/>\n<meta property=\"og:title\" content=\"Lambrin UH58 NTW TEKA - Alporta\" \/>\n<meta property=\"og:description\" content=\"Lambr\u00edn sint\u00e9tico NEWTECHWOOD estilo madera, 25 a\u00f1os de garant\u00eda no requiere mantenimiento, para exterior e interior. cotiza con nosotros!\" \/>\n<meta property=\"og:url\" content=\"https:\/\/www.alporta.com\/index.php\/producto\/uh58\/\" \/>\n<meta property=\"og:site_name\" content=\"Alporta\" \/>\n<meta property=\"article:publisher\" content=\"https:\/\/www.facebook.com\/Alporta-Pisos-282233195273162\" \/>\n<meta property=\"article:modified_time\" content=\"2023-10-17T17:01:25+00:00\" \/>\n<meta property=\"og:image\" content=\"https:\/\/www.alporta.com\/wp-content\/uploads\/2022\/06\/uh58-teka.png\" \/>\n\t<meta property=\"og:image:width\" content=\"692\" \/>\n\t<meta property=\"og:image:height\" content=\"414\" \/>\n\t<meta property=\"og:image:type\" content=\"image\/png\" \/>\n<meta name=\"twitter:card\" content=\"summary_large_image\" \/>\n<script type=\"application\/ld+json\" class=\"yoast-schema-graph\">{\"@context\":\"https:\\\/\\\/schema.org\",\"@graph\":[{\"@type\":\"WebPage\",\"@id\":\"https:\\\/\\\/www.alporta.com\\\/index.php\\\/producto\\\/uh58\\\/\",\"url\":\"https:\\\/\\\/www.alporta.com\\\/index.php\\\/producto\\\/uh58\\\/\",\"name\":\"Lambrin UH58 NTW TEKA - Alporta\",\"isPartOf\":{\"@id\":\"https:\\\/\\\/www.alporta.com\\\/#website\"},\"primaryImageOfPage\":{\"@id\":\"https:\\\/\\\/www.alporta.com\\\/index.php\\\/producto\\\/uh58\\\/#primaryimage\"},\"image\":{\"@id\":\"https:\\\/\\\/www.alporta.com\\\/index.php\\\/producto\\\/uh58\\\/#primaryimage\"},\"thumbnailUrl\":\"https:\\\/\\\/www.alporta.com\\\/wp-content\\\/uploads\\\/2022\\\/06\\\/uh58-teka.png\",\"datePublished\":\"2022-06-13T21:48:03+00:00\",\"dateModified\":\"2023-10-17T17:01:25+00:00\",\"description\":\"Lambr\u00edn sint\u00e9tico NEWTECHWOOD estilo madera, 25 a\u00f1os de garant\u00eda no requiere mantenimiento, para exterior e interior. cotiza con nosotros!\",\"breadcrumb\":{\"@id\":\"https:\\\/\\\/www.alporta.com\\\/index.php\\\/producto\\\/uh58\\\/#breadcrumb\"},\"inLanguage\":\"es\",\"potentialAction\":[{\"@type\":\"ReadAction\",\"target\":[\"https:\\\/\\\/www.alporta.com\\\/index.php\\\/producto\\\/uh58\\\/\"]}]},{\"@type\":\"ImageObject\",\"inLanguage\":\"es\",\"@id\":\"https:\\\/\\\/www.alporta.com\\\/index.php\\\/producto\\\/uh58\\\/#primaryimage\",\"url\":\"https:\\\/\\\/www.alporta.com\\\/wp-content\\\/uploads\\\/2022\\\/06\\\/uh58-teka.png\",\"contentUrl\":\"https:\\\/\\\/www.alporta.com\\\/wp-content\\\/uploads\\\/2022\\\/06\\\/uh58-teka.png\",\"width\":692,\"height\":414},{\"@type\":\"BreadcrumbList\",\"@id\":\"https:\\\/\\\/www.alporta.com\\\/index.php\\\/producto\\\/uh58\\\/#breadcrumb\",\"itemListElement\":[{\"@type\":\"ListItem\",\"position\":1,\"name\":\"Inicio\",\"item\":\"https:\\\/\\\/www.alporta.com\\\/\"},{\"@type\":\"ListItem\",\"position\":2,\"name\":\"PRODUCTOS\",\"item\":\"https:\\\/\\\/www.alporta.com\\\/index.php\\\/productos\\\/\"},{\"@type\":\"ListItem\",\"position\":3,\"name\":\"Lambrin UH58 NTW TEKA\"}]},{\"@type\":\"WebSite\",\"@id\":\"https:\\\/\\\/www.alporta.com\\\/#website\",\"url\":\"https:\\\/\\\/www.alporta.com\\\/\",\"name\":\"Alporta\",\"description\":\"Le damos piso a tus ideas\",\"publisher\":{\"@id\":\"https:\\\/\\\/www.alporta.com\\\/#organization\"},\"potentialAction\":[{\"@type\":\"SearchAction\",\"target\":{\"@type\":\"EntryPoint\",\"urlTemplate\":\"https:\\\/\\\/www.alporta.com\\\/?s={search_term_string}\"},\"query-input\":{\"@type\":\"PropertyValueSpecification\",\"valueRequired\":true,\"valueName\":\"search_term_string\"}}],\"inLanguage\":\"es\"},{\"@type\":\"Organization\",\"@id\":\"https:\\\/\\\/www.alporta.com\\\/#organization\",\"name\":\"Alporta\",\"url\":\"https:\\\/\\\/www.alporta.com\\\/\",\"logo\":{\"@type\":\"ImageObject\",\"inLanguage\":\"es\",\"@id\":\"https:\\\/\\\/www.alporta.com\\\/#\\\/schema\\\/logo\\\/image\\\/\",\"url\":\"https:\\\/\\\/www.alporta.com\\\/wp-content\\\/uploads\\\/2022\\\/06\\\/img151-e1655759068479.jpg\",\"contentUrl\":\"https:\\\/\\\/www.alporta.com\\\/wp-content\\\/uploads\\\/2022\\\/06\\\/img151-e1655759068479.jpg\",\"width\":383,\"height\":160,\"caption\":\"Alporta\"},\"image\":{\"@id\":\"https:\\\/\\\/www.alporta.com\\\/#\\\/schema\\\/logo\\\/image\\\/\"},\"sameAs\":[\"https:\\\/\\\/www.facebook.com\\\/Alporta-Pisos-282233195273162\",\"https:\\\/\\\/www.instagram.com\\\/alporta_pisos\\\/\"]}]}<\/script>\n<!-- \/ Yoast SEO plugin. -->","yoast_head_json":{"title":"Lambrin UH58 NTW TEKA - Alporta","description":"Lambr\u00edn sint\u00e9tico NEWTECHWOOD estilo madera, 25 a\u00f1os de garant\u00eda no requiere mantenimiento, para exterior e interior. cotiza con nosotros!","robots":{"index":"index","follow":"follow","max-snippet":"max-snippet:-1","max-image-preview":"max-image-preview:large","max-video-preview":"max-video-preview:-1"},"canonical":"https:\/\/www.alporta.com\/index.php\/producto\/uh58\/","og_locale":"es_MX","og_type":"article","og_title":"Lambrin UH58 NTW TEKA - Alporta","og_description":"Lambr\u00edn sint\u00e9tico NEWTECHWOOD estilo madera, 25 a\u00f1os de garant\u00eda no requiere mantenimiento, para exterior e interior. cotiza con nosotros!","og_url":"https:\/\/www.alporta.com\/index.php\/producto\/uh58\/","og_site_name":"Alporta","article_publisher":"https:\/\/www.facebook.com\/Alporta-Pisos-282233195273162","article_modified_time":"2023-10-17T17:01:25+00:00","og_image":[{"width":692,"height":414,"url":"https:\/\/www.alporta.com\/wp-content\/uploads\/2022\/06\/uh58-teka.png","type":"image\/png"}],"twitter_card":"summary_large_image","schema":{"@context":"https:\/\/schema.org","@graph":[{"@type":"WebPage","@id":"https:\/\/www.alporta.com\/index.php\/producto\/uh58\/","url":"https:\/\/www.alporta.com\/index.php\/producto\/uh58\/","name":"Lambrin UH58 NTW TEKA - Alporta","isPartOf":{"@id":"https:\/\/www.alporta.com\/#website"},"primaryImageOfPage":{"@id":"https:\/\/www.alporta.com\/index.php\/producto\/uh58\/#primaryimage"},"image":{"@id":"https:\/\/www.alporta.com\/index.php\/producto\/uh58\/#primaryimage"},"thumbnailUrl":"https:\/\/www.alporta.com\/wp-content\/uploads\/2022\/06\/uh58-teka.png","datePublished":"2022-06-13T21:48:03+00:00","dateModified":"2023-10-17T17:01:25+00:00","description":"Lambr\u00edn sint\u00e9tico NEWTECHWOOD estilo madera, 25 a\u00f1os de garant\u00eda no requiere mantenimiento, para exterior e interior. cotiza con nosotros!","breadcrumb":{"@id":"https:\/\/www.alporta.com\/index.php\/producto\/uh58\/#breadcrumb"},"inLanguage":"es","potentialAction":[{"@type":"ReadAction","target":["https:\/\/www.alporta.com\/index.php\/producto\/uh58\/"]}]},{"@type":"ImageObject","inLanguage":"es","@id":"https:\/\/www.alporta.com\/index.php\/producto\/uh58\/#primaryimage","url":"https:\/\/www.alporta.com\/wp-content\/uploads\/2022\/06\/uh58-teka.png","contentUrl":"https:\/\/www.alporta.com\/wp-content\/uploads\/2022\/06\/uh58-teka.png","width":692,"height":414},{"@type":"BreadcrumbList","@id":"https:\/\/www.alporta.com\/index.php\/producto\/uh58\/#breadcrumb","itemListElement":[{"@type":"ListItem","position":1,"name":"Inicio","item":"https:\/\/www.alporta.com\/"},{"@type":"ListItem","position":2,"name":"PRODUCTOS","item":"https:\/\/www.alporta.com\/index.php\/productos\/"},{"@type":"ListItem","position":3,"name":"Lambrin UH58 NTW TEKA"}]},{"@type":"WebSite","@id":"https:\/\/www.alporta.com\/#website","url":"https:\/\/www.alporta.com\/","name":"Alporta","description":"Le damos piso a tus ideas","publisher":{"@id":"https:\/\/www.alporta.com\/#organization"},"potentialAction":[{"@type":"SearchAction","target":{"@type":"EntryPoint","urlTemplate":"https:\/\/www.alporta.com\/?s={search_term_string}"},"query-input":{"@type":"PropertyValueSpecification","valueRequired":true,"valueName":"search_term_string"}}],"inLanguage":"es"},{"@type":"Organization","@id":"https:\/\/www.alporta.com\/#organization","name":"Alporta","url":"https:\/\/www.alporta.com\/","logo":{"@type":"ImageObject","inLanguage":"es","@id":"https:\/\/www.alporta.com\/#\/schema\/logo\/image\/","url":"https:\/\/www.alporta.com\/wp-content\/uploads\/2022\/06\/img151-e1655759068479.jpg","contentUrl":"https:\/\/www.alporta.com\/wp-content\/uploads\/2022\/06\/img151-e1655759068479.jpg","width":383,"height":160,"caption":"Alporta"},"image":{"@id":"https:\/\/www.alporta.com\/#\/schema\/logo\/image\/"},"sameAs":["https:\/\/www.facebook.com\/Alporta-Pisos-282233195273162","https:\/\/www.instagram.com\/alporta_pisos\/"]}]}},"_links":{"self":[{"href":"https:\/\/www.alporta.com\/index.php\/wp-json\/wp\/v2\/product\/1467","targetHints":{"allow":["GET"]}}],"collection":[{"href":"https:\/\/www.alporta.com\/index.php\/wp-json\/wp\/v2\/product"}],"about":[{"href":"https:\/\/www.alporta.com\/index.php\/wp-json\/wp\/v2\/types\/product"}],"wp:featuredmedia":[{"embeddable":true,"href":"https:\/\/www.alporta.com\/index.php\/wp-json\/wp\/v2\/media\/2899"}],"wp:attachment":[{"href":"https:\/\/www.alporta.com\/index.php\/wp-json\/wp\/v2\/media?parent=1467"}],"wp:term":[{"taxonomy":"product_brand","embeddable":true,"href":"https:\/\/www.alporta.com\/index.php\/wp-json\/wp\/v2\/product_brand?post=1467"},{"taxonomy":"product_cat","embeddable":true,"href":"https:\/\/www.alporta.com\/index.php\/wp-json\/wp\/v2\/product_cat?post=1467"},{"taxonomy":"product_tag","embeddable":true,"href":"https:\/\/www.alporta.com\/index.php\/wp-json\/wp\/v2\/product_tag?post=1467"}],"curies":[{"name":"wp","href":"https:\/\/api.w.org\/{rel}","templated":true}]}}