{"id":1931,"date":"2022-06-24T11:46:40","date_gmt":"2022-06-24T17:46:40","guid":{"rendered":"https:\/\/www.alporta.com\/?post_type=product&#038;p=1931"},"modified":"2022-06-27T09:53:31","modified_gmt":"2022-06-27T15:53:31","slug":"celebrate-nature","status":"publish","type":"product","link":"https:\/\/www.alporta.com\/index.php\/producto\/celebrate-nature\/","title":{"rendered":"Celebrate nature"},"content":{"rendered":"<pre id=\"tw-target-text\" class=\"tw-data-text tw-text-large tw-ta\" dir=\"ltr\" data-placeholder=\"Traducci\u00f3n\"><span class=\"Y2IQFc\" lang=\"es\">Protecci\u00f3n antimicrobiana Cleantivity\u2122\r\nCleantivity\u2122 inhibe el crecimiento de bacterias en su piso, brindando protecci\u00f3n adicional contra los g\u00e9rmenes cotidianos.\r\n\r\n\r\n100% impermeable\r\nHydroBlok\u2122 tiene un innovador sistema de 3 partes que protege contra da\u00f1os por agua. La protecci\u00f3n contra la humedad de arriba hacia abajo est\u00e1 garantizada por hasta 36 horas.\r\n\r\n\r\nResistente a rayones y abolladuras\r\nHydroBlok\u2122 resiste rayones, manchas y muescas para una vida de belleza. \u00a1Esto lo convierte en la opci\u00f3n perfecta para cualquier habitaci\u00f3n en cualquier nivel de su hogar!\r\n\r\n\r\nApto para ni\u00f1os y mascotas\r\nHydroBlok\u2122 es duradero y resiste \u00e1reas de mucho tr\u00e1fico. Tiene una dureza Janka de 2400-2500 que ayuda a resistir las abolladuras.<\/span><\/pre>\n","protected":false},"excerpt":{"rendered":"<p>Marca: Hartco<\/p>\n<p>Colecci\u00f3n hydroblock<\/p>\n<p>Especie:\u00a0 Encino<\/p>\n<p>Ancho: 16.5cm<\/p>\n<p>Espesor:12.7 mm<\/p>\n<p>Capa Noble:\u00a0 1.5 mm<\/p>\n<p>Largo: 1.27cm\u00a0 80%<\/p>\n<p>acabado: Antimicrobial Urethane<\/p>\n<p>Inhibe el crecimiento de bacterias en su piso, brindando protecci\u00f3n adicional contra los g\u00e9rmenes cotidianos.<\/p>\n<p>100% impermeable<br \/>\nHydroBlok\u2122 tiene un innovador sistema de 3 partes que protege contra da\u00f1os por agua. La protecci\u00f3n contra la humedad de arriba hacia abajo est\u00e1 garantizada por hasta 36 horas.<\/p>\n<p>Resistente a rayones y abolladuras<\/p>\n<p>Apto para ni\u00f1os y mascotas<br \/>\nHydroBlok\u2122 es duradero y resiste \u00e1reas de mucho tr\u00e1fico. Tiene una dureza Janka de 2400-2500 que ayuda a resistir las abolladuras.<\/p>\n","protected":false},"featured_media":1932,"template":"","meta":[],"product_brand":[],"product_cat":[245,246,152],"product_tag":[194,193],"class_list":{"0":"post-1931","1":"product","2":"type-product","3":"status-publish","4":"has-post-thumbnail","6":"product_cat-hartco-pisodemadera-bruce","7":"product_cat-hydroblock-piso-a-prueba-de-agua","8":"product_cat-pisos-de-madera-de-ingenieria-duelas","9":"product_tag-duela","10":"product_tag-piso-de-madera","11":"pif-has-gallery","13":"first","14":"instock","15":"shipping-taxable","16":"product-type-simple"},"yoast_head":"<!-- This site is optimized with the Yoast SEO plugin v27.3 - https:\/\/yoast.com\/product\/yoast-seo-wordpress\/ -->\n<title>Celebrate nature - Alporta - piso de ingenier\u00eda - A prueba de agua<\/title>\n<meta name=\"description\" content=\"El piso HydroBlok\u2122 resiste rayones, manchas y muescas para una vida de belleza. Resiste 36 horas de agua de arriba hacia abajo.\" \/>\n<meta name=\"robots\" content=\"index, follow, max-snippet:-1, max-image-preview:large, max-video-preview:-1\" \/>\n<link rel=\"canonical\" href=\"https:\/\/www.alporta.com\/index.php\/producto\/celebrate-nature\/\" \/>\n<meta property=\"og:locale\" content=\"es_MX\" \/>\n<meta property=\"og:type\" content=\"article\" \/>\n<meta property=\"og:title\" content=\"Celebrate nature - Alporta - piso de ingenier\u00eda - A prueba de agua\" \/>\n<meta property=\"og:description\" content=\"El piso HydroBlok\u2122 resiste rayones, manchas y muescas para una vida de belleza. Resiste 36 horas de agua de arriba hacia abajo.\" \/>\n<meta property=\"og:url\" content=\"https:\/\/www.alporta.com\/index.php\/producto\/celebrate-nature\/\" \/>\n<meta property=\"og:site_name\" content=\"Alporta\" \/>\n<meta property=\"article:publisher\" content=\"https:\/\/www.facebook.com\/Alporta-Pisos-282233195273162\" \/>\n<meta property=\"article:modified_time\" content=\"2022-06-27T15:53:31+00:00\" \/>\n<meta property=\"og:image\" content=\"https:\/\/www.alporta.com\/wp-content\/uploads\/2022\/06\/celebrate-anture.jpg\" \/>\n\t<meta property=\"og:image:width\" content=\"1308\" \/>\n\t<meta property=\"og:image:height\" content=\"872\" \/>\n\t<meta property=\"og:image:type\" content=\"image\/jpeg\" \/>\n<meta name=\"twitter:card\" content=\"summary_large_image\" \/>\n<meta name=\"twitter:label1\" content=\"Tiempo de lectura\" \/>\n\t<meta name=\"twitter:data1\" content=\"1 minuto\" \/>\n<script type=\"application\/ld+json\" class=\"yoast-schema-graph\">{\"@context\":\"https:\\\/\\\/schema.org\",\"@graph\":[{\"@type\":\"WebPage\",\"@id\":\"https:\\\/\\\/www.alporta.com\\\/index.php\\\/producto\\\/celebrate-nature\\\/\",\"url\":\"https:\\\/\\\/www.alporta.com\\\/index.php\\\/producto\\\/celebrate-nature\\\/\",\"name\":\"Celebrate nature - Alporta - piso de ingenier\u00eda - A prueba de agua\",\"isPartOf\":{\"@id\":\"https:\\\/\\\/www.alporta.com\\\/#website\"},\"primaryImageOfPage\":{\"@id\":\"https:\\\/\\\/www.alporta.com\\\/index.php\\\/producto\\\/celebrate-nature\\\/#primaryimage\"},\"image\":{\"@id\":\"https:\\\/\\\/www.alporta.com\\\/index.php\\\/producto\\\/celebrate-nature\\\/#primaryimage\"},\"thumbnailUrl\":\"https:\\\/\\\/www.alporta.com\\\/wp-content\\\/uploads\\\/2022\\\/06\\\/celebrate-anture.jpg\",\"datePublished\":\"2022-06-24T17:46:40+00:00\",\"dateModified\":\"2022-06-27T15:53:31+00:00\",\"description\":\"El piso HydroBlok\u2122 resiste rayones, manchas y muescas para una vida de belleza. Resiste 36 horas de agua de arriba hacia abajo.\",\"breadcrumb\":{\"@id\":\"https:\\\/\\\/www.alporta.com\\\/index.php\\\/producto\\\/celebrate-nature\\\/#breadcrumb\"},\"inLanguage\":\"es\",\"potentialAction\":[{\"@type\":\"ReadAction\",\"target\":[\"https:\\\/\\\/www.alporta.com\\\/index.php\\\/producto\\\/celebrate-nature\\\/\"]}]},{\"@type\":\"ImageObject\",\"inLanguage\":\"es\",\"@id\":\"https:\\\/\\\/www.alporta.com\\\/index.php\\\/producto\\\/celebrate-nature\\\/#primaryimage\",\"url\":\"https:\\\/\\\/www.alporta.com\\\/wp-content\\\/uploads\\\/2022\\\/06\\\/celebrate-anture.jpg\",\"contentUrl\":\"https:\\\/\\\/www.alporta.com\\\/wp-content\\\/uploads\\\/2022\\\/06\\\/celebrate-anture.jpg\",\"width\":1308,\"height\":872},{\"@type\":\"BreadcrumbList\",\"@id\":\"https:\\\/\\\/www.alporta.com\\\/index.php\\\/producto\\\/celebrate-nature\\\/#breadcrumb\",\"itemListElement\":[{\"@type\":\"ListItem\",\"position\":1,\"name\":\"Inicio\",\"item\":\"https:\\\/\\\/www.alporta.com\\\/\"},{\"@type\":\"ListItem\",\"position\":2,\"name\":\"PRODUCTOS\",\"item\":\"https:\\\/\\\/www.alporta.com\\\/index.php\\\/productos\\\/\"},{\"@type\":\"ListItem\",\"position\":3,\"name\":\"Celebrate nature\"}]},{\"@type\":\"WebSite\",\"@id\":\"https:\\\/\\\/www.alporta.com\\\/#website\",\"url\":\"https:\\\/\\\/www.alporta.com\\\/\",\"name\":\"Alporta\",\"description\":\"Le damos piso a tus ideas\",\"publisher\":{\"@id\":\"https:\\\/\\\/www.alporta.com\\\/#organization\"},\"potentialAction\":[{\"@type\":\"SearchAction\",\"target\":{\"@type\":\"EntryPoint\",\"urlTemplate\":\"https:\\\/\\\/www.alporta.com\\\/?s={search_term_string}\"},\"query-input\":{\"@type\":\"PropertyValueSpecification\",\"valueRequired\":true,\"valueName\":\"search_term_string\"}}],\"inLanguage\":\"es\"},{\"@type\":\"Organization\",\"@id\":\"https:\\\/\\\/www.alporta.com\\\/#organization\",\"name\":\"Alporta\",\"url\":\"https:\\\/\\\/www.alporta.com\\\/\",\"logo\":{\"@type\":\"ImageObject\",\"inLanguage\":\"es\",\"@id\":\"https:\\\/\\\/www.alporta.com\\\/#\\\/schema\\\/logo\\\/image\\\/\",\"url\":\"https:\\\/\\\/www.alporta.com\\\/wp-content\\\/uploads\\\/2022\\\/06\\\/img151-e1655759068479.jpg\",\"contentUrl\":\"https:\\\/\\\/www.alporta.com\\\/wp-content\\\/uploads\\\/2022\\\/06\\\/img151-e1655759068479.jpg\",\"width\":383,\"height\":160,\"caption\":\"Alporta\"},\"image\":{\"@id\":\"https:\\\/\\\/www.alporta.com\\\/#\\\/schema\\\/logo\\\/image\\\/\"},\"sameAs\":[\"https:\\\/\\\/www.facebook.com\\\/Alporta-Pisos-282233195273162\",\"https:\\\/\\\/www.instagram.com\\\/alporta_pisos\\\/\"]}]}<\/script>\n<!-- \/ Yoast SEO plugin. -->","yoast_head_json":{"title":"Celebrate nature - Alporta - piso de ingenier\u00eda - A prueba de agua","description":"El piso HydroBlok\u2122 resiste rayones, manchas y muescas para una vida de belleza. Resiste 36 horas de agua de arriba hacia abajo.","robots":{"index":"index","follow":"follow","max-snippet":"max-snippet:-1","max-image-preview":"max-image-preview:large","max-video-preview":"max-video-preview:-1"},"canonical":"https:\/\/www.alporta.com\/index.php\/producto\/celebrate-nature\/","og_locale":"es_MX","og_type":"article","og_title":"Celebrate nature - Alporta - piso de ingenier\u00eda - A prueba de agua","og_description":"El piso HydroBlok\u2122 resiste rayones, manchas y muescas para una vida de belleza. Resiste 36 horas de agua de arriba hacia abajo.","og_url":"https:\/\/www.alporta.com\/index.php\/producto\/celebrate-nature\/","og_site_name":"Alporta","article_publisher":"https:\/\/www.facebook.com\/Alporta-Pisos-282233195273162","article_modified_time":"2022-06-27T15:53:31+00:00","og_image":[{"width":1308,"height":872,"url":"https:\/\/www.alporta.com\/wp-content\/uploads\/2022\/06\/celebrate-anture.jpg","type":"image\/jpeg"}],"twitter_card":"summary_large_image","twitter_misc":{"Tiempo de lectura":"1 minuto"},"schema":{"@context":"https:\/\/schema.org","@graph":[{"@type":"WebPage","@id":"https:\/\/www.alporta.com\/index.php\/producto\/celebrate-nature\/","url":"https:\/\/www.alporta.com\/index.php\/producto\/celebrate-nature\/","name":"Celebrate nature - Alporta - piso de ingenier\u00eda - A prueba de agua","isPartOf":{"@id":"https:\/\/www.alporta.com\/#website"},"primaryImageOfPage":{"@id":"https:\/\/www.alporta.com\/index.php\/producto\/celebrate-nature\/#primaryimage"},"image":{"@id":"https:\/\/www.alporta.com\/index.php\/producto\/celebrate-nature\/#primaryimage"},"thumbnailUrl":"https:\/\/www.alporta.com\/wp-content\/uploads\/2022\/06\/celebrate-anture.jpg","datePublished":"2022-06-24T17:46:40+00:00","dateModified":"2022-06-27T15:53:31+00:00","description":"El piso HydroBlok\u2122 resiste rayones, manchas y muescas para una vida de belleza. Resiste 36 horas de agua de arriba hacia abajo.","breadcrumb":{"@id":"https:\/\/www.alporta.com\/index.php\/producto\/celebrate-nature\/#breadcrumb"},"inLanguage":"es","potentialAction":[{"@type":"ReadAction","target":["https:\/\/www.alporta.com\/index.php\/producto\/celebrate-nature\/"]}]},{"@type":"ImageObject","inLanguage":"es","@id":"https:\/\/www.alporta.com\/index.php\/producto\/celebrate-nature\/#primaryimage","url":"https:\/\/www.alporta.com\/wp-content\/uploads\/2022\/06\/celebrate-anture.jpg","contentUrl":"https:\/\/www.alporta.com\/wp-content\/uploads\/2022\/06\/celebrate-anture.jpg","width":1308,"height":872},{"@type":"BreadcrumbList","@id":"https:\/\/www.alporta.com\/index.php\/producto\/celebrate-nature\/#breadcrumb","itemListElement":[{"@type":"ListItem","position":1,"name":"Inicio","item":"https:\/\/www.alporta.com\/"},{"@type":"ListItem","position":2,"name":"PRODUCTOS","item":"https:\/\/www.alporta.com\/index.php\/productos\/"},{"@type":"ListItem","position":3,"name":"Celebrate nature"}]},{"@type":"WebSite","@id":"https:\/\/www.alporta.com\/#website","url":"https:\/\/www.alporta.com\/","name":"Alporta","description":"Le damos piso a tus ideas","publisher":{"@id":"https:\/\/www.alporta.com\/#organization"},"potentialAction":[{"@type":"SearchAction","target":{"@type":"EntryPoint","urlTemplate":"https:\/\/www.alporta.com\/?s={search_term_string}"},"query-input":{"@type":"PropertyValueSpecification","valueRequired":true,"valueName":"search_term_string"}}],"inLanguage":"es"},{"@type":"Organization","@id":"https:\/\/www.alporta.com\/#organization","name":"Alporta","url":"https:\/\/www.alporta.com\/","logo":{"@type":"ImageObject","inLanguage":"es","@id":"https:\/\/www.alporta.com\/#\/schema\/logo\/image\/","url":"https:\/\/www.alporta.com\/wp-content\/uploads\/2022\/06\/img151-e1655759068479.jpg","contentUrl":"https:\/\/www.alporta.com\/wp-content\/uploads\/2022\/06\/img151-e1655759068479.jpg","width":383,"height":160,"caption":"Alporta"},"image":{"@id":"https:\/\/www.alporta.com\/#\/schema\/logo\/image\/"},"sameAs":["https:\/\/www.facebook.com\/Alporta-Pisos-282233195273162","https:\/\/www.instagram.com\/alporta_pisos\/"]}]}},"_links":{"self":[{"href":"https:\/\/www.alporta.com\/index.php\/wp-json\/wp\/v2\/product\/1931","targetHints":{"allow":["GET"]}}],"collection":[{"href":"https:\/\/www.alporta.com\/index.php\/wp-json\/wp\/v2\/product"}],"about":[{"href":"https:\/\/www.alporta.com\/index.php\/wp-json\/wp\/v2\/types\/product"}],"wp:featuredmedia":[{"embeddable":true,"href":"https:\/\/www.alporta.com\/index.php\/wp-json\/wp\/v2\/media\/1932"}],"wp:attachment":[{"href":"https:\/\/www.alporta.com\/index.php\/wp-json\/wp\/v2\/media?parent=1931"}],"wp:term":[{"taxonomy":"product_brand","embeddable":true,"href":"https:\/\/www.alporta.com\/index.php\/wp-json\/wp\/v2\/product_brand?post=1931"},{"taxonomy":"product_cat","embeddable":true,"href":"https:\/\/www.alporta.com\/index.php\/wp-json\/wp\/v2\/product_cat?post=1931"},{"taxonomy":"product_tag","embeddable":true,"href":"https:\/\/www.alporta.com\/index.php\/wp-json\/wp\/v2\/product_tag?post=1931"}],"curies":[{"name":"wp","href":"https:\/\/api.w.org\/{rel}","templated":true}]}}