{"id":2292,"date":"2022-06-30T15:22:10","date_gmt":"2022-06-30T21:22:10","guid":{"rendered":"https:\/\/www.alporta.com\/?post_type=product&#038;p=2292"},"modified":"2023-11-06T10:55:03","modified_gmt":"2023-11-06T16:55:03","slug":"viga-uh55-ntw","status":"publish","type":"product","link":"https:\/\/www.alporta.com\/index.php\/producto\/viga-uh55-ntw\/","title":{"rendered":"Viga UH55 NTW"},"content":{"rendered":"<ul>\n<li><strong>Libre de Mantenimiento<\/strong>\n<ul>\n<li>La superficie de larga duraci\u00f3n, con tecnolog\u00eda UltraShield\u2122, permite que usted no tenga que preocuparse por el mantenimiento y para conservar su bella apariencia, s\u00f3lo tiene que aplicar, regularmente, un f\u00e1cil proceso de limpieza.Nuestra cubierta no se astilla, ni se raspa; es ideal para que usted y sus ni\u00f1os puedan disfrutarla, caminando descalzos sobre ella.<\/li>\n<\/ul>\n<\/li>\n<li><strong>Mayor Resistencia<\/strong>\n<ul>\n<li>Las cubiertas con UltraShield\u2122 ofrecen la m\u00e1xima protecci\u00f3n contra los rayos UV, para que usted pueda disfrutar permanentemente de la belleza de sus colores, sin preocuparse por la decoloraci\u00f3n. De igual forma, resisten cualquier otro tipo de condici\u00f3n clim\u00e1tica.<\/li>\n<\/ul>\n<\/li>\n<li><strong>25 A\u00f1os de Garant\u00eda<\/strong>\n<ul>\n<li>Ofrecemos la garant\u00eda m\u00e1s completa en decks compuestos para exteriores, estamos convencidos de la calidad y desempe\u00f1o que ofrecen nuestros productos.<\/li>\n<\/ul>\n<\/li>\n<li><strong>Apariencia m\u00e1s natural<\/strong>\n<ul>\n<li>Despu\u00e9s de probar durante varios meses con distintos terminados, la tecnolog\u00eda UltraShield\u2122 logr\u00f3 capturar las texturas de maderas de diferentes \u00e1rboles en el mundo, para construir el espacio m\u00e1s distinguido y con la apariencia m\u00e1s realista del mercado.<\/li>\n<\/ul>\n<\/li>\n<li><strong>Extensa variedad de colores<\/strong>\n<ul>\n<li>Desde tonalidades claras hasta las m\u00e1s llamativas, la colecci\u00f3n Naturale\u2122 de UltraShield\u2122 de m\u00faltiples colores y texturas le dan una amplia gama de opciones.<\/li>\n<\/ul>\n<\/li>\n<\/ul>\n","protected":false},"excerpt":{"rendered":"<p>LARGO (cms): 300<br \/>\nANCHO (cms): 5.6<br \/>\nGROSOR (cms): 3.5<br \/>\nACABADO: LISO (H1)<br \/>\nCOLORES DE L\u00cdNEA:<\/p>\n[gallery columns=\"9\" link=\"none\" ids=\"2755,2756\"]\n","protected":false},"featured_media":2296,"template":"","meta":[],"product_brand":[],"product_cat":[165,173,169,305],"product_tag":[264,263,262,261],"class_list":{"0":"post-2292","1":"product","2":"type-product","3":"status-publish","4":"has-post-thumbnail","6":"product_cat-fachadas","7":"product_cat-panelnewtechwood","8":"product_cat-pergolas","9":"product_cat-vigas","10":"product_tag-ntw","11":"product_tag-pergolados","12":"product_tag-perolas","13":"product_tag-vigas","14":"pif-has-gallery","16":"first","17":"instock","18":"shipping-taxable","19":"product-type-simple"},"yoast_head":"<!-- This site is optimized with the Yoast SEO plugin v27.3 - https:\/\/yoast.com\/product\/yoast-seo-wordpress\/ -->\n<title>Viga UH55 NTW - Alporta<\/title>\n<meta name=\"description\" content=\"Viga sint\u00e9tica newtechwood, no requiere mantenimiento, perfecta para pergolas, fachadas, techos, 25 a\u00f1os de garant\u00eda.\" \/>\n<meta name=\"robots\" content=\"index, follow, max-snippet:-1, max-image-preview:large, max-video-preview:-1\" \/>\n<link rel=\"canonical\" href=\"https:\/\/www.alporta.com\/index.php\/producto\/viga-uh55-ntw\/\" \/>\n<meta property=\"og:locale\" content=\"es_MX\" \/>\n<meta property=\"og:type\" content=\"article\" \/>\n<meta property=\"og:title\" content=\"Viga UH55 NTW - Alporta\" \/>\n<meta property=\"og:description\" content=\"Viga sint\u00e9tica newtechwood, no requiere mantenimiento, perfecta para pergolas, fachadas, techos, 25 a\u00f1os de garant\u00eda.\" \/>\n<meta property=\"og:url\" content=\"https:\/\/www.alporta.com\/index.php\/producto\/viga-uh55-ntw\/\" \/>\n<meta property=\"og:site_name\" content=\"Alporta\" \/>\n<meta property=\"article:publisher\" content=\"https:\/\/www.facebook.com\/Alporta-Pisos-282233195273162\" \/>\n<meta property=\"article:modified_time\" content=\"2023-11-06T16:55:03+00:00\" \/>\n<meta property=\"og:image\" content=\"https:\/\/www.alporta.com\/wp-content\/uploads\/2022\/06\/uh55-1.png\" \/>\n\t<meta property=\"og:image:width\" content=\"408\" \/>\n\t<meta property=\"og:image:height\" content=\"393\" \/>\n\t<meta property=\"og:image:type\" content=\"image\/png\" \/>\n<meta name=\"twitter:card\" content=\"summary_large_image\" \/>\n<meta name=\"twitter:label1\" content=\"Tiempo de lectura\" \/>\n\t<meta name=\"twitter:data1\" content=\"1 minuto\" \/>\n<script type=\"application\/ld+json\" class=\"yoast-schema-graph\">{\"@context\":\"https:\\\/\\\/schema.org\",\"@graph\":[{\"@type\":\"WebPage\",\"@id\":\"https:\\\/\\\/www.alporta.com\\\/index.php\\\/producto\\\/viga-uh55-ntw\\\/\",\"url\":\"https:\\\/\\\/www.alporta.com\\\/index.php\\\/producto\\\/viga-uh55-ntw\\\/\",\"name\":\"Viga UH55 NTW - Alporta\",\"isPartOf\":{\"@id\":\"https:\\\/\\\/www.alporta.com\\\/#website\"},\"primaryImageOfPage\":{\"@id\":\"https:\\\/\\\/www.alporta.com\\\/index.php\\\/producto\\\/viga-uh55-ntw\\\/#primaryimage\"},\"image\":{\"@id\":\"https:\\\/\\\/www.alporta.com\\\/index.php\\\/producto\\\/viga-uh55-ntw\\\/#primaryimage\"},\"thumbnailUrl\":\"https:\\\/\\\/www.alporta.com\\\/wp-content\\\/uploads\\\/2022\\\/06\\\/uh55-1.png\",\"datePublished\":\"2022-06-30T21:22:10+00:00\",\"dateModified\":\"2023-11-06T16:55:03+00:00\",\"description\":\"Viga sint\u00e9tica newtechwood, no requiere mantenimiento, perfecta para pergolas, fachadas, techos, 25 a\u00f1os de garant\u00eda.\",\"breadcrumb\":{\"@id\":\"https:\\\/\\\/www.alporta.com\\\/index.php\\\/producto\\\/viga-uh55-ntw\\\/#breadcrumb\"},\"inLanguage\":\"es\",\"potentialAction\":[{\"@type\":\"ReadAction\",\"target\":[\"https:\\\/\\\/www.alporta.com\\\/index.php\\\/producto\\\/viga-uh55-ntw\\\/\"]}]},{\"@type\":\"ImageObject\",\"inLanguage\":\"es\",\"@id\":\"https:\\\/\\\/www.alporta.com\\\/index.php\\\/producto\\\/viga-uh55-ntw\\\/#primaryimage\",\"url\":\"https:\\\/\\\/www.alporta.com\\\/wp-content\\\/uploads\\\/2022\\\/06\\\/uh55-1.png\",\"contentUrl\":\"https:\\\/\\\/www.alporta.com\\\/wp-content\\\/uploads\\\/2022\\\/06\\\/uh55-1.png\",\"width\":408,\"height\":393},{\"@type\":\"BreadcrumbList\",\"@id\":\"https:\\\/\\\/www.alporta.com\\\/index.php\\\/producto\\\/viga-uh55-ntw\\\/#breadcrumb\",\"itemListElement\":[{\"@type\":\"ListItem\",\"position\":1,\"name\":\"Inicio\",\"item\":\"https:\\\/\\\/www.alporta.com\\\/\"},{\"@type\":\"ListItem\",\"position\":2,\"name\":\"PRODUCTOS\",\"item\":\"https:\\\/\\\/www.alporta.com\\\/index.php\\\/productos\\\/\"},{\"@type\":\"ListItem\",\"position\":3,\"name\":\"Viga UH55 NTW\"}]},{\"@type\":\"WebSite\",\"@id\":\"https:\\\/\\\/www.alporta.com\\\/#website\",\"url\":\"https:\\\/\\\/www.alporta.com\\\/\",\"name\":\"Alporta\",\"description\":\"Le damos piso a tus ideas\",\"publisher\":{\"@id\":\"https:\\\/\\\/www.alporta.com\\\/#organization\"},\"potentialAction\":[{\"@type\":\"SearchAction\",\"target\":{\"@type\":\"EntryPoint\",\"urlTemplate\":\"https:\\\/\\\/www.alporta.com\\\/?s={search_term_string}\"},\"query-input\":{\"@type\":\"PropertyValueSpecification\",\"valueRequired\":true,\"valueName\":\"search_term_string\"}}],\"inLanguage\":\"es\"},{\"@type\":\"Organization\",\"@id\":\"https:\\\/\\\/www.alporta.com\\\/#organization\",\"name\":\"Alporta\",\"url\":\"https:\\\/\\\/www.alporta.com\\\/\",\"logo\":{\"@type\":\"ImageObject\",\"inLanguage\":\"es\",\"@id\":\"https:\\\/\\\/www.alporta.com\\\/#\\\/schema\\\/logo\\\/image\\\/\",\"url\":\"https:\\\/\\\/www.alporta.com\\\/wp-content\\\/uploads\\\/2022\\\/06\\\/img151-e1655759068479.jpg\",\"contentUrl\":\"https:\\\/\\\/www.alporta.com\\\/wp-content\\\/uploads\\\/2022\\\/06\\\/img151-e1655759068479.jpg\",\"width\":383,\"height\":160,\"caption\":\"Alporta\"},\"image\":{\"@id\":\"https:\\\/\\\/www.alporta.com\\\/#\\\/schema\\\/logo\\\/image\\\/\"},\"sameAs\":[\"https:\\\/\\\/www.facebook.com\\\/Alporta-Pisos-282233195273162\",\"https:\\\/\\\/www.instagram.com\\\/alporta_pisos\\\/\"]}]}<\/script>\n<!-- \/ Yoast SEO plugin. -->","yoast_head_json":{"title":"Viga UH55 NTW - Alporta","description":"Viga sint\u00e9tica newtechwood, no requiere mantenimiento, perfecta para pergolas, fachadas, techos, 25 a\u00f1os de garant\u00eda.","robots":{"index":"index","follow":"follow","max-snippet":"max-snippet:-1","max-image-preview":"max-image-preview:large","max-video-preview":"max-video-preview:-1"},"canonical":"https:\/\/www.alporta.com\/index.php\/producto\/viga-uh55-ntw\/","og_locale":"es_MX","og_type":"article","og_title":"Viga UH55 NTW - Alporta","og_description":"Viga sint\u00e9tica newtechwood, no requiere mantenimiento, perfecta para pergolas, fachadas, techos, 25 a\u00f1os de garant\u00eda.","og_url":"https:\/\/www.alporta.com\/index.php\/producto\/viga-uh55-ntw\/","og_site_name":"Alporta","article_publisher":"https:\/\/www.facebook.com\/Alporta-Pisos-282233195273162","article_modified_time":"2023-11-06T16:55:03+00:00","og_image":[{"width":408,"height":393,"url":"https:\/\/www.alporta.com\/wp-content\/uploads\/2022\/06\/uh55-1.png","type":"image\/png"}],"twitter_card":"summary_large_image","twitter_misc":{"Tiempo de lectura":"1 minuto"},"schema":{"@context":"https:\/\/schema.org","@graph":[{"@type":"WebPage","@id":"https:\/\/www.alporta.com\/index.php\/producto\/viga-uh55-ntw\/","url":"https:\/\/www.alporta.com\/index.php\/producto\/viga-uh55-ntw\/","name":"Viga UH55 NTW - Alporta","isPartOf":{"@id":"https:\/\/www.alporta.com\/#website"},"primaryImageOfPage":{"@id":"https:\/\/www.alporta.com\/index.php\/producto\/viga-uh55-ntw\/#primaryimage"},"image":{"@id":"https:\/\/www.alporta.com\/index.php\/producto\/viga-uh55-ntw\/#primaryimage"},"thumbnailUrl":"https:\/\/www.alporta.com\/wp-content\/uploads\/2022\/06\/uh55-1.png","datePublished":"2022-06-30T21:22:10+00:00","dateModified":"2023-11-06T16:55:03+00:00","description":"Viga sint\u00e9tica newtechwood, no requiere mantenimiento, perfecta para pergolas, fachadas, techos, 25 a\u00f1os de garant\u00eda.","breadcrumb":{"@id":"https:\/\/www.alporta.com\/index.php\/producto\/viga-uh55-ntw\/#breadcrumb"},"inLanguage":"es","potentialAction":[{"@type":"ReadAction","target":["https:\/\/www.alporta.com\/index.php\/producto\/viga-uh55-ntw\/"]}]},{"@type":"ImageObject","inLanguage":"es","@id":"https:\/\/www.alporta.com\/index.php\/producto\/viga-uh55-ntw\/#primaryimage","url":"https:\/\/www.alporta.com\/wp-content\/uploads\/2022\/06\/uh55-1.png","contentUrl":"https:\/\/www.alporta.com\/wp-content\/uploads\/2022\/06\/uh55-1.png","width":408,"height":393},{"@type":"BreadcrumbList","@id":"https:\/\/www.alporta.com\/index.php\/producto\/viga-uh55-ntw\/#breadcrumb","itemListElement":[{"@type":"ListItem","position":1,"name":"Inicio","item":"https:\/\/www.alporta.com\/"},{"@type":"ListItem","position":2,"name":"PRODUCTOS","item":"https:\/\/www.alporta.com\/index.php\/productos\/"},{"@type":"ListItem","position":3,"name":"Viga UH55 NTW"}]},{"@type":"WebSite","@id":"https:\/\/www.alporta.com\/#website","url":"https:\/\/www.alporta.com\/","name":"Alporta","description":"Le damos piso a tus ideas","publisher":{"@id":"https:\/\/www.alporta.com\/#organization"},"potentialAction":[{"@type":"SearchAction","target":{"@type":"EntryPoint","urlTemplate":"https:\/\/www.alporta.com\/?s={search_term_string}"},"query-input":{"@type":"PropertyValueSpecification","valueRequired":true,"valueName":"search_term_string"}}],"inLanguage":"es"},{"@type":"Organization","@id":"https:\/\/www.alporta.com\/#organization","name":"Alporta","url":"https:\/\/www.alporta.com\/","logo":{"@type":"ImageObject","inLanguage":"es","@id":"https:\/\/www.alporta.com\/#\/schema\/logo\/image\/","url":"https:\/\/www.alporta.com\/wp-content\/uploads\/2022\/06\/img151-e1655759068479.jpg","contentUrl":"https:\/\/www.alporta.com\/wp-content\/uploads\/2022\/06\/img151-e1655759068479.jpg","width":383,"height":160,"caption":"Alporta"},"image":{"@id":"https:\/\/www.alporta.com\/#\/schema\/logo\/image\/"},"sameAs":["https:\/\/www.facebook.com\/Alporta-Pisos-282233195273162","https:\/\/www.instagram.com\/alporta_pisos\/"]}]}},"_links":{"self":[{"href":"https:\/\/www.alporta.com\/index.php\/wp-json\/wp\/v2\/product\/2292","targetHints":{"allow":["GET"]}}],"collection":[{"href":"https:\/\/www.alporta.com\/index.php\/wp-json\/wp\/v2\/product"}],"about":[{"href":"https:\/\/www.alporta.com\/index.php\/wp-json\/wp\/v2\/types\/product"}],"wp:featuredmedia":[{"embeddable":true,"href":"https:\/\/www.alporta.com\/index.php\/wp-json\/wp\/v2\/media\/2296"}],"wp:attachment":[{"href":"https:\/\/www.alporta.com\/index.php\/wp-json\/wp\/v2\/media?parent=2292"}],"wp:term":[{"taxonomy":"product_brand","embeddable":true,"href":"https:\/\/www.alporta.com\/index.php\/wp-json\/wp\/v2\/product_brand?post=2292"},{"taxonomy":"product_cat","embeddable":true,"href":"https:\/\/www.alporta.com\/index.php\/wp-json\/wp\/v2\/product_cat?post=2292"},{"taxonomy":"product_tag","embeddable":true,"href":"https:\/\/www.alporta.com\/index.php\/wp-json\/wp\/v2\/product_tag?post=2292"}],"curies":[{"name":"wp","href":"https:\/\/api.w.org\/{rel}","templated":true}]}}