{"id":2354,"date":"2022-07-21T08:02:46","date_gmt":"2022-07-21T14:02:46","guid":{"rendered":"https:\/\/www.alporta.com\/?post_type=product&#038;p=2354"},"modified":"2023-05-10T08:50:10","modified_gmt":"2023-05-10T14:50:10","slug":"uh02-red-cedar","status":"publish","type":"product","link":"https:\/\/www.alporta.com\/index.php\/producto\/uh02-red-cedar\/","title":{"rendered":"UH02 chestnut NTW"},"content":{"rendered":"","protected":false},"excerpt":{"rendered":"<div class=\"woocommerce-product-details__short-description\">\n<p>Tabla compuesta de 95% de materiales reciclado de polietileno y fibras de madera. Interior hueco redondo con canales laterales para instalaci\u00f3n, patr\u00f3n de vetas H1 \/ H6 naturale.<\/p>\n<p>Producto de proceso de eco-extrusi\u00f3n, HDPE utilizando tecnolog\u00eda probada de UltraShield, que encapsula el material de n\u00facleo con una capa polimulticrom\u00e1tica para protegerla de la intemperie. Instalaci\u00f3n sobre bastidores de madera tratada, PTR, aluminio o zintro galvanizado de 1 \u00bd\u201d x2\u201d con separaci\u00f3n m\u00e1xima de 40 cm de centro a centro de bastidor sujeci\u00f3n de tablas con clip TC-2, para permitir la contracci\u00f3n y expansi\u00f3n de las tablas.<\/p>\n<p>Limpie con agua, jab\u00f3n, escobas de cerdas de platico suaves y trapeador limpio que no se haya utilizado con ning\u00fan otro producto de limpieza. Siempre cubra el producto con una lona o cart\u00f3n cuando realice trabajos de alba\u00f1iler\u00eda.<\/p>\n<p>Uso en terrazas, zonas de regaderas, patios, escaleras y bancas.<\/p>\n<p><strong>Contenido:<\/strong><\/p>\n<ul>\n<li>50-60% Fibra de madera<\/li>\n<li>45-955% Polietileno<\/li>\n<\/ul>\n<p><strong>Resistente:<\/strong><\/p>\n<ul>\n<li>131\u00baC aprox punto de fusi\u00f3n<\/li>\n<li>12% por peso absorci\u00f3n de agua<\/li>\n<\/ul>\n<p><strong>Medidas:<\/strong><\/p>\n<ul>\n<li>Ancho: 13.8 cm<\/li>\n<li>Espesor: 2.25 cm<\/li>\n<li>Largo: 244 cm<\/li>\n<\/ul>\n<p><strong>Flexibilidad:<\/strong><\/p>\n<ul>\n<li>Prueba: ASTMD 6109-10<\/li>\n<li>Carga: 5345.8 N<\/li>\n<li>Resultado: (MOR) Mpa 25.6<\/li>\n<\/ul>\n<p><strong>Resistencia a la tracci\u00f3n:<\/strong><\/p>\n<ul>\n<li>Prueba: EN 319-1993<\/li>\n<li>Carga: 5208 N<\/li>\n<li>Resultado: M\u00e1s de 2.08 Mpa.<\/li>\n<\/ul>\n<p><strong>Resistencia a ralladuras:<\/strong><\/p>\n<ul>\n<li>Prueba: ISO 04586-2:2004<\/li>\n<li>Resultado: Tipo 2 \u2013 D\u00e9biles marcas superficiales con fuerza de 1N.<\/li>\n<\/ul>\n<p>&nbsp;<\/p>\n<\/div>\n","protected":false},"featured_media":2356,"template":"","meta":[],"product_brand":[],"product_cat":[154,102],"product_tag":[187,249,189,270,264,188,191],"class_list":{"0":"post-2354","1":"product","2":"type-product","3":"status-publish","4":"has-post-thumbnail","6":"product_cat-decks","7":"product_cat-decknewtechwood","8":"product_tag-deck","9":"product_tag-deck-sintetico","10":"product_tag-madera-sintetica","11":"product_tag-newtechwood","12":"product_tag-ntw","13":"product_tag-pvc","14":"product_tag-wpc","15":"pif-has-gallery","17":"first","18":"instock","19":"shipping-taxable","20":"product-type-simple"},"yoast_head":"<!-- This site is optimized with the Yoast SEO plugin v27.4 - https:\/\/yoast.com\/product\/yoast-seo-wordpress\/ -->\n<title>UH02 chestnut NTW - Alporta<\/title>\n<meta name=\"description\" content=\"Deck sint\u00e9tico ntw 25 a\u00f1os de garant\u00eda, no necesita mantenimeinto, uso en piso, muros y techos, acabado madera.\" \/>\n<meta name=\"robots\" content=\"index, follow, max-snippet:-1, max-image-preview:large, max-video-preview:-1\" \/>\n<link rel=\"canonical\" href=\"https:\/\/www.alporta.com\/index.php\/producto\/uh02-red-cedar\/\" \/>\n<meta property=\"og:locale\" content=\"es_MX\" \/>\n<meta property=\"og:type\" content=\"article\" \/>\n<meta property=\"og:title\" content=\"UH02 chestnut NTW - Alporta\" \/>\n<meta property=\"og:description\" content=\"Deck sint\u00e9tico ntw 25 a\u00f1os de garant\u00eda, no necesita mantenimeinto, uso en piso, muros y techos, acabado madera.\" \/>\n<meta property=\"og:url\" content=\"https:\/\/www.alporta.com\/index.php\/producto\/uh02-red-cedar\/\" \/>\n<meta property=\"og:site_name\" content=\"Alporta\" \/>\n<meta property=\"article:publisher\" content=\"https:\/\/www.facebook.com\/Alporta-Pisos-282233195273162\" \/>\n<meta property=\"article:modified_time\" content=\"2023-05-10T14:50:10+00:00\" \/>\n<meta property=\"og:image\" content=\"https:\/\/www.alporta.com\/wp-content\/uploads\/2022\/07\/d_big1005-e1683730012135.jpg\" \/>\n\t<meta property=\"og:image:width\" content=\"400\" \/>\n\t<meta property=\"og:image:height\" content=\"402\" \/>\n\t<meta property=\"og:image:type\" content=\"image\/jpeg\" \/>\n<meta name=\"twitter:card\" content=\"summary_large_image\" \/>\n<script type=\"application\/ld+json\" class=\"yoast-schema-graph\">{\"@context\":\"https:\\\/\\\/schema.org\",\"@graph\":[{\"@type\":\"WebPage\",\"@id\":\"https:\\\/\\\/www.alporta.com\\\/index.php\\\/producto\\\/uh02-red-cedar\\\/\",\"url\":\"https:\\\/\\\/www.alporta.com\\\/index.php\\\/producto\\\/uh02-red-cedar\\\/\",\"name\":\"UH02 chestnut NTW - Alporta\",\"isPartOf\":{\"@id\":\"https:\\\/\\\/www.alporta.com\\\/#website\"},\"primaryImageOfPage\":{\"@id\":\"https:\\\/\\\/www.alporta.com\\\/index.php\\\/producto\\\/uh02-red-cedar\\\/#primaryimage\"},\"image\":{\"@id\":\"https:\\\/\\\/www.alporta.com\\\/index.php\\\/producto\\\/uh02-red-cedar\\\/#primaryimage\"},\"thumbnailUrl\":\"https:\\\/\\\/www.alporta.com\\\/wp-content\\\/uploads\\\/2022\\\/07\\\/d_big1005-e1683730012135.jpg\",\"datePublished\":\"2022-07-21T14:02:46+00:00\",\"dateModified\":\"2023-05-10T14:50:10+00:00\",\"description\":\"Deck sint\u00e9tico ntw 25 a\u00f1os de garant\u00eda, no necesita mantenimeinto, uso en piso, muros y techos, acabado madera.\",\"breadcrumb\":{\"@id\":\"https:\\\/\\\/www.alporta.com\\\/index.php\\\/producto\\\/uh02-red-cedar\\\/#breadcrumb\"},\"inLanguage\":\"es\",\"potentialAction\":[{\"@type\":\"ReadAction\",\"target\":[\"https:\\\/\\\/www.alporta.com\\\/index.php\\\/producto\\\/uh02-red-cedar\\\/\"]}]},{\"@type\":\"ImageObject\",\"inLanguage\":\"es\",\"@id\":\"https:\\\/\\\/www.alporta.com\\\/index.php\\\/producto\\\/uh02-red-cedar\\\/#primaryimage\",\"url\":\"https:\\\/\\\/www.alporta.com\\\/wp-content\\\/uploads\\\/2022\\\/07\\\/d_big1005-e1683730012135.jpg\",\"contentUrl\":\"https:\\\/\\\/www.alporta.com\\\/wp-content\\\/uploads\\\/2022\\\/07\\\/d_big1005-e1683730012135.jpg\",\"width\":400,\"height\":402},{\"@type\":\"BreadcrumbList\",\"@id\":\"https:\\\/\\\/www.alporta.com\\\/index.php\\\/producto\\\/uh02-red-cedar\\\/#breadcrumb\",\"itemListElement\":[{\"@type\":\"ListItem\",\"position\":1,\"name\":\"Inicio\",\"item\":\"https:\\\/\\\/www.alporta.com\\\/\"},{\"@type\":\"ListItem\",\"position\":2,\"name\":\"PRODUCTOS\",\"item\":\"https:\\\/\\\/www.alporta.com\\\/index.php\\\/productos\\\/\"},{\"@type\":\"ListItem\",\"position\":3,\"name\":\"UH02 chestnut NTW\"}]},{\"@type\":\"WebSite\",\"@id\":\"https:\\\/\\\/www.alporta.com\\\/#website\",\"url\":\"https:\\\/\\\/www.alporta.com\\\/\",\"name\":\"Alporta\",\"description\":\"Le damos piso a tus ideas\",\"publisher\":{\"@id\":\"https:\\\/\\\/www.alporta.com\\\/#organization\"},\"potentialAction\":[{\"@type\":\"SearchAction\",\"target\":{\"@type\":\"EntryPoint\",\"urlTemplate\":\"https:\\\/\\\/www.alporta.com\\\/?s={search_term_string}\"},\"query-input\":{\"@type\":\"PropertyValueSpecification\",\"valueRequired\":true,\"valueName\":\"search_term_string\"}}],\"inLanguage\":\"es\"},{\"@type\":\"Organization\",\"@id\":\"https:\\\/\\\/www.alporta.com\\\/#organization\",\"name\":\"Alporta\",\"url\":\"https:\\\/\\\/www.alporta.com\\\/\",\"logo\":{\"@type\":\"ImageObject\",\"inLanguage\":\"es\",\"@id\":\"https:\\\/\\\/www.alporta.com\\\/#\\\/schema\\\/logo\\\/image\\\/\",\"url\":\"https:\\\/\\\/www.alporta.com\\\/wp-content\\\/uploads\\\/2022\\\/06\\\/img151-e1655759068479.jpg\",\"contentUrl\":\"https:\\\/\\\/www.alporta.com\\\/wp-content\\\/uploads\\\/2022\\\/06\\\/img151-e1655759068479.jpg\",\"width\":383,\"height\":160,\"caption\":\"Alporta\"},\"image\":{\"@id\":\"https:\\\/\\\/www.alporta.com\\\/#\\\/schema\\\/logo\\\/image\\\/\"},\"sameAs\":[\"https:\\\/\\\/www.facebook.com\\\/Alporta-Pisos-282233195273162\",\"https:\\\/\\\/www.instagram.com\\\/alporta_pisos\\\/\"]}]}<\/script>\n<!-- \/ Yoast SEO plugin. -->","yoast_head_json":{"title":"UH02 chestnut NTW - Alporta","description":"Deck sint\u00e9tico ntw 25 a\u00f1os de garant\u00eda, no necesita mantenimeinto, uso en piso, muros y techos, acabado madera.","robots":{"index":"index","follow":"follow","max-snippet":"max-snippet:-1","max-image-preview":"max-image-preview:large","max-video-preview":"max-video-preview:-1"},"canonical":"https:\/\/www.alporta.com\/index.php\/producto\/uh02-red-cedar\/","og_locale":"es_MX","og_type":"article","og_title":"UH02 chestnut NTW - Alporta","og_description":"Deck sint\u00e9tico ntw 25 a\u00f1os de garant\u00eda, no necesita mantenimeinto, uso en piso, muros y techos, acabado madera.","og_url":"https:\/\/www.alporta.com\/index.php\/producto\/uh02-red-cedar\/","og_site_name":"Alporta","article_publisher":"https:\/\/www.facebook.com\/Alporta-Pisos-282233195273162","article_modified_time":"2023-05-10T14:50:10+00:00","og_image":[{"width":400,"height":402,"url":"https:\/\/www.alporta.com\/wp-content\/uploads\/2022\/07\/d_big1005-e1683730012135.jpg","type":"image\/jpeg"}],"twitter_card":"summary_large_image","schema":{"@context":"https:\/\/schema.org","@graph":[{"@type":"WebPage","@id":"https:\/\/www.alporta.com\/index.php\/producto\/uh02-red-cedar\/","url":"https:\/\/www.alporta.com\/index.php\/producto\/uh02-red-cedar\/","name":"UH02 chestnut NTW - Alporta","isPartOf":{"@id":"https:\/\/www.alporta.com\/#website"},"primaryImageOfPage":{"@id":"https:\/\/www.alporta.com\/index.php\/producto\/uh02-red-cedar\/#primaryimage"},"image":{"@id":"https:\/\/www.alporta.com\/index.php\/producto\/uh02-red-cedar\/#primaryimage"},"thumbnailUrl":"https:\/\/www.alporta.com\/wp-content\/uploads\/2022\/07\/d_big1005-e1683730012135.jpg","datePublished":"2022-07-21T14:02:46+00:00","dateModified":"2023-05-10T14:50:10+00:00","description":"Deck sint\u00e9tico ntw 25 a\u00f1os de garant\u00eda, no necesita mantenimeinto, uso en piso, muros y techos, acabado madera.","breadcrumb":{"@id":"https:\/\/www.alporta.com\/index.php\/producto\/uh02-red-cedar\/#breadcrumb"},"inLanguage":"es","potentialAction":[{"@type":"ReadAction","target":["https:\/\/www.alporta.com\/index.php\/producto\/uh02-red-cedar\/"]}]},{"@type":"ImageObject","inLanguage":"es","@id":"https:\/\/www.alporta.com\/index.php\/producto\/uh02-red-cedar\/#primaryimage","url":"https:\/\/www.alporta.com\/wp-content\/uploads\/2022\/07\/d_big1005-e1683730012135.jpg","contentUrl":"https:\/\/www.alporta.com\/wp-content\/uploads\/2022\/07\/d_big1005-e1683730012135.jpg","width":400,"height":402},{"@type":"BreadcrumbList","@id":"https:\/\/www.alporta.com\/index.php\/producto\/uh02-red-cedar\/#breadcrumb","itemListElement":[{"@type":"ListItem","position":1,"name":"Inicio","item":"https:\/\/www.alporta.com\/"},{"@type":"ListItem","position":2,"name":"PRODUCTOS","item":"https:\/\/www.alporta.com\/index.php\/productos\/"},{"@type":"ListItem","position":3,"name":"UH02 chestnut NTW"}]},{"@type":"WebSite","@id":"https:\/\/www.alporta.com\/#website","url":"https:\/\/www.alporta.com\/","name":"Alporta","description":"Le damos piso a tus ideas","publisher":{"@id":"https:\/\/www.alporta.com\/#organization"},"potentialAction":[{"@type":"SearchAction","target":{"@type":"EntryPoint","urlTemplate":"https:\/\/www.alporta.com\/?s={search_term_string}"},"query-input":{"@type":"PropertyValueSpecification","valueRequired":true,"valueName":"search_term_string"}}],"inLanguage":"es"},{"@type":"Organization","@id":"https:\/\/www.alporta.com\/#organization","name":"Alporta","url":"https:\/\/www.alporta.com\/","logo":{"@type":"ImageObject","inLanguage":"es","@id":"https:\/\/www.alporta.com\/#\/schema\/logo\/image\/","url":"https:\/\/www.alporta.com\/wp-content\/uploads\/2022\/06\/img151-e1655759068479.jpg","contentUrl":"https:\/\/www.alporta.com\/wp-content\/uploads\/2022\/06\/img151-e1655759068479.jpg","width":383,"height":160,"caption":"Alporta"},"image":{"@id":"https:\/\/www.alporta.com\/#\/schema\/logo\/image\/"},"sameAs":["https:\/\/www.facebook.com\/Alporta-Pisos-282233195273162","https:\/\/www.instagram.com\/alporta_pisos\/"]}]}},"_links":{"self":[{"href":"https:\/\/www.alporta.com\/index.php\/wp-json\/wp\/v2\/product\/2354","targetHints":{"allow":["GET"]}}],"collection":[{"href":"https:\/\/www.alporta.com\/index.php\/wp-json\/wp\/v2\/product"}],"about":[{"href":"https:\/\/www.alporta.com\/index.php\/wp-json\/wp\/v2\/types\/product"}],"wp:featuredmedia":[{"embeddable":true,"href":"https:\/\/www.alporta.com\/index.php\/wp-json\/wp\/v2\/media\/2356"}],"wp:attachment":[{"href":"https:\/\/www.alporta.com\/index.php\/wp-json\/wp\/v2\/media?parent=2354"}],"wp:term":[{"taxonomy":"product_brand","embeddable":true,"href":"https:\/\/www.alporta.com\/index.php\/wp-json\/wp\/v2\/product_brand?post=2354"},{"taxonomy":"product_cat","embeddable":true,"href":"https:\/\/www.alporta.com\/index.php\/wp-json\/wp\/v2\/product_cat?post=2354"},{"taxonomy":"product_tag","embeddable":true,"href":"https:\/\/www.alporta.com\/index.php\/wp-json\/wp\/v2\/product_tag?post=2354"}],"curies":[{"name":"wp","href":"https:\/\/api.w.org\/{rel}","templated":true}]}}