{"id":2469,"date":"2022-09-21T14:04:36","date_gmt":"2022-09-21T20:04:36","guid":{"rendered":"https:\/\/www.alporta.com\/?post_type=product&#038;p=2469"},"modified":"2022-09-21T14:09:29","modified_gmt":"2022-09-21T20:09:29","slug":"contemporary-retreat","status":"publish","type":"product","link":"https:\/\/www.alporta.com\/index.php\/producto\/contemporary-retreat\/","title":{"rendered":"Contemporary Retreat"},"content":{"rendered":"<p>Inhibe el crecimiento de bacterias en su piso, brindando protecci\u00f3n adicional contra los g\u00e9rmenes cotidianos.<\/p>\n<p>100% impermeable<br \/>\nHydroBlok\u2122 tiene un innovador sistema de 3 partes que protege contra da\u00f1os por agua. La protecci\u00f3n contra la humedad de arriba hacia abajo est\u00e1 garantizada por hasta 36 horas.<\/p>\n<p>Resistente a rayones y abolladuras<\/p>\n<p>Apto para ni\u00f1os y mascotas<br \/>\nHydroBlok\u2122 es duradero y resiste \u00e1reas de mucho tr\u00e1fico. Tiene una dureza Janka de 2400-2500 que ayuda a resistir las abolladuras.<\/p>\n","protected":false},"excerpt":{"rendered":"<p>Marca: Hartco<\/p>\n<p>Colecci\u00f3n hydroblock<\/p>\n<p>Especie:\u00a0 Encino<\/p>\n<p>Ancho: 16.5cm<\/p>\n<p>Espesor:12.7 mm<\/p>\n<p>Capa Noble:\u00a0 1.5 mm<\/p>\n<p>Largo: 1.27cm\u00a0 80%<\/p>\n<p>acabado: Antimicrobial Urethane<\/p>\n","protected":false},"featured_media":2471,"template":"","meta":[],"product_brand":[],"product_cat":[245,246,152],"product_tag":[194,193,288],"class_list":{"0":"post-2469","1":"product","2":"type-product","3":"status-publish","4":"has-post-thumbnail","6":"product_cat-hartco-pisodemadera-bruce","7":"product_cat-hydroblock-piso-a-prueba-de-agua","8":"product_cat-pisos-de-madera-de-ingenieria-duelas","9":"product_tag-duela","10":"product_tag-piso-de-madera","11":"product_tag-waterproof","12":"pif-has-gallery","14":"first","15":"instock","16":"shipping-taxable","17":"product-type-simple"},"yoast_head":"<!-- This site is optimized with the Yoast SEO plugin v27.4 - https:\/\/yoast.com\/product\/yoast-seo-wordpress\/ -->\n<title>Contemporary Retreat - Alporta -hydroblock - hartco-piso de ingenier\u00eda<\/title>\n<meta name=\"description\" content=\"Piso de madera de ingenier\u00eda a prueba de agua, resiste 36 horas, hartco, hydrooblock, 50 a\u00f1os de garant\u00eda, venta en guadalajara.\" \/>\n<meta name=\"robots\" content=\"index, follow, max-snippet:-1, max-image-preview:large, max-video-preview:-1\" \/>\n<link rel=\"canonical\" href=\"https:\/\/www.alporta.com\/index.php\/producto\/contemporary-retreat\/\" \/>\n<meta property=\"og:locale\" content=\"es_MX\" \/>\n<meta property=\"og:type\" content=\"article\" \/>\n<meta property=\"og:title\" content=\"Woods edge - hydrooblock\" \/>\n<meta property=\"og:description\" content=\"Piso de ingenier\u00eda a pueba de agua, resiste 36 horas de agua. Tiene una dureza Janka de 2400-2500 que ayuda a resistir las abolladuras\" \/>\n<meta property=\"og:url\" content=\"https:\/\/www.alporta.com\/index.php\/producto\/contemporary-retreat\/\" \/>\n<meta property=\"og:site_name\" content=\"Alporta\" \/>\n<meta property=\"article:publisher\" content=\"https:\/\/www.facebook.com\/Alporta-Pisos-282233195273162\" \/>\n<meta property=\"article:modified_time\" content=\"2022-09-21T20:09:29+00:00\" \/>\n<meta property=\"og:image\" content=\"https:\/\/www.alporta.com\/wp-content\/uploads\/2022\/06\/woods-edge-3.jpg\" \/>\n\t<meta property=\"og:image:width\" content=\"1800\" \/>\n\t<meta property=\"og:image:height\" content=\"1200\" \/>\n\t<meta property=\"og:image:type\" content=\"image\/jpeg\" \/>\n<meta name=\"twitter:card\" content=\"summary_large_image\" \/>\n<meta name=\"twitter:label1\" content=\"Tiempo de lectura\" \/>\n\t<meta name=\"twitter:data1\" content=\"1 minuto\" \/>\n<script type=\"application\/ld+json\" class=\"yoast-schema-graph\">{\"@context\":\"https:\\\/\\\/schema.org\",\"@graph\":[{\"@type\":\"WebPage\",\"@id\":\"https:\\\/\\\/www.alporta.com\\\/index.php\\\/producto\\\/contemporary-retreat\\\/\",\"url\":\"https:\\\/\\\/www.alporta.com\\\/index.php\\\/producto\\\/contemporary-retreat\\\/\",\"name\":\"Contemporary Retreat - Alporta -hydroblock - hartco-piso de ingenier\u00eda\",\"isPartOf\":{\"@id\":\"https:\\\/\\\/www.alporta.com\\\/#website\"},\"primaryImageOfPage\":{\"@id\":\"https:\\\/\\\/www.alporta.com\\\/index.php\\\/producto\\\/contemporary-retreat\\\/#primaryimage\"},\"image\":{\"@id\":\"https:\\\/\\\/www.alporta.com\\\/index.php\\\/producto\\\/contemporary-retreat\\\/#primaryimage\"},\"thumbnailUrl\":\"https:\\\/\\\/www.alporta.com\\\/wp-content\\\/uploads\\\/2022\\\/09\\\/contemporary-retreat.jpg\",\"datePublished\":\"2022-09-21T20:04:36+00:00\",\"dateModified\":\"2022-09-21T20:09:29+00:00\",\"description\":\"Piso de madera de ingenier\u00eda a prueba de agua, resiste 36 horas, hartco, hydrooblock, 50 a\u00f1os de garant\u00eda, venta en guadalajara.\",\"breadcrumb\":{\"@id\":\"https:\\\/\\\/www.alporta.com\\\/index.php\\\/producto\\\/contemporary-retreat\\\/#breadcrumb\"},\"inLanguage\":\"es\",\"potentialAction\":[{\"@type\":\"ReadAction\",\"target\":[\"https:\\\/\\\/www.alporta.com\\\/index.php\\\/producto\\\/contemporary-retreat\\\/\"]}]},{\"@type\":\"ImageObject\",\"inLanguage\":\"es\",\"@id\":\"https:\\\/\\\/www.alporta.com\\\/index.php\\\/producto\\\/contemporary-retreat\\\/#primaryimage\",\"url\":\"https:\\\/\\\/www.alporta.com\\\/wp-content\\\/uploads\\\/2022\\\/09\\\/contemporary-retreat.jpg\",\"contentUrl\":\"https:\\\/\\\/www.alporta.com\\\/wp-content\\\/uploads\\\/2022\\\/09\\\/contemporary-retreat.jpg\",\"width\":350,\"height\":350},{\"@type\":\"BreadcrumbList\",\"@id\":\"https:\\\/\\\/www.alporta.com\\\/index.php\\\/producto\\\/contemporary-retreat\\\/#breadcrumb\",\"itemListElement\":[{\"@type\":\"ListItem\",\"position\":1,\"name\":\"Inicio\",\"item\":\"https:\\\/\\\/www.alporta.com\\\/\"},{\"@type\":\"ListItem\",\"position\":2,\"name\":\"PRODUCTOS\",\"item\":\"https:\\\/\\\/www.alporta.com\\\/index.php\\\/productos\\\/\"},{\"@type\":\"ListItem\",\"position\":3,\"name\":\"Contemporary Retreat\"}]},{\"@type\":\"WebSite\",\"@id\":\"https:\\\/\\\/www.alporta.com\\\/#website\",\"url\":\"https:\\\/\\\/www.alporta.com\\\/\",\"name\":\"Alporta\",\"description\":\"Le damos piso a tus ideas\",\"publisher\":{\"@id\":\"https:\\\/\\\/www.alporta.com\\\/#organization\"},\"potentialAction\":[{\"@type\":\"SearchAction\",\"target\":{\"@type\":\"EntryPoint\",\"urlTemplate\":\"https:\\\/\\\/www.alporta.com\\\/?s={search_term_string}\"},\"query-input\":{\"@type\":\"PropertyValueSpecification\",\"valueRequired\":true,\"valueName\":\"search_term_string\"}}],\"inLanguage\":\"es\"},{\"@type\":\"Organization\",\"@id\":\"https:\\\/\\\/www.alporta.com\\\/#organization\",\"name\":\"Alporta\",\"url\":\"https:\\\/\\\/www.alporta.com\\\/\",\"logo\":{\"@type\":\"ImageObject\",\"inLanguage\":\"es\",\"@id\":\"https:\\\/\\\/www.alporta.com\\\/#\\\/schema\\\/logo\\\/image\\\/\",\"url\":\"https:\\\/\\\/www.alporta.com\\\/wp-content\\\/uploads\\\/2022\\\/06\\\/img151-e1655759068479.jpg\",\"contentUrl\":\"https:\\\/\\\/www.alporta.com\\\/wp-content\\\/uploads\\\/2022\\\/06\\\/img151-e1655759068479.jpg\",\"width\":383,\"height\":160,\"caption\":\"Alporta\"},\"image\":{\"@id\":\"https:\\\/\\\/www.alporta.com\\\/#\\\/schema\\\/logo\\\/image\\\/\"},\"sameAs\":[\"https:\\\/\\\/www.facebook.com\\\/Alporta-Pisos-282233195273162\",\"https:\\\/\\\/www.instagram.com\\\/alporta_pisos\\\/\"]}]}<\/script>\n<!-- \/ Yoast SEO plugin. -->","yoast_head_json":{"title":"Contemporary Retreat - Alporta -hydroblock - hartco-piso de ingenier\u00eda","description":"Piso de madera de ingenier\u00eda a prueba de agua, resiste 36 horas, hartco, hydrooblock, 50 a\u00f1os de garant\u00eda, venta en guadalajara.","robots":{"index":"index","follow":"follow","max-snippet":"max-snippet:-1","max-image-preview":"max-image-preview:large","max-video-preview":"max-video-preview:-1"},"canonical":"https:\/\/www.alporta.com\/index.php\/producto\/contemporary-retreat\/","og_locale":"es_MX","og_type":"article","og_title":"Woods edge - hydrooblock","og_description":"Piso de ingenier\u00eda a pueba de agua, resiste 36 horas de agua. Tiene una dureza Janka de 2400-2500 que ayuda a resistir las abolladuras","og_url":"https:\/\/www.alporta.com\/index.php\/producto\/contemporary-retreat\/","og_site_name":"Alporta","article_publisher":"https:\/\/www.facebook.com\/Alporta-Pisos-282233195273162","article_modified_time":"2022-09-21T20:09:29+00:00","og_image":[{"width":1800,"height":1200,"url":"https:\/\/www.alporta.com\/wp-content\/uploads\/2022\/06\/woods-edge-3.jpg","type":"image\/jpeg"}],"twitter_card":"summary_large_image","twitter_misc":{"Tiempo de lectura":"1 minuto"},"schema":{"@context":"https:\/\/schema.org","@graph":[{"@type":"WebPage","@id":"https:\/\/www.alporta.com\/index.php\/producto\/contemporary-retreat\/","url":"https:\/\/www.alporta.com\/index.php\/producto\/contemporary-retreat\/","name":"Contemporary Retreat - Alporta -hydroblock - hartco-piso de ingenier\u00eda","isPartOf":{"@id":"https:\/\/www.alporta.com\/#website"},"primaryImageOfPage":{"@id":"https:\/\/www.alporta.com\/index.php\/producto\/contemporary-retreat\/#primaryimage"},"image":{"@id":"https:\/\/www.alporta.com\/index.php\/producto\/contemporary-retreat\/#primaryimage"},"thumbnailUrl":"https:\/\/www.alporta.com\/wp-content\/uploads\/2022\/09\/contemporary-retreat.jpg","datePublished":"2022-09-21T20:04:36+00:00","dateModified":"2022-09-21T20:09:29+00:00","description":"Piso de madera de ingenier\u00eda a prueba de agua, resiste 36 horas, hartco, hydrooblock, 50 a\u00f1os de garant\u00eda, venta en guadalajara.","breadcrumb":{"@id":"https:\/\/www.alporta.com\/index.php\/producto\/contemporary-retreat\/#breadcrumb"},"inLanguage":"es","potentialAction":[{"@type":"ReadAction","target":["https:\/\/www.alporta.com\/index.php\/producto\/contemporary-retreat\/"]}]},{"@type":"ImageObject","inLanguage":"es","@id":"https:\/\/www.alporta.com\/index.php\/producto\/contemporary-retreat\/#primaryimage","url":"https:\/\/www.alporta.com\/wp-content\/uploads\/2022\/09\/contemporary-retreat.jpg","contentUrl":"https:\/\/www.alporta.com\/wp-content\/uploads\/2022\/09\/contemporary-retreat.jpg","width":350,"height":350},{"@type":"BreadcrumbList","@id":"https:\/\/www.alporta.com\/index.php\/producto\/contemporary-retreat\/#breadcrumb","itemListElement":[{"@type":"ListItem","position":1,"name":"Inicio","item":"https:\/\/www.alporta.com\/"},{"@type":"ListItem","position":2,"name":"PRODUCTOS","item":"https:\/\/www.alporta.com\/index.php\/productos\/"},{"@type":"ListItem","position":3,"name":"Contemporary Retreat"}]},{"@type":"WebSite","@id":"https:\/\/www.alporta.com\/#website","url":"https:\/\/www.alporta.com\/","name":"Alporta","description":"Le damos piso a tus ideas","publisher":{"@id":"https:\/\/www.alporta.com\/#organization"},"potentialAction":[{"@type":"SearchAction","target":{"@type":"EntryPoint","urlTemplate":"https:\/\/www.alporta.com\/?s={search_term_string}"},"query-input":{"@type":"PropertyValueSpecification","valueRequired":true,"valueName":"search_term_string"}}],"inLanguage":"es"},{"@type":"Organization","@id":"https:\/\/www.alporta.com\/#organization","name":"Alporta","url":"https:\/\/www.alporta.com\/","logo":{"@type":"ImageObject","inLanguage":"es","@id":"https:\/\/www.alporta.com\/#\/schema\/logo\/image\/","url":"https:\/\/www.alporta.com\/wp-content\/uploads\/2022\/06\/img151-e1655759068479.jpg","contentUrl":"https:\/\/www.alporta.com\/wp-content\/uploads\/2022\/06\/img151-e1655759068479.jpg","width":383,"height":160,"caption":"Alporta"},"image":{"@id":"https:\/\/www.alporta.com\/#\/schema\/logo\/image\/"},"sameAs":["https:\/\/www.facebook.com\/Alporta-Pisos-282233195273162","https:\/\/www.instagram.com\/alporta_pisos\/"]}]}},"_links":{"self":[{"href":"https:\/\/www.alporta.com\/index.php\/wp-json\/wp\/v2\/product\/2469","targetHints":{"allow":["GET"]}}],"collection":[{"href":"https:\/\/www.alporta.com\/index.php\/wp-json\/wp\/v2\/product"}],"about":[{"href":"https:\/\/www.alporta.com\/index.php\/wp-json\/wp\/v2\/types\/product"}],"wp:featuredmedia":[{"embeddable":true,"href":"https:\/\/www.alporta.com\/index.php\/wp-json\/wp\/v2\/media\/2471"}],"wp:attachment":[{"href":"https:\/\/www.alporta.com\/index.php\/wp-json\/wp\/v2\/media?parent=2469"}],"wp:term":[{"taxonomy":"product_brand","embeddable":true,"href":"https:\/\/www.alporta.com\/index.php\/wp-json\/wp\/v2\/product_brand?post=2469"},{"taxonomy":"product_cat","embeddable":true,"href":"https:\/\/www.alporta.com\/index.php\/wp-json\/wp\/v2\/product_cat?post=2469"},{"taxonomy":"product_tag","embeddable":true,"href":"https:\/\/www.alporta.com\/index.php\/wp-json\/wp\/v2\/product_tag?post=2469"}],"curies":[{"name":"wp","href":"https:\/\/api.w.org\/{rel}","templated":true}]}}