{"id":2631,"date":"2022-10-26T16:48:52","date_gmt":"2022-10-26T22:48:52","guid":{"rendered":"https:\/\/www.alporta.com\/?post_type=product&#038;p=2631"},"modified":"2022-10-26T16:49:21","modified_gmt":"2022-10-26T22:49:21","slug":"storm-point","status":"publish","type":"product","link":"https:\/\/www.alporta.com\/index.php\/producto\/storm-point\/","title":{"rendered":"Storm point"},"content":{"rendered":"","protected":false},"excerpt":{"rendered":"<p>Marca: Bruce<\/p>\n<p>Colecci\u00f3n: American Honor<\/p>\n<p>Especie:\u00a0 Encino<\/p>\n<p>Ancho: 16.5cm<\/p>\n<p>Espesor: 9.6 mm<\/p>\n<p>Capa Noble:\u00a0 1 mm<\/p>\n<p>Largo: 1.52\u00a0 80%<\/p>\n<p>acabado: barniz mate<\/p>\n","protected":false},"featured_media":2625,"template":"","meta":[],"product_brand":[],"product_cat":[258,152],"product_tag":[260,194,193],"class_list":{"0":"post-2631","1":"product","2":"type-product","3":"status-publish","4":"has-post-thumbnail","6":"product_cat-bruce","7":"product_cat-pisos-de-madera-de-ingenieria-duelas","8":"product_tag-bruce","9":"product_tag-duela","10":"product_tag-piso-de-madera","12":"first","13":"instock","14":"shipping-taxable","15":"product-type-simple"},"yoast_head":"<!-- This site is optimized with the Yoast SEO plugin v27.4 - https:\/\/yoast.com\/product\/yoast-seo-wordpress\/ -->\n<title>Storm point - Alporta -Brushed impressions - bruce<\/title>\n<meta name=\"description\" content=\"Piso de madera de ingenier\u00eda, marca bruce, Madera de encino, 50 a\u00f1os de garant\u00eda, de venta en guadalajara.\" \/>\n<meta name=\"robots\" content=\"index, follow, max-snippet:-1, max-image-preview:large, max-video-preview:-1\" \/>\n<link rel=\"canonical\" href=\"https:\/\/www.alporta.com\/index.php\/producto\/storm-point\/\" \/>\n<meta property=\"og:locale\" content=\"es_MX\" \/>\n<meta property=\"og:type\" content=\"article\" \/>\n<meta property=\"og:title\" content=\"Woods edge - hydrooblock\" \/>\n<meta property=\"og:description\" content=\"Piso de ingenier\u00eda a pueba de agua, resiste 36 horas de agua. Tiene una dureza Janka de 2400-2500 que ayuda a resistir las abolladuras\" \/>\n<meta property=\"og:url\" content=\"https:\/\/www.alporta.com\/index.php\/producto\/storm-point\/\" \/>\n<meta property=\"og:site_name\" content=\"Alporta\" \/>\n<meta property=\"article:publisher\" content=\"https:\/\/www.facebook.com\/Alporta-Pisos-282233195273162\" \/>\n<meta property=\"article:modified_time\" content=\"2022-10-26T22:49:21+00:00\" \/>\n<meta property=\"og:image\" content=\"https:\/\/www.alporta.com\/wp-content\/uploads\/2022\/06\/woods-edge-3.jpg\" \/>\n\t<meta property=\"og:image:width\" content=\"1800\" \/>\n\t<meta property=\"og:image:height\" content=\"1200\" \/>\n\t<meta property=\"og:image:type\" content=\"image\/jpeg\" \/>\n<meta name=\"twitter:card\" content=\"summary_large_image\" \/>\n<script type=\"application\/ld+json\" class=\"yoast-schema-graph\">{\"@context\":\"https:\\\/\\\/schema.org\",\"@graph\":[{\"@type\":\"WebPage\",\"@id\":\"https:\\\/\\\/www.alporta.com\\\/index.php\\\/producto\\\/storm-point\\\/\",\"url\":\"https:\\\/\\\/www.alporta.com\\\/index.php\\\/producto\\\/storm-point\\\/\",\"name\":\"Storm point - Alporta -Brushed impressions - bruce\",\"isPartOf\":{\"@id\":\"https:\\\/\\\/www.alporta.com\\\/#website\"},\"primaryImageOfPage\":{\"@id\":\"https:\\\/\\\/www.alporta.com\\\/index.php\\\/producto\\\/storm-point\\\/#primaryimage\"},\"image\":{\"@id\":\"https:\\\/\\\/www.alporta.com\\\/index.php\\\/producto\\\/storm-point\\\/#primaryimage\"},\"thumbnailUrl\":\"https:\\\/\\\/www.alporta.com\\\/wp-content\\\/uploads\\\/2022\\\/10\\\/storm-oint.jpg\",\"datePublished\":\"2022-10-26T22:48:52+00:00\",\"dateModified\":\"2022-10-26T22:49:21+00:00\",\"description\":\"Piso de madera de ingenier\u00eda, marca bruce, Madera de encino, 50 a\u00f1os de garant\u00eda, de venta en guadalajara.\",\"breadcrumb\":{\"@id\":\"https:\\\/\\\/www.alporta.com\\\/index.php\\\/producto\\\/storm-point\\\/#breadcrumb\"},\"inLanguage\":\"es\",\"potentialAction\":[{\"@type\":\"ReadAction\",\"target\":[\"https:\\\/\\\/www.alporta.com\\\/index.php\\\/producto\\\/storm-point\\\/\"]}]},{\"@type\":\"ImageObject\",\"inLanguage\":\"es\",\"@id\":\"https:\\\/\\\/www.alporta.com\\\/index.php\\\/producto\\\/storm-point\\\/#primaryimage\",\"url\":\"https:\\\/\\\/www.alporta.com\\\/wp-content\\\/uploads\\\/2022\\\/10\\\/storm-oint.jpg\",\"contentUrl\":\"https:\\\/\\\/www.alporta.com\\\/wp-content\\\/uploads\\\/2022\\\/10\\\/storm-oint.jpg\",\"width\":1000,\"height\":1000},{\"@type\":\"BreadcrumbList\",\"@id\":\"https:\\\/\\\/www.alporta.com\\\/index.php\\\/producto\\\/storm-point\\\/#breadcrumb\",\"itemListElement\":[{\"@type\":\"ListItem\",\"position\":1,\"name\":\"Inicio\",\"item\":\"https:\\\/\\\/www.alporta.com\\\/\"},{\"@type\":\"ListItem\",\"position\":2,\"name\":\"PRODUCTOS\",\"item\":\"https:\\\/\\\/www.alporta.com\\\/index.php\\\/productos\\\/\"},{\"@type\":\"ListItem\",\"position\":3,\"name\":\"Storm point\"}]},{\"@type\":\"WebSite\",\"@id\":\"https:\\\/\\\/www.alporta.com\\\/#website\",\"url\":\"https:\\\/\\\/www.alporta.com\\\/\",\"name\":\"Alporta\",\"description\":\"Le damos piso a tus ideas\",\"publisher\":{\"@id\":\"https:\\\/\\\/www.alporta.com\\\/#organization\"},\"potentialAction\":[{\"@type\":\"SearchAction\",\"target\":{\"@type\":\"EntryPoint\",\"urlTemplate\":\"https:\\\/\\\/www.alporta.com\\\/?s={search_term_string}\"},\"query-input\":{\"@type\":\"PropertyValueSpecification\",\"valueRequired\":true,\"valueName\":\"search_term_string\"}}],\"inLanguage\":\"es\"},{\"@type\":\"Organization\",\"@id\":\"https:\\\/\\\/www.alporta.com\\\/#organization\",\"name\":\"Alporta\",\"url\":\"https:\\\/\\\/www.alporta.com\\\/\",\"logo\":{\"@type\":\"ImageObject\",\"inLanguage\":\"es\",\"@id\":\"https:\\\/\\\/www.alporta.com\\\/#\\\/schema\\\/logo\\\/image\\\/\",\"url\":\"https:\\\/\\\/www.alporta.com\\\/wp-content\\\/uploads\\\/2022\\\/06\\\/img151-e1655759068479.jpg\",\"contentUrl\":\"https:\\\/\\\/www.alporta.com\\\/wp-content\\\/uploads\\\/2022\\\/06\\\/img151-e1655759068479.jpg\",\"width\":383,\"height\":160,\"caption\":\"Alporta\"},\"image\":{\"@id\":\"https:\\\/\\\/www.alporta.com\\\/#\\\/schema\\\/logo\\\/image\\\/\"},\"sameAs\":[\"https:\\\/\\\/www.facebook.com\\\/Alporta-Pisos-282233195273162\",\"https:\\\/\\\/www.instagram.com\\\/alporta_pisos\\\/\"]}]}<\/script>\n<!-- \/ Yoast SEO plugin. -->","yoast_head_json":{"title":"Storm point - Alporta -Brushed impressions - bruce","description":"Piso de madera de ingenier\u00eda, marca bruce, Madera de encino, 50 a\u00f1os de garant\u00eda, de venta en guadalajara.","robots":{"index":"index","follow":"follow","max-snippet":"max-snippet:-1","max-image-preview":"max-image-preview:large","max-video-preview":"max-video-preview:-1"},"canonical":"https:\/\/www.alporta.com\/index.php\/producto\/storm-point\/","og_locale":"es_MX","og_type":"article","og_title":"Woods edge - hydrooblock","og_description":"Piso de ingenier\u00eda a pueba de agua, resiste 36 horas de agua. Tiene una dureza Janka de 2400-2500 que ayuda a resistir las abolladuras","og_url":"https:\/\/www.alporta.com\/index.php\/producto\/storm-point\/","og_site_name":"Alporta","article_publisher":"https:\/\/www.facebook.com\/Alporta-Pisos-282233195273162","article_modified_time":"2022-10-26T22:49:21+00:00","og_image":[{"width":1800,"height":1200,"url":"https:\/\/www.alporta.com\/wp-content\/uploads\/2022\/06\/woods-edge-3.jpg","type":"image\/jpeg"}],"twitter_card":"summary_large_image","schema":{"@context":"https:\/\/schema.org","@graph":[{"@type":"WebPage","@id":"https:\/\/www.alporta.com\/index.php\/producto\/storm-point\/","url":"https:\/\/www.alporta.com\/index.php\/producto\/storm-point\/","name":"Storm point - Alporta -Brushed impressions - bruce","isPartOf":{"@id":"https:\/\/www.alporta.com\/#website"},"primaryImageOfPage":{"@id":"https:\/\/www.alporta.com\/index.php\/producto\/storm-point\/#primaryimage"},"image":{"@id":"https:\/\/www.alporta.com\/index.php\/producto\/storm-point\/#primaryimage"},"thumbnailUrl":"https:\/\/www.alporta.com\/wp-content\/uploads\/2022\/10\/storm-oint.jpg","datePublished":"2022-10-26T22:48:52+00:00","dateModified":"2022-10-26T22:49:21+00:00","description":"Piso de madera de ingenier\u00eda, marca bruce, Madera de encino, 50 a\u00f1os de garant\u00eda, de venta en guadalajara.","breadcrumb":{"@id":"https:\/\/www.alporta.com\/index.php\/producto\/storm-point\/#breadcrumb"},"inLanguage":"es","potentialAction":[{"@type":"ReadAction","target":["https:\/\/www.alporta.com\/index.php\/producto\/storm-point\/"]}]},{"@type":"ImageObject","inLanguage":"es","@id":"https:\/\/www.alporta.com\/index.php\/producto\/storm-point\/#primaryimage","url":"https:\/\/www.alporta.com\/wp-content\/uploads\/2022\/10\/storm-oint.jpg","contentUrl":"https:\/\/www.alporta.com\/wp-content\/uploads\/2022\/10\/storm-oint.jpg","width":1000,"height":1000},{"@type":"BreadcrumbList","@id":"https:\/\/www.alporta.com\/index.php\/producto\/storm-point\/#breadcrumb","itemListElement":[{"@type":"ListItem","position":1,"name":"Inicio","item":"https:\/\/www.alporta.com\/"},{"@type":"ListItem","position":2,"name":"PRODUCTOS","item":"https:\/\/www.alporta.com\/index.php\/productos\/"},{"@type":"ListItem","position":3,"name":"Storm point"}]},{"@type":"WebSite","@id":"https:\/\/www.alporta.com\/#website","url":"https:\/\/www.alporta.com\/","name":"Alporta","description":"Le damos piso a tus ideas","publisher":{"@id":"https:\/\/www.alporta.com\/#organization"},"potentialAction":[{"@type":"SearchAction","target":{"@type":"EntryPoint","urlTemplate":"https:\/\/www.alporta.com\/?s={search_term_string}"},"query-input":{"@type":"PropertyValueSpecification","valueRequired":true,"valueName":"search_term_string"}}],"inLanguage":"es"},{"@type":"Organization","@id":"https:\/\/www.alporta.com\/#organization","name":"Alporta","url":"https:\/\/www.alporta.com\/","logo":{"@type":"ImageObject","inLanguage":"es","@id":"https:\/\/www.alporta.com\/#\/schema\/logo\/image\/","url":"https:\/\/www.alporta.com\/wp-content\/uploads\/2022\/06\/img151-e1655759068479.jpg","contentUrl":"https:\/\/www.alporta.com\/wp-content\/uploads\/2022\/06\/img151-e1655759068479.jpg","width":383,"height":160,"caption":"Alporta"},"image":{"@id":"https:\/\/www.alporta.com\/#\/schema\/logo\/image\/"},"sameAs":["https:\/\/www.facebook.com\/Alporta-Pisos-282233195273162","https:\/\/www.instagram.com\/alporta_pisos\/"]}]}},"_links":{"self":[{"href":"https:\/\/www.alporta.com\/index.php\/wp-json\/wp\/v2\/product\/2631","targetHints":{"allow":["GET"]}}],"collection":[{"href":"https:\/\/www.alporta.com\/index.php\/wp-json\/wp\/v2\/product"}],"about":[{"href":"https:\/\/www.alporta.com\/index.php\/wp-json\/wp\/v2\/types\/product"}],"wp:featuredmedia":[{"embeddable":true,"href":"https:\/\/www.alporta.com\/index.php\/wp-json\/wp\/v2\/media\/2625"}],"wp:attachment":[{"href":"https:\/\/www.alporta.com\/index.php\/wp-json\/wp\/v2\/media?parent=2631"}],"wp:term":[{"taxonomy":"product_brand","embeddable":true,"href":"https:\/\/www.alporta.com\/index.php\/wp-json\/wp\/v2\/product_brand?post=2631"},{"taxonomy":"product_cat","embeddable":true,"href":"https:\/\/www.alporta.com\/index.php\/wp-json\/wp\/v2\/product_cat?post=2631"},{"taxonomy":"product_tag","embeddable":true,"href":"https:\/\/www.alporta.com\/index.php\/wp-json\/wp\/v2\/product_tag?post=2631"}],"curies":[{"name":"wp","href":"https:\/\/api.w.org\/{rel}","templated":true}]}}