{"id":2682,"date":"2022-12-08T09:25:20","date_gmt":"2022-12-08T15:25:20","guid":{"rendered":"https:\/\/www.alporta.com\/?post_type=product&#038;p=2682"},"modified":"2023-03-10T09:29:18","modified_gmt":"2023-03-10T15:29:18","slug":"cempanel-image","status":"publish","type":"product","link":"https:\/\/www.alporta.com\/index.php\/producto\/cempanel-image\/","title":{"rendered":"Cempanel image"},"content":{"rendered":"","protected":false},"excerpt":{"rendered":"<p>Las placas de CEMPANEL IMAGE pueden ser utilizadas para hacer dise\u00f1os personalizados en elementos decorativos de muros interiores, logotipos, plafones, celos\u00edas para iluminaci\u00f3n y ventilaci\u00f3n; disponible en espesor de 12 y 18 mm.<\/p>\n<p>&nbsp;<\/p>\n","protected":false},"featured_media":2687,"template":"","meta":[],"product_brand":[],"product_cat":[295,165,304],"product_tag":[296,301,299,300,298,297],"class_list":{"0":"post-2682","1":"product","2":"type-product","3":"status-publish","4":"has-post-thumbnail","6":"product_cat-cempanel","7":"product_cat-fachadas","8":"product_cat-plafones","9":"product_tag-cempanel","10":"product_tag-facchadas","11":"product_tag-fibrocemento","12":"product_tag-muros","13":"product_tag-panel-de-fibrocemento","14":"product_tag-paneles","15":"pif-has-gallery","17":"first","18":"instock","19":"shipping-taxable","20":"product-type-simple"},"yoast_head":"<!-- This site is optimized with the Yoast SEO plugin v27.3 - https:\/\/yoast.com\/product\/yoast-seo-wordpress\/ -->\n<title>Cempanel image - Alporta<\/title>\n<meta name=\"description\" content=\"Las placas de CEMPANEL IMAGE pueden ser utilizadas para hacer dise\u00f1os personalizados en elementos decorativos de muros interiores, logotipos, plafones, celos\u00edas para iluminaci\u00f3n y ventilaci\u00f3n.\" \/>\n<meta name=\"robots\" content=\"index, follow, max-snippet:-1, max-image-preview:large, max-video-preview:-1\" \/>\n<link rel=\"canonical\" href=\"https:\/\/www.alporta.com\/index.php\/producto\/cempanel-image\/\" \/>\n<meta property=\"og:locale\" content=\"es_MX\" \/>\n<meta property=\"og:type\" content=\"article\" \/>\n<meta property=\"og:title\" content=\"Cempanel image - Alporta\" \/>\n<meta property=\"og:description\" content=\"Las placas de CEMPANEL IMAGE pueden ser utilizadas para hacer dise\u00f1os personalizados en elementos decorativos de muros interiores, logotipos, plafones, celos\u00edas para iluminaci\u00f3n y ventilaci\u00f3n.\" \/>\n<meta property=\"og:url\" content=\"https:\/\/www.alporta.com\/index.php\/producto\/cempanel-image\/\" \/>\n<meta property=\"og:site_name\" content=\"Alporta\" \/>\n<meta property=\"article:publisher\" content=\"https:\/\/www.facebook.com\/Alporta-Pisos-282233195273162\" \/>\n<meta property=\"article:modified_time\" content=\"2023-03-10T15:29:18+00:00\" \/>\n<meta property=\"og:image\" content=\"https:\/\/www.alporta.com\/wp-content\/uploads\/2022\/12\/IMAGE_CEMPANEL.png\" \/>\n\t<meta property=\"og:image:width\" content=\"579\" \/>\n\t<meta property=\"og:image:height\" content=\"514\" \/>\n\t<meta property=\"og:image:type\" content=\"image\/png\" \/>\n<meta name=\"twitter:card\" content=\"summary_large_image\" \/>\n<script type=\"application\/ld+json\" class=\"yoast-schema-graph\">{\"@context\":\"https:\\\/\\\/schema.org\",\"@graph\":[{\"@type\":\"WebPage\",\"@id\":\"https:\\\/\\\/www.alporta.com\\\/index.php\\\/producto\\\/cempanel-image\\\/\",\"url\":\"https:\\\/\\\/www.alporta.com\\\/index.php\\\/producto\\\/cempanel-image\\\/\",\"name\":\"Cempanel image - Alporta\",\"isPartOf\":{\"@id\":\"https:\\\/\\\/www.alporta.com\\\/#website\"},\"primaryImageOfPage\":{\"@id\":\"https:\\\/\\\/www.alporta.com\\\/index.php\\\/producto\\\/cempanel-image\\\/#primaryimage\"},\"image\":{\"@id\":\"https:\\\/\\\/www.alporta.com\\\/index.php\\\/producto\\\/cempanel-image\\\/#primaryimage\"},\"thumbnailUrl\":\"https:\\\/\\\/www.alporta.com\\\/wp-content\\\/uploads\\\/2022\\\/12\\\/IMAGE_CEMPANEL.png\",\"datePublished\":\"2022-12-08T15:25:20+00:00\",\"dateModified\":\"2023-03-10T15:29:18+00:00\",\"description\":\"Las placas de CEMPANEL IMAGE pueden ser utilizadas para hacer dise\u00f1os personalizados en elementos decorativos de muros interiores, logotipos, plafones, celos\u00edas para iluminaci\u00f3n y ventilaci\u00f3n.\",\"breadcrumb\":{\"@id\":\"https:\\\/\\\/www.alporta.com\\\/index.php\\\/producto\\\/cempanel-image\\\/#breadcrumb\"},\"inLanguage\":\"es\",\"potentialAction\":[{\"@type\":\"ReadAction\",\"target\":[\"https:\\\/\\\/www.alporta.com\\\/index.php\\\/producto\\\/cempanel-image\\\/\"]}]},{\"@type\":\"ImageObject\",\"inLanguage\":\"es\",\"@id\":\"https:\\\/\\\/www.alporta.com\\\/index.php\\\/producto\\\/cempanel-image\\\/#primaryimage\",\"url\":\"https:\\\/\\\/www.alporta.com\\\/wp-content\\\/uploads\\\/2022\\\/12\\\/IMAGE_CEMPANEL.png\",\"contentUrl\":\"https:\\\/\\\/www.alporta.com\\\/wp-content\\\/uploads\\\/2022\\\/12\\\/IMAGE_CEMPANEL.png\",\"width\":579,\"height\":514},{\"@type\":\"BreadcrumbList\",\"@id\":\"https:\\\/\\\/www.alporta.com\\\/index.php\\\/producto\\\/cempanel-image\\\/#breadcrumb\",\"itemListElement\":[{\"@type\":\"ListItem\",\"position\":1,\"name\":\"Inicio\",\"item\":\"https:\\\/\\\/www.alporta.com\\\/\"},{\"@type\":\"ListItem\",\"position\":2,\"name\":\"PRODUCTOS\",\"item\":\"https:\\\/\\\/www.alporta.com\\\/index.php\\\/productos\\\/\"},{\"@type\":\"ListItem\",\"position\":3,\"name\":\"Cempanel image\"}]},{\"@type\":\"WebSite\",\"@id\":\"https:\\\/\\\/www.alporta.com\\\/#website\",\"url\":\"https:\\\/\\\/www.alporta.com\\\/\",\"name\":\"Alporta\",\"description\":\"Le damos piso a tus ideas\",\"publisher\":{\"@id\":\"https:\\\/\\\/www.alporta.com\\\/#organization\"},\"potentialAction\":[{\"@type\":\"SearchAction\",\"target\":{\"@type\":\"EntryPoint\",\"urlTemplate\":\"https:\\\/\\\/www.alporta.com\\\/?s={search_term_string}\"},\"query-input\":{\"@type\":\"PropertyValueSpecification\",\"valueRequired\":true,\"valueName\":\"search_term_string\"}}],\"inLanguage\":\"es\"},{\"@type\":\"Organization\",\"@id\":\"https:\\\/\\\/www.alporta.com\\\/#organization\",\"name\":\"Alporta\",\"url\":\"https:\\\/\\\/www.alporta.com\\\/\",\"logo\":{\"@type\":\"ImageObject\",\"inLanguage\":\"es\",\"@id\":\"https:\\\/\\\/www.alporta.com\\\/#\\\/schema\\\/logo\\\/image\\\/\",\"url\":\"https:\\\/\\\/www.alporta.com\\\/wp-content\\\/uploads\\\/2022\\\/06\\\/img151-e1655759068479.jpg\",\"contentUrl\":\"https:\\\/\\\/www.alporta.com\\\/wp-content\\\/uploads\\\/2022\\\/06\\\/img151-e1655759068479.jpg\",\"width\":383,\"height\":160,\"caption\":\"Alporta\"},\"image\":{\"@id\":\"https:\\\/\\\/www.alporta.com\\\/#\\\/schema\\\/logo\\\/image\\\/\"},\"sameAs\":[\"https:\\\/\\\/www.facebook.com\\\/Alporta-Pisos-282233195273162\",\"https:\\\/\\\/www.instagram.com\\\/alporta_pisos\\\/\"]}]}<\/script>\n<!-- \/ Yoast SEO plugin. -->","yoast_head_json":{"title":"Cempanel image - Alporta","description":"Las placas de CEMPANEL IMAGE pueden ser utilizadas para hacer dise\u00f1os personalizados en elementos decorativos de muros interiores, logotipos, plafones, celos\u00edas para iluminaci\u00f3n y ventilaci\u00f3n.","robots":{"index":"index","follow":"follow","max-snippet":"max-snippet:-1","max-image-preview":"max-image-preview:large","max-video-preview":"max-video-preview:-1"},"canonical":"https:\/\/www.alporta.com\/index.php\/producto\/cempanel-image\/","og_locale":"es_MX","og_type":"article","og_title":"Cempanel image - Alporta","og_description":"Las placas de CEMPANEL IMAGE pueden ser utilizadas para hacer dise\u00f1os personalizados en elementos decorativos de muros interiores, logotipos, plafones, celos\u00edas para iluminaci\u00f3n y ventilaci\u00f3n.","og_url":"https:\/\/www.alporta.com\/index.php\/producto\/cempanel-image\/","og_site_name":"Alporta","article_publisher":"https:\/\/www.facebook.com\/Alporta-Pisos-282233195273162","article_modified_time":"2023-03-10T15:29:18+00:00","og_image":[{"width":579,"height":514,"url":"https:\/\/www.alporta.com\/wp-content\/uploads\/2022\/12\/IMAGE_CEMPANEL.png","type":"image\/png"}],"twitter_card":"summary_large_image","schema":{"@context":"https:\/\/schema.org","@graph":[{"@type":"WebPage","@id":"https:\/\/www.alporta.com\/index.php\/producto\/cempanel-image\/","url":"https:\/\/www.alporta.com\/index.php\/producto\/cempanel-image\/","name":"Cempanel image - Alporta","isPartOf":{"@id":"https:\/\/www.alporta.com\/#website"},"primaryImageOfPage":{"@id":"https:\/\/www.alporta.com\/index.php\/producto\/cempanel-image\/#primaryimage"},"image":{"@id":"https:\/\/www.alporta.com\/index.php\/producto\/cempanel-image\/#primaryimage"},"thumbnailUrl":"https:\/\/www.alporta.com\/wp-content\/uploads\/2022\/12\/IMAGE_CEMPANEL.png","datePublished":"2022-12-08T15:25:20+00:00","dateModified":"2023-03-10T15:29:18+00:00","description":"Las placas de CEMPANEL IMAGE pueden ser utilizadas para hacer dise\u00f1os personalizados en elementos decorativos de muros interiores, logotipos, plafones, celos\u00edas para iluminaci\u00f3n y ventilaci\u00f3n.","breadcrumb":{"@id":"https:\/\/www.alporta.com\/index.php\/producto\/cempanel-image\/#breadcrumb"},"inLanguage":"es","potentialAction":[{"@type":"ReadAction","target":["https:\/\/www.alporta.com\/index.php\/producto\/cempanel-image\/"]}]},{"@type":"ImageObject","inLanguage":"es","@id":"https:\/\/www.alporta.com\/index.php\/producto\/cempanel-image\/#primaryimage","url":"https:\/\/www.alporta.com\/wp-content\/uploads\/2022\/12\/IMAGE_CEMPANEL.png","contentUrl":"https:\/\/www.alporta.com\/wp-content\/uploads\/2022\/12\/IMAGE_CEMPANEL.png","width":579,"height":514},{"@type":"BreadcrumbList","@id":"https:\/\/www.alporta.com\/index.php\/producto\/cempanel-image\/#breadcrumb","itemListElement":[{"@type":"ListItem","position":1,"name":"Inicio","item":"https:\/\/www.alporta.com\/"},{"@type":"ListItem","position":2,"name":"PRODUCTOS","item":"https:\/\/www.alporta.com\/index.php\/productos\/"},{"@type":"ListItem","position":3,"name":"Cempanel image"}]},{"@type":"WebSite","@id":"https:\/\/www.alporta.com\/#website","url":"https:\/\/www.alporta.com\/","name":"Alporta","description":"Le damos piso a tus ideas","publisher":{"@id":"https:\/\/www.alporta.com\/#organization"},"potentialAction":[{"@type":"SearchAction","target":{"@type":"EntryPoint","urlTemplate":"https:\/\/www.alporta.com\/?s={search_term_string}"},"query-input":{"@type":"PropertyValueSpecification","valueRequired":true,"valueName":"search_term_string"}}],"inLanguage":"es"},{"@type":"Organization","@id":"https:\/\/www.alporta.com\/#organization","name":"Alporta","url":"https:\/\/www.alporta.com\/","logo":{"@type":"ImageObject","inLanguage":"es","@id":"https:\/\/www.alporta.com\/#\/schema\/logo\/image\/","url":"https:\/\/www.alporta.com\/wp-content\/uploads\/2022\/06\/img151-e1655759068479.jpg","contentUrl":"https:\/\/www.alporta.com\/wp-content\/uploads\/2022\/06\/img151-e1655759068479.jpg","width":383,"height":160,"caption":"Alporta"},"image":{"@id":"https:\/\/www.alporta.com\/#\/schema\/logo\/image\/"},"sameAs":["https:\/\/www.facebook.com\/Alporta-Pisos-282233195273162","https:\/\/www.instagram.com\/alporta_pisos\/"]}]}},"_links":{"self":[{"href":"https:\/\/www.alporta.com\/index.php\/wp-json\/wp\/v2\/product\/2682","targetHints":{"allow":["GET"]}}],"collection":[{"href":"https:\/\/www.alporta.com\/index.php\/wp-json\/wp\/v2\/product"}],"about":[{"href":"https:\/\/www.alporta.com\/index.php\/wp-json\/wp\/v2\/types\/product"}],"wp:featuredmedia":[{"embeddable":true,"href":"https:\/\/www.alporta.com\/index.php\/wp-json\/wp\/v2\/media\/2687"}],"wp:attachment":[{"href":"https:\/\/www.alporta.com\/index.php\/wp-json\/wp\/v2\/media?parent=2682"}],"wp:term":[{"taxonomy":"product_brand","embeddable":true,"href":"https:\/\/www.alporta.com\/index.php\/wp-json\/wp\/v2\/product_brand?post=2682"},{"taxonomy":"product_cat","embeddable":true,"href":"https:\/\/www.alporta.com\/index.php\/wp-json\/wp\/v2\/product_cat?post=2682"},{"taxonomy":"product_tag","embeddable":true,"href":"https:\/\/www.alporta.com\/index.php\/wp-json\/wp\/v2\/product_tag?post=2682"}],"curies":[{"name":"wp","href":"https:\/\/api.w.org\/{rel}","templated":true}]}}