{"id":3468,"date":"2026-04-23T18:01:29","date_gmt":"2026-04-24T00:01:29","guid":{"rendered":"https:\/\/www.alporta.com\/?post_type=product&#038;p=3468"},"modified":"2026-04-23T18:02:36","modified_gmt":"2026-04-24T00:02:36","slug":"terra-bjelin-copia","status":"publish","type":"product","link":"https:\/\/www.alporta.com\/index.php\/producto\/terra-bjelin-copia\/","title":{"rendered":"TERRA BJELIN"},"content":{"rendered":"<p>Nuestros suelos de madera endurecida &#8211; Woodura Planks 3.0 &#8211; incorporan la tecnolog\u00eda patentada Woodura que permite comprimir y endurecer la madera, produciendo\u00a0<strong>suelos tres veces m\u00e1s resistentes<\/strong>\u00a0que los suelos de madera tradicionales. La soluci\u00f3n Woodura es una mejora de la tecnolog\u00eda utilizada para la fabricaci\u00f3n de suelos de madera aut\u00e9ntica, y es tan revolucionaria como lo fue el parquet de 3 capas en 1944.<\/p>\n<p>El proceso de endurecimiento proporciona una superficie mucho m\u00e1s fuerte y\u00a0<strong>resistente a las abolladuras y al agua<\/strong>\u00a0que nunca necesita ser lijada. El uso de capas superficiales m\u00e1s finas en la producci\u00f3n tambi\u00e9n nos permite crear diez veces m\u00e1s suelos con la misma cantidad de madera. Esto hace que el suelo sea rentable y al mismo tiempo minimiza el impacto medioambiental.<\/p>\n","protected":false},"excerpt":{"rendered":"<p>Marca: BJELIN<\/p>\n<p>Especie:\u00a0 Encino<\/p>\n<p>Ancho: 20.6CM<\/p>\n<p>Espesor: 11 mm<\/p>\n<p>Capa Noble:\u00a0 1.5 mm<\/p>\n<p>Largo: 2.20 M<\/p>\n<p>acabado: BARNIZ<\/p>\n","protected":false},"featured_media":3460,"template":"","meta":[],"product_brand":[],"product_cat":[337,152],"product_tag":[194,193,288],"class_list":{"0":"post-3468","1":"product","2":"type-product","3":"status-publish","4":"has-post-thumbnail","6":"product_cat-bjelin","7":"product_cat-pisos-de-madera-de-ingenieria-duelas","8":"product_tag-duela","9":"product_tag-piso-de-madera","10":"product_tag-waterproof","11":"pif-has-gallery","13":"first","14":"instock","15":"shipping-taxable","16":"product-type-simple"},"yoast_head":"<!-- This site is optimized with the Yoast SEO plugin v27.4 - https:\/\/yoast.com\/product\/yoast-seo-wordpress\/ -->\n<title>TERRA BJELIN - Alporta -BJELIN-piso de ingenier\u00eda<\/title>\n<meta name=\"description\" content=\"Piso de madera de ingenier\u00eda a prueba de agua, BJELIN\" \/>\n<meta name=\"robots\" content=\"index, follow, max-snippet:-1, max-image-preview:large, max-video-preview:-1\" \/>\n<link rel=\"canonical\" href=\"https:\/\/www.alporta.com\/index.php\/producto\/terra-bjelin-copia\/\" \/>\n<meta property=\"og:locale\" content=\"es_MX\" \/>\n<meta property=\"og:type\" content=\"article\" \/>\n<meta property=\"og:title\" content=\"Woods edge - hydrooblock\" \/>\n<meta property=\"og:description\" content=\"Piso de ingenier\u00eda a pueba de agua, resiste 36 horas de agua. Tiene una dureza Janka de 2400-2500 que ayuda a resistir las abolladuras\" \/>\n<meta property=\"og:url\" content=\"https:\/\/www.alporta.com\/index.php\/producto\/terra-bjelin-copia\/\" \/>\n<meta property=\"og:site_name\" content=\"Alporta\" \/>\n<meta property=\"article:publisher\" content=\"https:\/\/www.facebook.com\/Alporta-Pisos-282233195273162\" \/>\n<meta property=\"article:modified_time\" content=\"2026-04-24T00:02:36+00:00\" \/>\n<meta property=\"og:image\" content=\"https:\/\/www.alporta.com\/wp-content\/uploads\/2022\/06\/woods-edge-3.jpg\" \/>\n\t<meta property=\"og:image:width\" content=\"1800\" \/>\n\t<meta property=\"og:image:height\" content=\"1200\" \/>\n\t<meta property=\"og:image:type\" content=\"image\/jpeg\" \/>\n<meta name=\"twitter:card\" content=\"summary_large_image\" \/>\n<meta name=\"twitter:label1\" content=\"Tiempo de lectura\" \/>\n\t<meta name=\"twitter:data1\" content=\"1 minuto\" \/>\n<script type=\"application\/ld+json\" class=\"yoast-schema-graph\">{\"@context\":\"https:\\\/\\\/schema.org\",\"@graph\":[{\"@type\":\"WebPage\",\"@id\":\"https:\\\/\\\/www.alporta.com\\\/index.php\\\/producto\\\/terra-bjelin-copia\\\/\",\"url\":\"https:\\\/\\\/www.alporta.com\\\/index.php\\\/producto\\\/terra-bjelin-copia\\\/\",\"name\":\"TERRA BJELIN - Alporta -BJELIN-piso de ingenier\u00eda\",\"isPartOf\":{\"@id\":\"https:\\\/\\\/www.alporta.com\\\/#website\"},\"primaryImageOfPage\":{\"@id\":\"https:\\\/\\\/www.alporta.com\\\/index.php\\\/producto\\\/terra-bjelin-copia\\\/#primaryimage\"},\"image\":{\"@id\":\"https:\\\/\\\/www.alporta.com\\\/index.php\\\/producto\\\/terra-bjelin-copia\\\/#primaryimage\"},\"thumbnailUrl\":\"https:\\\/\\\/www.alporta.com\\\/wp-content\\\/uploads\\\/2026\\\/04\\\/Terra-Brown-2.png\",\"datePublished\":\"2026-04-24T00:01:29+00:00\",\"dateModified\":\"2026-04-24T00:02:36+00:00\",\"description\":\"Piso de madera de ingenier\u00eda a prueba de agua, BJELIN\",\"breadcrumb\":{\"@id\":\"https:\\\/\\\/www.alporta.com\\\/index.php\\\/producto\\\/terra-bjelin-copia\\\/#breadcrumb\"},\"inLanguage\":\"es\",\"potentialAction\":[{\"@type\":\"ReadAction\",\"target\":[\"https:\\\/\\\/www.alporta.com\\\/index.php\\\/producto\\\/terra-bjelin-copia\\\/\"]}]},{\"@type\":\"ImageObject\",\"inLanguage\":\"es\",\"@id\":\"https:\\\/\\\/www.alporta.com\\\/index.php\\\/producto\\\/terra-bjelin-copia\\\/#primaryimage\",\"url\":\"https:\\\/\\\/www.alporta.com\\\/wp-content\\\/uploads\\\/2026\\\/04\\\/Terra-Brown-2.png\",\"contentUrl\":\"https:\\\/\\\/www.alporta.com\\\/wp-content\\\/uploads\\\/2026\\\/04\\\/Terra-Brown-2.png\",\"width\":1200,\"height\":1200},{\"@type\":\"BreadcrumbList\",\"@id\":\"https:\\\/\\\/www.alporta.com\\\/index.php\\\/producto\\\/terra-bjelin-copia\\\/#breadcrumb\",\"itemListElement\":[{\"@type\":\"ListItem\",\"position\":1,\"name\":\"Inicio\",\"item\":\"https:\\\/\\\/www.alporta.com\\\/\"},{\"@type\":\"ListItem\",\"position\":2,\"name\":\"PRODUCTOS\",\"item\":\"https:\\\/\\\/www.alporta.com\\\/index.php\\\/productos\\\/\"},{\"@type\":\"ListItem\",\"position\":3,\"name\":\"TERRA BJELIN\"}]},{\"@type\":\"WebSite\",\"@id\":\"https:\\\/\\\/www.alporta.com\\\/#website\",\"url\":\"https:\\\/\\\/www.alporta.com\\\/\",\"name\":\"Alporta\",\"description\":\"Le damos piso a tus ideas\",\"publisher\":{\"@id\":\"https:\\\/\\\/www.alporta.com\\\/#organization\"},\"potentialAction\":[{\"@type\":\"SearchAction\",\"target\":{\"@type\":\"EntryPoint\",\"urlTemplate\":\"https:\\\/\\\/www.alporta.com\\\/?s={search_term_string}\"},\"query-input\":{\"@type\":\"PropertyValueSpecification\",\"valueRequired\":true,\"valueName\":\"search_term_string\"}}],\"inLanguage\":\"es\"},{\"@type\":\"Organization\",\"@id\":\"https:\\\/\\\/www.alporta.com\\\/#organization\",\"name\":\"Alporta\",\"url\":\"https:\\\/\\\/www.alporta.com\\\/\",\"logo\":{\"@type\":\"ImageObject\",\"inLanguage\":\"es\",\"@id\":\"https:\\\/\\\/www.alporta.com\\\/#\\\/schema\\\/logo\\\/image\\\/\",\"url\":\"https:\\\/\\\/www.alporta.com\\\/wp-content\\\/uploads\\\/2022\\\/06\\\/img151-e1655759068479.jpg\",\"contentUrl\":\"https:\\\/\\\/www.alporta.com\\\/wp-content\\\/uploads\\\/2022\\\/06\\\/img151-e1655759068479.jpg\",\"width\":383,\"height\":160,\"caption\":\"Alporta\"},\"image\":{\"@id\":\"https:\\\/\\\/www.alporta.com\\\/#\\\/schema\\\/logo\\\/image\\\/\"},\"sameAs\":[\"https:\\\/\\\/www.facebook.com\\\/Alporta-Pisos-282233195273162\",\"https:\\\/\\\/www.instagram.com\\\/alporta_pisos\\\/\"]}]}<\/script>\n<!-- \/ Yoast SEO plugin. -->","yoast_head_json":{"title":"TERRA BJELIN - Alporta -BJELIN-piso de ingenier\u00eda","description":"Piso de madera de ingenier\u00eda a prueba de agua, BJELIN","robots":{"index":"index","follow":"follow","max-snippet":"max-snippet:-1","max-image-preview":"max-image-preview:large","max-video-preview":"max-video-preview:-1"},"canonical":"https:\/\/www.alporta.com\/index.php\/producto\/terra-bjelin-copia\/","og_locale":"es_MX","og_type":"article","og_title":"Woods edge - hydrooblock","og_description":"Piso de ingenier\u00eda a pueba de agua, resiste 36 horas de agua. Tiene una dureza Janka de 2400-2500 que ayuda a resistir las abolladuras","og_url":"https:\/\/www.alporta.com\/index.php\/producto\/terra-bjelin-copia\/","og_site_name":"Alporta","article_publisher":"https:\/\/www.facebook.com\/Alporta-Pisos-282233195273162","article_modified_time":"2026-04-24T00:02:36+00:00","og_image":[{"width":1800,"height":1200,"url":"https:\/\/www.alporta.com\/wp-content\/uploads\/2022\/06\/woods-edge-3.jpg","type":"image\/jpeg"}],"twitter_card":"summary_large_image","twitter_misc":{"Tiempo de lectura":"1 minuto"},"schema":{"@context":"https:\/\/schema.org","@graph":[{"@type":"WebPage","@id":"https:\/\/www.alporta.com\/index.php\/producto\/terra-bjelin-copia\/","url":"https:\/\/www.alporta.com\/index.php\/producto\/terra-bjelin-copia\/","name":"TERRA BJELIN - Alporta -BJELIN-piso de ingenier\u00eda","isPartOf":{"@id":"https:\/\/www.alporta.com\/#website"},"primaryImageOfPage":{"@id":"https:\/\/www.alporta.com\/index.php\/producto\/terra-bjelin-copia\/#primaryimage"},"image":{"@id":"https:\/\/www.alporta.com\/index.php\/producto\/terra-bjelin-copia\/#primaryimage"},"thumbnailUrl":"https:\/\/www.alporta.com\/wp-content\/uploads\/2026\/04\/Terra-Brown-2.png","datePublished":"2026-04-24T00:01:29+00:00","dateModified":"2026-04-24T00:02:36+00:00","description":"Piso de madera de ingenier\u00eda a prueba de agua, BJELIN","breadcrumb":{"@id":"https:\/\/www.alporta.com\/index.php\/producto\/terra-bjelin-copia\/#breadcrumb"},"inLanguage":"es","potentialAction":[{"@type":"ReadAction","target":["https:\/\/www.alporta.com\/index.php\/producto\/terra-bjelin-copia\/"]}]},{"@type":"ImageObject","inLanguage":"es","@id":"https:\/\/www.alporta.com\/index.php\/producto\/terra-bjelin-copia\/#primaryimage","url":"https:\/\/www.alporta.com\/wp-content\/uploads\/2026\/04\/Terra-Brown-2.png","contentUrl":"https:\/\/www.alporta.com\/wp-content\/uploads\/2026\/04\/Terra-Brown-2.png","width":1200,"height":1200},{"@type":"BreadcrumbList","@id":"https:\/\/www.alporta.com\/index.php\/producto\/terra-bjelin-copia\/#breadcrumb","itemListElement":[{"@type":"ListItem","position":1,"name":"Inicio","item":"https:\/\/www.alporta.com\/"},{"@type":"ListItem","position":2,"name":"PRODUCTOS","item":"https:\/\/www.alporta.com\/index.php\/productos\/"},{"@type":"ListItem","position":3,"name":"TERRA BJELIN"}]},{"@type":"WebSite","@id":"https:\/\/www.alporta.com\/#website","url":"https:\/\/www.alporta.com\/","name":"Alporta","description":"Le damos piso a tus ideas","publisher":{"@id":"https:\/\/www.alporta.com\/#organization"},"potentialAction":[{"@type":"SearchAction","target":{"@type":"EntryPoint","urlTemplate":"https:\/\/www.alporta.com\/?s={search_term_string}"},"query-input":{"@type":"PropertyValueSpecification","valueRequired":true,"valueName":"search_term_string"}}],"inLanguage":"es"},{"@type":"Organization","@id":"https:\/\/www.alporta.com\/#organization","name":"Alporta","url":"https:\/\/www.alporta.com\/","logo":{"@type":"ImageObject","inLanguage":"es","@id":"https:\/\/www.alporta.com\/#\/schema\/logo\/image\/","url":"https:\/\/www.alporta.com\/wp-content\/uploads\/2022\/06\/img151-e1655759068479.jpg","contentUrl":"https:\/\/www.alporta.com\/wp-content\/uploads\/2022\/06\/img151-e1655759068479.jpg","width":383,"height":160,"caption":"Alporta"},"image":{"@id":"https:\/\/www.alporta.com\/#\/schema\/logo\/image\/"},"sameAs":["https:\/\/www.facebook.com\/Alporta-Pisos-282233195273162","https:\/\/www.instagram.com\/alporta_pisos\/"]}]}},"_links":{"self":[{"href":"https:\/\/www.alporta.com\/index.php\/wp-json\/wp\/v2\/product\/3468","targetHints":{"allow":["GET"]}}],"collection":[{"href":"https:\/\/www.alporta.com\/index.php\/wp-json\/wp\/v2\/product"}],"about":[{"href":"https:\/\/www.alporta.com\/index.php\/wp-json\/wp\/v2\/types\/product"}],"wp:featuredmedia":[{"embeddable":true,"href":"https:\/\/www.alporta.com\/index.php\/wp-json\/wp\/v2\/media\/3460"}],"wp:attachment":[{"href":"https:\/\/www.alporta.com\/index.php\/wp-json\/wp\/v2\/media?parent=3468"}],"wp:term":[{"taxonomy":"product_brand","embeddable":true,"href":"https:\/\/www.alporta.com\/index.php\/wp-json\/wp\/v2\/product_brand?post=3468"},{"taxonomy":"product_cat","embeddable":true,"href":"https:\/\/www.alporta.com\/index.php\/wp-json\/wp\/v2\/product_cat?post=3468"},{"taxonomy":"product_tag","embeddable":true,"href":"https:\/\/www.alporta.com\/index.php\/wp-json\/wp\/v2\/product_tag?post=3468"}],"curies":[{"name":"wp","href":"https:\/\/api.w.org\/{rel}","templated":true}]}}