{"id":3481,"date":"2026-04-23T18:25:17","date_gmt":"2026-04-24T00:25:17","guid":{"rendered":"https:\/\/www.alporta.com\/?post_type=product&#038;p=3481"},"modified":"2026-04-23T18:33:28","modified_gmt":"2026-04-24T00:33:28","slug":"panel-uh94-ntw","status":"publish","type":"product","link":"https:\/\/www.alporta.com\/index.php\/producto\/panel-uh94-ntw\/","title":{"rendered":"Panel Uh94 NTW"},"content":{"rendered":"","protected":false},"excerpt":{"rendered":"<p>DIMENSIONES<\/p>\n<p>ESPACIO VISIBLE:<br \/>\nAncho: 18 cm<br \/>\nLargo: 3 m<br \/>\nEspesor:2.25 cm<br \/>\nUSO:RESIDENCIALlYCOMERCIAL<\/p>\n<p>COLORES\u00a0 IPE TEKA CHESTNUT<\/p>\n<p><strong>Garant\u00eda Limitada:<\/strong><br \/>\n25 a\u00f1os uso residencial.<br \/>\n10 a\u00f1os uso comercial.+<\/p>\n<p>&nbsp;<\/p>\n","protected":false},"featured_media":3482,"template":"","meta":[],"product_brand":[],"product_cat":[165,324,173,304],"product_tag":[187,249,269,270,264,268],"class_list":{"0":"post-3481","1":"product","2":"type-product","3":"status-publish","4":"has-post-thumbnail","6":"product_cat-fachadas","7":"product_cat-newtechwood","8":"product_cat-panelnewtechwood","9":"product_cat-plafones","10":"product_tag-deck","11":"product_tag-deck-sintetico","12":"product_tag-fachada","13":"product_tag-newtechwood","14":"product_tag-ntw","15":"product_tag-plafon","16":"pif-has-gallery","18":"first","19":"instock","20":"shipping-taxable","21":"product-type-simple"},"yoast_head":"<!-- This site is optimized with the Yoast SEO plugin v27.4 - https:\/\/yoast.com\/product\/yoast-seo-wordpress\/ -->\n<title>Panel Uh94 NTW - Alporta<\/title>\n<meta name=\"description\" content=\"Perf\u00edl sint\u00e9tico para muro \u00f3 plaf\u00f3n, garant\u00eda de 25 a\u00f1os, dos colores disponibles teka , ipe, no necesita mantenimiento.\" \/>\n<meta name=\"robots\" content=\"index, follow, max-snippet:-1, max-image-preview:large, max-video-preview:-1\" \/>\n<link rel=\"canonical\" href=\"https:\/\/www.alporta.com\/index.php\/producto\/panel-uh94-ntw\/\" \/>\n<meta property=\"og:locale\" content=\"es_MX\" \/>\n<meta property=\"og:type\" content=\"article\" \/>\n<meta property=\"og:title\" content=\"Panel Uh94 NTW - Alporta\" \/>\n<meta property=\"og:description\" content=\"Perf\u00edl sint\u00e9tico para muro \u00f3 plaf\u00f3n, garant\u00eda de 25 a\u00f1os, dos colores disponibles teka , ipe, no necesita mantenimiento.\" \/>\n<meta property=\"og:url\" content=\"https:\/\/www.alporta.com\/index.php\/producto\/panel-uh94-ntw\/\" \/>\n<meta property=\"og:site_name\" content=\"Alporta\" \/>\n<meta property=\"article:publisher\" content=\"https:\/\/www.facebook.com\/Alporta-Pisos-282233195273162\" \/>\n<meta property=\"article:modified_time\" content=\"2026-04-24T00:33:28+00:00\" \/>\n<meta property=\"og:image\" content=\"https:\/\/www.alporta.com\/wp-content\/uploads\/2026\/04\/UH94_-_02-nuevo-79e019e1.png\" \/>\n\t<meta property=\"og:image:width\" content=\"580\" \/>\n\t<meta property=\"og:image:height\" content=\"580\" \/>\n\t<meta property=\"og:image:type\" content=\"image\/png\" \/>\n<meta name=\"twitter:card\" content=\"summary_large_image\" \/>\n<meta name=\"twitter:label1\" content=\"Tiempo de lectura\" \/>\n\t<meta name=\"twitter:data1\" content=\"1 minuto\" \/>\n<script type=\"application\/ld+json\" class=\"yoast-schema-graph\">{\"@context\":\"https:\\\/\\\/schema.org\",\"@graph\":[{\"@type\":\"WebPage\",\"@id\":\"https:\\\/\\\/www.alporta.com\\\/index.php\\\/producto\\\/panel-uh94-ntw\\\/\",\"url\":\"https:\\\/\\\/www.alporta.com\\\/index.php\\\/producto\\\/panel-uh94-ntw\\\/\",\"name\":\"Panel Uh94 NTW - Alporta\",\"isPartOf\":{\"@id\":\"https:\\\/\\\/www.alporta.com\\\/#website\"},\"primaryImageOfPage\":{\"@id\":\"https:\\\/\\\/www.alporta.com\\\/index.php\\\/producto\\\/panel-uh94-ntw\\\/#primaryimage\"},\"image\":{\"@id\":\"https:\\\/\\\/www.alporta.com\\\/index.php\\\/producto\\\/panel-uh94-ntw\\\/#primaryimage\"},\"thumbnailUrl\":\"https:\\\/\\\/www.alporta.com\\\/wp-content\\\/uploads\\\/2026\\\/04\\\/UH94_-_02-nuevo-79e019e1.png\",\"datePublished\":\"2026-04-24T00:25:17+00:00\",\"dateModified\":\"2026-04-24T00:33:28+00:00\",\"description\":\"Perf\u00edl sint\u00e9tico para muro \u00f3 plaf\u00f3n, garant\u00eda de 25 a\u00f1os, dos colores disponibles teka , ipe, no necesita mantenimiento.\",\"breadcrumb\":{\"@id\":\"https:\\\/\\\/www.alporta.com\\\/index.php\\\/producto\\\/panel-uh94-ntw\\\/#breadcrumb\"},\"inLanguage\":\"es\",\"potentialAction\":[{\"@type\":\"ReadAction\",\"target\":[\"https:\\\/\\\/www.alporta.com\\\/index.php\\\/producto\\\/panel-uh94-ntw\\\/\"]}]},{\"@type\":\"ImageObject\",\"inLanguage\":\"es\",\"@id\":\"https:\\\/\\\/www.alporta.com\\\/index.php\\\/producto\\\/panel-uh94-ntw\\\/#primaryimage\",\"url\":\"https:\\\/\\\/www.alporta.com\\\/wp-content\\\/uploads\\\/2026\\\/04\\\/UH94_-_02-nuevo-79e019e1.png\",\"contentUrl\":\"https:\\\/\\\/www.alporta.com\\\/wp-content\\\/uploads\\\/2026\\\/04\\\/UH94_-_02-nuevo-79e019e1.png\",\"width\":580,\"height\":580},{\"@type\":\"BreadcrumbList\",\"@id\":\"https:\\\/\\\/www.alporta.com\\\/index.php\\\/producto\\\/panel-uh94-ntw\\\/#breadcrumb\",\"itemListElement\":[{\"@type\":\"ListItem\",\"position\":1,\"name\":\"Inicio\",\"item\":\"https:\\\/\\\/www.alporta.com\\\/\"},{\"@type\":\"ListItem\",\"position\":2,\"name\":\"PRODUCTOS\",\"item\":\"https:\\\/\\\/www.alporta.com\\\/index.php\\\/productos\\\/\"},{\"@type\":\"ListItem\",\"position\":3,\"name\":\"Panel Uh94 NTW\"}]},{\"@type\":\"WebSite\",\"@id\":\"https:\\\/\\\/www.alporta.com\\\/#website\",\"url\":\"https:\\\/\\\/www.alporta.com\\\/\",\"name\":\"Alporta\",\"description\":\"Le damos piso a tus ideas\",\"publisher\":{\"@id\":\"https:\\\/\\\/www.alporta.com\\\/#organization\"},\"potentialAction\":[{\"@type\":\"SearchAction\",\"target\":{\"@type\":\"EntryPoint\",\"urlTemplate\":\"https:\\\/\\\/www.alporta.com\\\/?s={search_term_string}\"},\"query-input\":{\"@type\":\"PropertyValueSpecification\",\"valueRequired\":true,\"valueName\":\"search_term_string\"}}],\"inLanguage\":\"es\"},{\"@type\":\"Organization\",\"@id\":\"https:\\\/\\\/www.alporta.com\\\/#organization\",\"name\":\"Alporta\",\"url\":\"https:\\\/\\\/www.alporta.com\\\/\",\"logo\":{\"@type\":\"ImageObject\",\"inLanguage\":\"es\",\"@id\":\"https:\\\/\\\/www.alporta.com\\\/#\\\/schema\\\/logo\\\/image\\\/\",\"url\":\"https:\\\/\\\/www.alporta.com\\\/wp-content\\\/uploads\\\/2022\\\/06\\\/img151-e1655759068479.jpg\",\"contentUrl\":\"https:\\\/\\\/www.alporta.com\\\/wp-content\\\/uploads\\\/2022\\\/06\\\/img151-e1655759068479.jpg\",\"width\":383,\"height\":160,\"caption\":\"Alporta\"},\"image\":{\"@id\":\"https:\\\/\\\/www.alporta.com\\\/#\\\/schema\\\/logo\\\/image\\\/\"},\"sameAs\":[\"https:\\\/\\\/www.facebook.com\\\/Alporta-Pisos-282233195273162\",\"https:\\\/\\\/www.instagram.com\\\/alporta_pisos\\\/\"]}]}<\/script>\n<!-- \/ Yoast SEO plugin. -->","yoast_head_json":{"title":"Panel Uh94 NTW - Alporta","description":"Perf\u00edl sint\u00e9tico para muro \u00f3 plaf\u00f3n, garant\u00eda de 25 a\u00f1os, dos colores disponibles teka , ipe, no necesita mantenimiento.","robots":{"index":"index","follow":"follow","max-snippet":"max-snippet:-1","max-image-preview":"max-image-preview:large","max-video-preview":"max-video-preview:-1"},"canonical":"https:\/\/www.alporta.com\/index.php\/producto\/panel-uh94-ntw\/","og_locale":"es_MX","og_type":"article","og_title":"Panel Uh94 NTW - Alporta","og_description":"Perf\u00edl sint\u00e9tico para muro \u00f3 plaf\u00f3n, garant\u00eda de 25 a\u00f1os, dos colores disponibles teka , ipe, no necesita mantenimiento.","og_url":"https:\/\/www.alporta.com\/index.php\/producto\/panel-uh94-ntw\/","og_site_name":"Alporta","article_publisher":"https:\/\/www.facebook.com\/Alporta-Pisos-282233195273162","article_modified_time":"2026-04-24T00:33:28+00:00","og_image":[{"width":580,"height":580,"url":"https:\/\/www.alporta.com\/wp-content\/uploads\/2026\/04\/UH94_-_02-nuevo-79e019e1.png","type":"image\/png"}],"twitter_card":"summary_large_image","twitter_misc":{"Tiempo de lectura":"1 minuto"},"schema":{"@context":"https:\/\/schema.org","@graph":[{"@type":"WebPage","@id":"https:\/\/www.alporta.com\/index.php\/producto\/panel-uh94-ntw\/","url":"https:\/\/www.alporta.com\/index.php\/producto\/panel-uh94-ntw\/","name":"Panel Uh94 NTW - Alporta","isPartOf":{"@id":"https:\/\/www.alporta.com\/#website"},"primaryImageOfPage":{"@id":"https:\/\/www.alporta.com\/index.php\/producto\/panel-uh94-ntw\/#primaryimage"},"image":{"@id":"https:\/\/www.alporta.com\/index.php\/producto\/panel-uh94-ntw\/#primaryimage"},"thumbnailUrl":"https:\/\/www.alporta.com\/wp-content\/uploads\/2026\/04\/UH94_-_02-nuevo-79e019e1.png","datePublished":"2026-04-24T00:25:17+00:00","dateModified":"2026-04-24T00:33:28+00:00","description":"Perf\u00edl sint\u00e9tico para muro \u00f3 plaf\u00f3n, garant\u00eda de 25 a\u00f1os, dos colores disponibles teka , ipe, no necesita mantenimiento.","breadcrumb":{"@id":"https:\/\/www.alporta.com\/index.php\/producto\/panel-uh94-ntw\/#breadcrumb"},"inLanguage":"es","potentialAction":[{"@type":"ReadAction","target":["https:\/\/www.alporta.com\/index.php\/producto\/panel-uh94-ntw\/"]}]},{"@type":"ImageObject","inLanguage":"es","@id":"https:\/\/www.alporta.com\/index.php\/producto\/panel-uh94-ntw\/#primaryimage","url":"https:\/\/www.alporta.com\/wp-content\/uploads\/2026\/04\/UH94_-_02-nuevo-79e019e1.png","contentUrl":"https:\/\/www.alporta.com\/wp-content\/uploads\/2026\/04\/UH94_-_02-nuevo-79e019e1.png","width":580,"height":580},{"@type":"BreadcrumbList","@id":"https:\/\/www.alporta.com\/index.php\/producto\/panel-uh94-ntw\/#breadcrumb","itemListElement":[{"@type":"ListItem","position":1,"name":"Inicio","item":"https:\/\/www.alporta.com\/"},{"@type":"ListItem","position":2,"name":"PRODUCTOS","item":"https:\/\/www.alporta.com\/index.php\/productos\/"},{"@type":"ListItem","position":3,"name":"Panel Uh94 NTW"}]},{"@type":"WebSite","@id":"https:\/\/www.alporta.com\/#website","url":"https:\/\/www.alporta.com\/","name":"Alporta","description":"Le damos piso a tus ideas","publisher":{"@id":"https:\/\/www.alporta.com\/#organization"},"potentialAction":[{"@type":"SearchAction","target":{"@type":"EntryPoint","urlTemplate":"https:\/\/www.alporta.com\/?s={search_term_string}"},"query-input":{"@type":"PropertyValueSpecification","valueRequired":true,"valueName":"search_term_string"}}],"inLanguage":"es"},{"@type":"Organization","@id":"https:\/\/www.alporta.com\/#organization","name":"Alporta","url":"https:\/\/www.alporta.com\/","logo":{"@type":"ImageObject","inLanguage":"es","@id":"https:\/\/www.alporta.com\/#\/schema\/logo\/image\/","url":"https:\/\/www.alporta.com\/wp-content\/uploads\/2022\/06\/img151-e1655759068479.jpg","contentUrl":"https:\/\/www.alporta.com\/wp-content\/uploads\/2022\/06\/img151-e1655759068479.jpg","width":383,"height":160,"caption":"Alporta"},"image":{"@id":"https:\/\/www.alporta.com\/#\/schema\/logo\/image\/"},"sameAs":["https:\/\/www.facebook.com\/Alporta-Pisos-282233195273162","https:\/\/www.instagram.com\/alporta_pisos\/"]}]}},"_links":{"self":[{"href":"https:\/\/www.alporta.com\/index.php\/wp-json\/wp\/v2\/product\/3481","targetHints":{"allow":["GET"]}}],"collection":[{"href":"https:\/\/www.alporta.com\/index.php\/wp-json\/wp\/v2\/product"}],"about":[{"href":"https:\/\/www.alporta.com\/index.php\/wp-json\/wp\/v2\/types\/product"}],"wp:featuredmedia":[{"embeddable":true,"href":"https:\/\/www.alporta.com\/index.php\/wp-json\/wp\/v2\/media\/3482"}],"wp:attachment":[{"href":"https:\/\/www.alporta.com\/index.php\/wp-json\/wp\/v2\/media?parent=3481"}],"wp:term":[{"taxonomy":"product_brand","embeddable":true,"href":"https:\/\/www.alporta.com\/index.php\/wp-json\/wp\/v2\/product_brand?post=3481"},{"taxonomy":"product_cat","embeddable":true,"href":"https:\/\/www.alporta.com\/index.php\/wp-json\/wp\/v2\/product_cat?post=3481"},{"taxonomy":"product_tag","embeddable":true,"href":"https:\/\/www.alporta.com\/index.php\/wp-json\/wp\/v2\/product_tag?post=3481"}],"curies":[{"name":"wp","href":"https:\/\/api.w.org\/{rel}","templated":true}]}}