{"id":768,"date":"2018-09-20T17:36:36","date_gmt":"2018-09-20T23:36:36","guid":{"rendered":"http:\/\/intranet.puntoasterisco.net\/alporta.com\/?post_type=product&#038;p=768"},"modified":"2022-06-27T12:09:47","modified_gmt":"2022-06-27T18:09:47","slug":"teka-deck-sintetico","status":"publish","type":"product","link":"https:\/\/www.alporta.com\/index.php\/producto\/teka-deck-sintetico\/","title":{"rendered":"Teca"},"content":{"rendered":"<p><a href=\"http:\/\/ecodeck.com.mx\/\">Visita Ecodeck<\/a><\/p>\n<p>&nbsp;<\/p>\n<div class=\"principal\"><a href=\"https:\/\/www.alporta.com\/index.php\/categoria-producto\/decks\/deck-sintetico-ecodeck-cool-print\/\">ECODECK\u00ae<\/a>\u00a0<i>es un nuevo piso elaborado con compuesto de madera, bamb\u00fa y polietileno de alta densidad.<\/i><\/div>\n<div>Este material es completamente reciclable y ecol\u00f3gico y su superficie tiene una apariencia de madera natural que lo hace muy vistoso. Est\u00e1 dise\u00f1ado para soportar las inclemencias del tiempo y los efectos del clima y el uso constante, incluyendo tormentas, podredumbre, sal, arena y tr\u00e1fico pesado. Asimismo, ECO-DECK\u00ae es un producto que no se decolora, no se astilla ni se agrieta y adem\u00e1s es resistente a los insectos.<\/div>\n","protected":false},"excerpt":{"rendered":"<div class=\"woocommerce-product-details__short-description\">\n<p>Color: Teca<\/p>\n<p>Categor\u00eda: <a href=\"https:\/\/www.alporta.com\/index.php\/categoria-producto\/decks\/\">Deck Sint\u00e9tico<\/a> (Piso para Exterior)<\/p>\n<p>Ancho: 14.0 cm<\/p>\n<p>Espesor: 22.0 mm<\/p>\n<p>Largo: 2.4 m<\/p>\n<p>Garant\u00eda:<\/p>\n<p>Uso Comercial: 5 a\u00f1os<\/p>\n<p>Uso Residencial: 10 a\u00f1os<\/p>\n<p>&nbsp;<\/p>\n<\/div>\n<p><span style=\"color: #ff0000;\"><a style=\"color: #ff0000;\" href=\"https:\/\/www.alporta.com\/wp-content\/uploads\/2018\/09\/FichaTecnica_EcoDeckCOOL.pdf\" target=\"_blank\" rel=\"noopener noreferrer\">Descarga Ficha T\u00e9cnica<\/a><\/span><\/p>\n","protected":false},"featured_media":1393,"template":"","meta":[],"product_brand":[],"product_cat":[154,101],"product_tag":[187,249,189],"class_list":{"0":"post-768","1":"product","2":"type-product","3":"status-publish","4":"has-post-thumbnail","6":"product_cat-decks","7":"product_cat-deck-sintetico-ecodeck-cool-print","8":"product_tag-deck","9":"product_tag-deck-sintetico","10":"product_tag-madera-sintetica","11":"pif-has-gallery","13":"first","14":"instock","15":"shipping-taxable","16":"product-type-simple"},"yoast_head":"<!-- This site is optimized with the Yoast SEO plugin v27.4 - https:\/\/yoast.com\/product\/yoast-seo-wordpress\/ -->\n<title>Deck sint\u00e9tico teca - Alporta - ecodeck - para exterior<\/title>\n<meta name=\"description\" content=\"Este material es completamente reciclable y ecol\u00f3gico y su superficie tiene una apariencia de madera natural que lo hace muy vistoso.\" \/>\n<meta name=\"robots\" content=\"index, follow, max-snippet:-1, max-image-preview:large, max-video-preview:-1\" \/>\n<link rel=\"canonical\" href=\"https:\/\/www.alporta.com\/index.php\/producto\/teka-deck-sintetico\/\" \/>\n<meta property=\"og:locale\" content=\"es_MX\" \/>\n<meta property=\"og:type\" content=\"article\" \/>\n<meta property=\"og:title\" content=\"Deck sint\u00e9tico teca - Alporta - ecodeck - para exterior\" \/>\n<meta property=\"og:description\" content=\"Este material es completamente reciclable y ecol\u00f3gico y su superficie tiene una apariencia de madera natural que lo hace muy vistoso.\" \/>\n<meta property=\"og:url\" content=\"https:\/\/www.alporta.com\/index.php\/producto\/teka-deck-sintetico\/\" \/>\n<meta property=\"og:site_name\" content=\"Alporta\" \/>\n<meta property=\"article:publisher\" content=\"https:\/\/www.facebook.com\/Alporta-Pisos-282233195273162\" \/>\n<meta property=\"article:modified_time\" content=\"2022-06-27T18:09:47+00:00\" \/>\n<meta property=\"og:image\" content=\"https:\/\/www.alporta.com\/wp-content\/uploads\/2018\/09\/ecodeck-teca.jpg\" \/>\n\t<meta property=\"og:image:width\" content=\"768\" \/>\n\t<meta property=\"og:image:height\" content=\"768\" \/>\n\t<meta property=\"og:image:type\" content=\"image\/jpeg\" \/>\n<meta name=\"twitter:card\" content=\"summary_large_image\" \/>\n<meta name=\"twitter:label1\" content=\"Tiempo de lectura\" \/>\n\t<meta name=\"twitter:data1\" content=\"1 minuto\" \/>\n<script type=\"application\/ld+json\" class=\"yoast-schema-graph\">{\"@context\":\"https:\\\/\\\/schema.org\",\"@graph\":[{\"@type\":\"WebPage\",\"@id\":\"https:\\\/\\\/www.alporta.com\\\/index.php\\\/producto\\\/teka-deck-sintetico\\\/\",\"url\":\"https:\\\/\\\/www.alporta.com\\\/index.php\\\/producto\\\/teka-deck-sintetico\\\/\",\"name\":\"Deck sint\u00e9tico teca - Alporta - ecodeck - para exterior\",\"isPartOf\":{\"@id\":\"https:\\\/\\\/www.alporta.com\\\/#website\"},\"primaryImageOfPage\":{\"@id\":\"https:\\\/\\\/www.alporta.com\\\/index.php\\\/producto\\\/teka-deck-sintetico\\\/#primaryimage\"},\"image\":{\"@id\":\"https:\\\/\\\/www.alporta.com\\\/index.php\\\/producto\\\/teka-deck-sintetico\\\/#primaryimage\"},\"thumbnailUrl\":\"https:\\\/\\\/www.alporta.com\\\/wp-content\\\/uploads\\\/2018\\\/09\\\/ecodeck-teca.jpg\",\"datePublished\":\"2018-09-20T23:36:36+00:00\",\"dateModified\":\"2022-06-27T18:09:47+00:00\",\"description\":\"Este material es completamente reciclable y ecol\u00f3gico y su superficie tiene una apariencia de madera natural que lo hace muy vistoso.\",\"breadcrumb\":{\"@id\":\"https:\\\/\\\/www.alporta.com\\\/index.php\\\/producto\\\/teka-deck-sintetico\\\/#breadcrumb\"},\"inLanguage\":\"es\",\"potentialAction\":[{\"@type\":\"ReadAction\",\"target\":[\"https:\\\/\\\/www.alporta.com\\\/index.php\\\/producto\\\/teka-deck-sintetico\\\/\"]}]},{\"@type\":\"ImageObject\",\"inLanguage\":\"es\",\"@id\":\"https:\\\/\\\/www.alporta.com\\\/index.php\\\/producto\\\/teka-deck-sintetico\\\/#primaryimage\",\"url\":\"https:\\\/\\\/www.alporta.com\\\/wp-content\\\/uploads\\\/2018\\\/09\\\/ecodeck-teca.jpg\",\"contentUrl\":\"https:\\\/\\\/www.alporta.com\\\/wp-content\\\/uploads\\\/2018\\\/09\\\/ecodeck-teca.jpg\",\"width\":768,\"height\":768},{\"@type\":\"BreadcrumbList\",\"@id\":\"https:\\\/\\\/www.alporta.com\\\/index.php\\\/producto\\\/teka-deck-sintetico\\\/#breadcrumb\",\"itemListElement\":[{\"@type\":\"ListItem\",\"position\":1,\"name\":\"Inicio\",\"item\":\"https:\\\/\\\/www.alporta.com\\\/\"},{\"@type\":\"ListItem\",\"position\":2,\"name\":\"PRODUCTOS\",\"item\":\"https:\\\/\\\/www.alporta.com\\\/index.php\\\/productos\\\/\"},{\"@type\":\"ListItem\",\"position\":3,\"name\":\"Teca\"}]},{\"@type\":\"WebSite\",\"@id\":\"https:\\\/\\\/www.alporta.com\\\/#website\",\"url\":\"https:\\\/\\\/www.alporta.com\\\/\",\"name\":\"Alporta\",\"description\":\"Le damos piso a tus ideas\",\"publisher\":{\"@id\":\"https:\\\/\\\/www.alporta.com\\\/#organization\"},\"potentialAction\":[{\"@type\":\"SearchAction\",\"target\":{\"@type\":\"EntryPoint\",\"urlTemplate\":\"https:\\\/\\\/www.alporta.com\\\/?s={search_term_string}\"},\"query-input\":{\"@type\":\"PropertyValueSpecification\",\"valueRequired\":true,\"valueName\":\"search_term_string\"}}],\"inLanguage\":\"es\"},{\"@type\":\"Organization\",\"@id\":\"https:\\\/\\\/www.alporta.com\\\/#organization\",\"name\":\"Alporta\",\"url\":\"https:\\\/\\\/www.alporta.com\\\/\",\"logo\":{\"@type\":\"ImageObject\",\"inLanguage\":\"es\",\"@id\":\"https:\\\/\\\/www.alporta.com\\\/#\\\/schema\\\/logo\\\/image\\\/\",\"url\":\"https:\\\/\\\/www.alporta.com\\\/wp-content\\\/uploads\\\/2022\\\/06\\\/img151-e1655759068479.jpg\",\"contentUrl\":\"https:\\\/\\\/www.alporta.com\\\/wp-content\\\/uploads\\\/2022\\\/06\\\/img151-e1655759068479.jpg\",\"width\":383,\"height\":160,\"caption\":\"Alporta\"},\"image\":{\"@id\":\"https:\\\/\\\/www.alporta.com\\\/#\\\/schema\\\/logo\\\/image\\\/\"},\"sameAs\":[\"https:\\\/\\\/www.facebook.com\\\/Alporta-Pisos-282233195273162\",\"https:\\\/\\\/www.instagram.com\\\/alporta_pisos\\\/\"]}]}<\/script>\n<!-- \/ Yoast SEO plugin. -->","yoast_head_json":{"title":"Deck sint\u00e9tico teca - Alporta - ecodeck - para exterior","description":"Este material es completamente reciclable y ecol\u00f3gico y su superficie tiene una apariencia de madera natural que lo hace muy vistoso.","robots":{"index":"index","follow":"follow","max-snippet":"max-snippet:-1","max-image-preview":"max-image-preview:large","max-video-preview":"max-video-preview:-1"},"canonical":"https:\/\/www.alporta.com\/index.php\/producto\/teka-deck-sintetico\/","og_locale":"es_MX","og_type":"article","og_title":"Deck sint\u00e9tico teca - Alporta - ecodeck - para exterior","og_description":"Este material es completamente reciclable y ecol\u00f3gico y su superficie tiene una apariencia de madera natural que lo hace muy vistoso.","og_url":"https:\/\/www.alporta.com\/index.php\/producto\/teka-deck-sintetico\/","og_site_name":"Alporta","article_publisher":"https:\/\/www.facebook.com\/Alporta-Pisos-282233195273162","article_modified_time":"2022-06-27T18:09:47+00:00","og_image":[{"width":768,"height":768,"url":"https:\/\/www.alporta.com\/wp-content\/uploads\/2018\/09\/ecodeck-teca.jpg","type":"image\/jpeg"}],"twitter_card":"summary_large_image","twitter_misc":{"Tiempo de lectura":"1 minuto"},"schema":{"@context":"https:\/\/schema.org","@graph":[{"@type":"WebPage","@id":"https:\/\/www.alporta.com\/index.php\/producto\/teka-deck-sintetico\/","url":"https:\/\/www.alporta.com\/index.php\/producto\/teka-deck-sintetico\/","name":"Deck sint\u00e9tico teca - Alporta - ecodeck - para exterior","isPartOf":{"@id":"https:\/\/www.alporta.com\/#website"},"primaryImageOfPage":{"@id":"https:\/\/www.alporta.com\/index.php\/producto\/teka-deck-sintetico\/#primaryimage"},"image":{"@id":"https:\/\/www.alporta.com\/index.php\/producto\/teka-deck-sintetico\/#primaryimage"},"thumbnailUrl":"https:\/\/www.alporta.com\/wp-content\/uploads\/2018\/09\/ecodeck-teca.jpg","datePublished":"2018-09-20T23:36:36+00:00","dateModified":"2022-06-27T18:09:47+00:00","description":"Este material es completamente reciclable y ecol\u00f3gico y su superficie tiene una apariencia de madera natural que lo hace muy vistoso.","breadcrumb":{"@id":"https:\/\/www.alporta.com\/index.php\/producto\/teka-deck-sintetico\/#breadcrumb"},"inLanguage":"es","potentialAction":[{"@type":"ReadAction","target":["https:\/\/www.alporta.com\/index.php\/producto\/teka-deck-sintetico\/"]}]},{"@type":"ImageObject","inLanguage":"es","@id":"https:\/\/www.alporta.com\/index.php\/producto\/teka-deck-sintetico\/#primaryimage","url":"https:\/\/www.alporta.com\/wp-content\/uploads\/2018\/09\/ecodeck-teca.jpg","contentUrl":"https:\/\/www.alporta.com\/wp-content\/uploads\/2018\/09\/ecodeck-teca.jpg","width":768,"height":768},{"@type":"BreadcrumbList","@id":"https:\/\/www.alporta.com\/index.php\/producto\/teka-deck-sintetico\/#breadcrumb","itemListElement":[{"@type":"ListItem","position":1,"name":"Inicio","item":"https:\/\/www.alporta.com\/"},{"@type":"ListItem","position":2,"name":"PRODUCTOS","item":"https:\/\/www.alporta.com\/index.php\/productos\/"},{"@type":"ListItem","position":3,"name":"Teca"}]},{"@type":"WebSite","@id":"https:\/\/www.alporta.com\/#website","url":"https:\/\/www.alporta.com\/","name":"Alporta","description":"Le damos piso a tus ideas","publisher":{"@id":"https:\/\/www.alporta.com\/#organization"},"potentialAction":[{"@type":"SearchAction","target":{"@type":"EntryPoint","urlTemplate":"https:\/\/www.alporta.com\/?s={search_term_string}"},"query-input":{"@type":"PropertyValueSpecification","valueRequired":true,"valueName":"search_term_string"}}],"inLanguage":"es"},{"@type":"Organization","@id":"https:\/\/www.alporta.com\/#organization","name":"Alporta","url":"https:\/\/www.alporta.com\/","logo":{"@type":"ImageObject","inLanguage":"es","@id":"https:\/\/www.alporta.com\/#\/schema\/logo\/image\/","url":"https:\/\/www.alporta.com\/wp-content\/uploads\/2022\/06\/img151-e1655759068479.jpg","contentUrl":"https:\/\/www.alporta.com\/wp-content\/uploads\/2022\/06\/img151-e1655759068479.jpg","width":383,"height":160,"caption":"Alporta"},"image":{"@id":"https:\/\/www.alporta.com\/#\/schema\/logo\/image\/"},"sameAs":["https:\/\/www.facebook.com\/Alporta-Pisos-282233195273162","https:\/\/www.instagram.com\/alporta_pisos\/"]}]}},"_links":{"self":[{"href":"https:\/\/www.alporta.com\/index.php\/wp-json\/wp\/v2\/product\/768","targetHints":{"allow":["GET"]}}],"collection":[{"href":"https:\/\/www.alporta.com\/index.php\/wp-json\/wp\/v2\/product"}],"about":[{"href":"https:\/\/www.alporta.com\/index.php\/wp-json\/wp\/v2\/types\/product"}],"wp:featuredmedia":[{"embeddable":true,"href":"https:\/\/www.alporta.com\/index.php\/wp-json\/wp\/v2\/media\/1393"}],"wp:attachment":[{"href":"https:\/\/www.alporta.com\/index.php\/wp-json\/wp\/v2\/media?parent=768"}],"wp:term":[{"taxonomy":"product_brand","embeddable":true,"href":"https:\/\/www.alporta.com\/index.php\/wp-json\/wp\/v2\/product_brand?post=768"},{"taxonomy":"product_cat","embeddable":true,"href":"https:\/\/www.alporta.com\/index.php\/wp-json\/wp\/v2\/product_cat?post=768"},{"taxonomy":"product_tag","embeddable":true,"href":"https:\/\/www.alporta.com\/index.php\/wp-json\/wp\/v2\/product_tag?post=768"}],"curies":[{"name":"wp","href":"https:\/\/api.w.org\/{rel}","templated":true}]}}