{"id":783,"date":"2018-09-24T15:23:37","date_gmt":"2018-09-24T21:23:37","guid":{"rendered":"http:\/\/intranet.puntoasterisco.net\/alporta.com\/?post_type=product&#038;p=783"},"modified":"2018-09-24T15:23:38","modified_gmt":"2018-09-24T21:23:38","slug":"lvt-lock","status":"publish","type":"product","link":"https:\/\/www.alporta.com\/index.php\/producto\/lvt-lock\/","title":{"rendered":"LVT-Lock"},"content":{"rendered":"","protected":false},"excerpt":{"rendered":"<p>LVT-LockTM de Bostik es un adhesivo acr\u00edlico de un solo componente, base agua y libre de solventes, especialmente dise\u00f1ado para la instalaci\u00f3n de la mayor\u00eda de los pisos flexibles. LVT-LockTM es un adhesivo con cero contenido de VOC (calculado de acuerdo a la Regla 1168 de SCAQMD).<\/p>\n<ul>\n<li>R\u00e1pida generaci\u00f3n de adherencia<\/li>\n<li>Se adhiere a una gran variedad de pisos<\/li>\n<li>Resistente a la migraci\u00f3n de plastificantes<\/li>\n<\/ul>\n","protected":false},"featured_media":784,"template":"","meta":[],"product_brand":[],"product_cat":[156,136],"product_tag":[],"class_list":{"0":"post-783","1":"product","2":"type-product","3":"status-publish","4":"has-post-thumbnail","6":"product_cat-adhesivosbostik","7":"product_cat-lvt","9":"first","10":"instock","11":"shipping-taxable","12":"product-type-simple"},"yoast_head":"<!-- This site is optimized with the Yoast SEO plugin v27.4 - https:\/\/yoast.com\/product\/yoast-seo-wordpress\/ -->\n<title>LVT-Lock - Alporta<\/title>\n<meta name=\"robots\" content=\"index, follow, max-snippet:-1, max-image-preview:large, max-video-preview:-1\" \/>\n<link rel=\"canonical\" href=\"https:\/\/www.alporta.com\/index.php\/producto\/lvt-lock\/\" \/>\n<meta property=\"og:locale\" content=\"es_MX\" \/>\n<meta property=\"og:type\" content=\"article\" \/>\n<meta property=\"og:title\" content=\"LVT-Lock - Alporta\" \/>\n<meta property=\"og:description\" content=\"LVT-LockTM de Bostik es un adhesivo acr\u00edlico de un solo componente, base agua y libre de solventes, especialmente dise\u00f1ado para la instalaci\u00f3n de la mayor\u00eda de los pisos flexibles. LVT-LockTM es un adhesivo con cero contenido de VOC (calculado de acuerdo a la Regla 1168 de SCAQMD).   R\u00e1pida generaci\u00f3n de adherencia  Se adhiere a una gran variedad de pisos  Resistente a la migraci\u00f3n de plastificantes\" \/>\n<meta property=\"og:url\" content=\"https:\/\/www.alporta.com\/index.php\/producto\/lvt-lock\/\" \/>\n<meta property=\"og:site_name\" content=\"Alporta\" \/>\n<meta property=\"article:publisher\" content=\"https:\/\/www.facebook.com\/Alporta-Pisos-282233195273162\" \/>\n<meta property=\"article:modified_time\" content=\"2018-09-24T21:23:38+00:00\" \/>\n<meta property=\"og:image\" content=\"https:\/\/www.alporta.com\/wp-content\/uploads\/2018\/09\/lvt-lock.jpg\" \/>\n\t<meta property=\"og:image:width\" content=\"507\" \/>\n\t<meta property=\"og:image:height\" content=\"503\" \/>\n\t<meta property=\"og:image:type\" content=\"image\/jpeg\" \/>\n<meta name=\"twitter:card\" content=\"summary_large_image\" \/>\n<script type=\"application\/ld+json\" class=\"yoast-schema-graph\">{\"@context\":\"https:\\\/\\\/schema.org\",\"@graph\":[{\"@type\":\"WebPage\",\"@id\":\"https:\\\/\\\/www.alporta.com\\\/index.php\\\/producto\\\/lvt-lock\\\/\",\"url\":\"https:\\\/\\\/www.alporta.com\\\/index.php\\\/producto\\\/lvt-lock\\\/\",\"name\":\"LVT-Lock - Alporta\",\"isPartOf\":{\"@id\":\"https:\\\/\\\/www.alporta.com\\\/#website\"},\"primaryImageOfPage\":{\"@id\":\"https:\\\/\\\/www.alporta.com\\\/index.php\\\/producto\\\/lvt-lock\\\/#primaryimage\"},\"image\":{\"@id\":\"https:\\\/\\\/www.alporta.com\\\/index.php\\\/producto\\\/lvt-lock\\\/#primaryimage\"},\"thumbnailUrl\":\"https:\\\/\\\/www.alporta.com\\\/wp-content\\\/uploads\\\/2018\\\/09\\\/lvt-lock.jpg\",\"datePublished\":\"2018-09-24T21:23:37+00:00\",\"dateModified\":\"2018-09-24T21:23:38+00:00\",\"breadcrumb\":{\"@id\":\"https:\\\/\\\/www.alporta.com\\\/index.php\\\/producto\\\/lvt-lock\\\/#breadcrumb\"},\"inLanguage\":\"es\",\"potentialAction\":[{\"@type\":\"ReadAction\",\"target\":[\"https:\\\/\\\/www.alporta.com\\\/index.php\\\/producto\\\/lvt-lock\\\/\"]}]},{\"@type\":\"ImageObject\",\"inLanguage\":\"es\",\"@id\":\"https:\\\/\\\/www.alporta.com\\\/index.php\\\/producto\\\/lvt-lock\\\/#primaryimage\",\"url\":\"https:\\\/\\\/www.alporta.com\\\/wp-content\\\/uploads\\\/2018\\\/09\\\/lvt-lock.jpg\",\"contentUrl\":\"https:\\\/\\\/www.alporta.com\\\/wp-content\\\/uploads\\\/2018\\\/09\\\/lvt-lock.jpg\",\"width\":507,\"height\":503},{\"@type\":\"BreadcrumbList\",\"@id\":\"https:\\\/\\\/www.alporta.com\\\/index.php\\\/producto\\\/lvt-lock\\\/#breadcrumb\",\"itemListElement\":[{\"@type\":\"ListItem\",\"position\":1,\"name\":\"Inicio\",\"item\":\"https:\\\/\\\/www.alporta.com\\\/\"},{\"@type\":\"ListItem\",\"position\":2,\"name\":\"PRODUCTOS\",\"item\":\"https:\\\/\\\/www.alporta.com\\\/index.php\\\/productos\\\/\"},{\"@type\":\"ListItem\",\"position\":3,\"name\":\"LVT-Lock\"}]},{\"@type\":\"WebSite\",\"@id\":\"https:\\\/\\\/www.alporta.com\\\/#website\",\"url\":\"https:\\\/\\\/www.alporta.com\\\/\",\"name\":\"Alporta\",\"description\":\"Le damos piso a tus ideas\",\"publisher\":{\"@id\":\"https:\\\/\\\/www.alporta.com\\\/#organization\"},\"potentialAction\":[{\"@type\":\"SearchAction\",\"target\":{\"@type\":\"EntryPoint\",\"urlTemplate\":\"https:\\\/\\\/www.alporta.com\\\/?s={search_term_string}\"},\"query-input\":{\"@type\":\"PropertyValueSpecification\",\"valueRequired\":true,\"valueName\":\"search_term_string\"}}],\"inLanguage\":\"es\"},{\"@type\":\"Organization\",\"@id\":\"https:\\\/\\\/www.alporta.com\\\/#organization\",\"name\":\"Alporta\",\"url\":\"https:\\\/\\\/www.alporta.com\\\/\",\"logo\":{\"@type\":\"ImageObject\",\"inLanguage\":\"es\",\"@id\":\"https:\\\/\\\/www.alporta.com\\\/#\\\/schema\\\/logo\\\/image\\\/\",\"url\":\"https:\\\/\\\/www.alporta.com\\\/wp-content\\\/uploads\\\/2022\\\/06\\\/img151-e1655759068479.jpg\",\"contentUrl\":\"https:\\\/\\\/www.alporta.com\\\/wp-content\\\/uploads\\\/2022\\\/06\\\/img151-e1655759068479.jpg\",\"width\":383,\"height\":160,\"caption\":\"Alporta\"},\"image\":{\"@id\":\"https:\\\/\\\/www.alporta.com\\\/#\\\/schema\\\/logo\\\/image\\\/\"},\"sameAs\":[\"https:\\\/\\\/www.facebook.com\\\/Alporta-Pisos-282233195273162\",\"https:\\\/\\\/www.instagram.com\\\/alporta_pisos\\\/\"]}]}<\/script>\n<!-- \/ Yoast SEO plugin. -->","yoast_head_json":{"title":"LVT-Lock - Alporta","robots":{"index":"index","follow":"follow","max-snippet":"max-snippet:-1","max-image-preview":"max-image-preview:large","max-video-preview":"max-video-preview:-1"},"canonical":"https:\/\/www.alporta.com\/index.php\/producto\/lvt-lock\/","og_locale":"es_MX","og_type":"article","og_title":"LVT-Lock - Alporta","og_description":"LVT-LockTM de Bostik es un adhesivo acr\u00edlico de un solo componente, base agua y libre de solventes, especialmente dise\u00f1ado para la instalaci\u00f3n de la mayor\u00eda de los pisos flexibles. LVT-LockTM es un adhesivo con cero contenido de VOC (calculado de acuerdo a la Regla 1168 de SCAQMD).   R\u00e1pida generaci\u00f3n de adherencia  Se adhiere a una gran variedad de pisos  Resistente a la migraci\u00f3n de plastificantes","og_url":"https:\/\/www.alporta.com\/index.php\/producto\/lvt-lock\/","og_site_name":"Alporta","article_publisher":"https:\/\/www.facebook.com\/Alporta-Pisos-282233195273162","article_modified_time":"2018-09-24T21:23:38+00:00","og_image":[{"width":507,"height":503,"url":"https:\/\/www.alporta.com\/wp-content\/uploads\/2018\/09\/lvt-lock.jpg","type":"image\/jpeg"}],"twitter_card":"summary_large_image","schema":{"@context":"https:\/\/schema.org","@graph":[{"@type":"WebPage","@id":"https:\/\/www.alporta.com\/index.php\/producto\/lvt-lock\/","url":"https:\/\/www.alporta.com\/index.php\/producto\/lvt-lock\/","name":"LVT-Lock - Alporta","isPartOf":{"@id":"https:\/\/www.alporta.com\/#website"},"primaryImageOfPage":{"@id":"https:\/\/www.alporta.com\/index.php\/producto\/lvt-lock\/#primaryimage"},"image":{"@id":"https:\/\/www.alporta.com\/index.php\/producto\/lvt-lock\/#primaryimage"},"thumbnailUrl":"https:\/\/www.alporta.com\/wp-content\/uploads\/2018\/09\/lvt-lock.jpg","datePublished":"2018-09-24T21:23:37+00:00","dateModified":"2018-09-24T21:23:38+00:00","breadcrumb":{"@id":"https:\/\/www.alporta.com\/index.php\/producto\/lvt-lock\/#breadcrumb"},"inLanguage":"es","potentialAction":[{"@type":"ReadAction","target":["https:\/\/www.alporta.com\/index.php\/producto\/lvt-lock\/"]}]},{"@type":"ImageObject","inLanguage":"es","@id":"https:\/\/www.alporta.com\/index.php\/producto\/lvt-lock\/#primaryimage","url":"https:\/\/www.alporta.com\/wp-content\/uploads\/2018\/09\/lvt-lock.jpg","contentUrl":"https:\/\/www.alporta.com\/wp-content\/uploads\/2018\/09\/lvt-lock.jpg","width":507,"height":503},{"@type":"BreadcrumbList","@id":"https:\/\/www.alporta.com\/index.php\/producto\/lvt-lock\/#breadcrumb","itemListElement":[{"@type":"ListItem","position":1,"name":"Inicio","item":"https:\/\/www.alporta.com\/"},{"@type":"ListItem","position":2,"name":"PRODUCTOS","item":"https:\/\/www.alporta.com\/index.php\/productos\/"},{"@type":"ListItem","position":3,"name":"LVT-Lock"}]},{"@type":"WebSite","@id":"https:\/\/www.alporta.com\/#website","url":"https:\/\/www.alporta.com\/","name":"Alporta","description":"Le damos piso a tus ideas","publisher":{"@id":"https:\/\/www.alporta.com\/#organization"},"potentialAction":[{"@type":"SearchAction","target":{"@type":"EntryPoint","urlTemplate":"https:\/\/www.alporta.com\/?s={search_term_string}"},"query-input":{"@type":"PropertyValueSpecification","valueRequired":true,"valueName":"search_term_string"}}],"inLanguage":"es"},{"@type":"Organization","@id":"https:\/\/www.alporta.com\/#organization","name":"Alporta","url":"https:\/\/www.alporta.com\/","logo":{"@type":"ImageObject","inLanguage":"es","@id":"https:\/\/www.alporta.com\/#\/schema\/logo\/image\/","url":"https:\/\/www.alporta.com\/wp-content\/uploads\/2022\/06\/img151-e1655759068479.jpg","contentUrl":"https:\/\/www.alporta.com\/wp-content\/uploads\/2022\/06\/img151-e1655759068479.jpg","width":383,"height":160,"caption":"Alporta"},"image":{"@id":"https:\/\/www.alporta.com\/#\/schema\/logo\/image\/"},"sameAs":["https:\/\/www.facebook.com\/Alporta-Pisos-282233195273162","https:\/\/www.instagram.com\/alporta_pisos\/"]}]}},"_links":{"self":[{"href":"https:\/\/www.alporta.com\/index.php\/wp-json\/wp\/v2\/product\/783","targetHints":{"allow":["GET"]}}],"collection":[{"href":"https:\/\/www.alporta.com\/index.php\/wp-json\/wp\/v2\/product"}],"about":[{"href":"https:\/\/www.alporta.com\/index.php\/wp-json\/wp\/v2\/types\/product"}],"wp:featuredmedia":[{"embeddable":true,"href":"https:\/\/www.alporta.com\/index.php\/wp-json\/wp\/v2\/media\/784"}],"wp:attachment":[{"href":"https:\/\/www.alporta.com\/index.php\/wp-json\/wp\/v2\/media?parent=783"}],"wp:term":[{"taxonomy":"product_brand","embeddable":true,"href":"https:\/\/www.alporta.com\/index.php\/wp-json\/wp\/v2\/product_brand?post=783"},{"taxonomy":"product_cat","embeddable":true,"href":"https:\/\/www.alporta.com\/index.php\/wp-json\/wp\/v2\/product_cat?post=783"},{"taxonomy":"product_tag","embeddable":true,"href":"https:\/\/www.alporta.com\/index.php\/wp-json\/wp\/v2\/product_tag?post=783"}],"curies":[{"name":"wp","href":"https:\/\/api.w.org\/{rel}","templated":true}]}}