{"id":785,"date":"2018-09-24T16:55:09","date_gmt":"2018-09-24T22:55:09","guid":{"rendered":"http:\/\/intranet.puntoasterisco.net\/alporta.com\/?post_type=product&#038;p=785"},"modified":"2019-11-05T12:29:46","modified_gmt":"2019-11-05T18:29:46","slug":"sl-100","status":"publish","type":"product","link":"https:\/\/www.alporta.com\/index.php\/producto\/sl-100\/","title":{"rendered":"SL-100"},"content":{"rendered":"","protected":false},"excerpt":{"rendered":"<p>SL-100TM es un auto nivelante base cemento que puede ser utilizado para crear una superficie lisa, plana y nivelada previo a la instalaci\u00f3n de un recubrimiento en el piso. Su tiempo de trabajo extendido, bajo porcentaje de encogimiento y propiedades superiores de nivelaci\u00f3n lo hacen el producto ideal para proyectos de construcci\u00f3n nueva o renovaci\u00f3n donde la instalaci\u00f3n inmediata del piso no es un factor cr\u00edtico.<\/p>\n<ul>\n<li>Aplicable desde 1\/4&#8243; (6.4 mm) hasta 3&#8243; (76.2 mm) de forma directa.<\/li>\n<li>Se puede caminar sobre \u00e9l entre 2 y 3 horas despu\u00e9s de aplicado.<\/li>\n<li>Se puede instalar el recubrimiento entre 1 y 3 d\u00edas.<\/li>\n<\/ul>\n<p>&nbsp;<\/p>\n<p><span style=\"color: #ff0000;\"><a style=\"color: #ff0000;\" href=\"https:\/\/www.alporta.com\/wp-content\/uploads\/2018\/09\/T2334_SL-100_011816_ESP.pdf\">Descargar ficha t\u00e9cnica<\/a><\/span><\/p>\n","protected":false},"featured_media":786,"template":"","meta":[],"product_brand":[],"product_cat":[155,105],"product_tag":[],"class_list":{"0":"post-785","1":"product","2":"type-product","3":"status-publish","4":"has-post-thumbnail","6":"product_cat-autonivelantes","7":"product_cat-bostik-autonivelantes","9":"first","10":"instock","11":"shipping-taxable","12":"product-type-simple"},"yoast_head":"<!-- This site is optimized with the Yoast SEO plugin v27.5 - https:\/\/yoast.com\/product\/yoast-seo-wordpress\/ -->\n<title>SL-100 - Alporta<\/title>\n<meta name=\"robots\" content=\"index, follow, max-snippet:-1, max-image-preview:large, max-video-preview:-1\" \/>\n<link rel=\"canonical\" href=\"https:\/\/www.alporta.com\/index.php\/producto\/sl-100\/\" \/>\n<meta property=\"og:locale\" content=\"es_MX\" \/>\n<meta property=\"og:type\" content=\"article\" \/>\n<meta property=\"og:title\" content=\"SL-100 - Alporta\" \/>\n<meta property=\"og:description\" content=\"SL-100TM es un auto nivelante base cemento que puede ser utilizado para crear una superficie lisa, plana y nivelada previo a la instalaci\u00f3n de un recubrimiento en el piso. Su tiempo de trabajo extendido, bajo porcentaje de encogimiento y propiedades superiores de nivelaci\u00f3n lo hacen el producto ideal para proyectos de construcci\u00f3n nueva o renovaci\u00f3n donde la instalaci\u00f3n inmediata del piso no es un factor cr\u00edtico.   Aplicable desde 1\/4&quot; (6.4 mm) hasta 3&quot; (76.2 mm) de forma directa.  Se puede caminar sobre \u00e9l entre 2 y 3 horas despu\u00e9s de aplicado.  Se puede instalar el recubrimiento entre 1 y 3 d\u00edas.  &nbsp;  Descargar ficha t\u00e9cnica\" \/>\n<meta property=\"og:url\" content=\"https:\/\/www.alporta.com\/index.php\/producto\/sl-100\/\" \/>\n<meta property=\"og:site_name\" content=\"Alporta\" \/>\n<meta property=\"article:publisher\" content=\"https:\/\/www.facebook.com\/Alporta-Pisos-282233195273162\" \/>\n<meta property=\"article:modified_time\" content=\"2019-11-05T18:29:46+00:00\" \/>\n<meta property=\"og:image\" content=\"https:\/\/www.alporta.com\/wp-content\/uploads\/2018\/09\/sl100.jpg\" \/>\n\t<meta property=\"og:image:width\" content=\"507\" \/>\n\t<meta property=\"og:image:height\" content=\"503\" \/>\n\t<meta property=\"og:image:type\" content=\"image\/jpeg\" \/>\n<meta name=\"twitter:card\" content=\"summary_large_image\" \/>\n<script type=\"application\/ld+json\" class=\"yoast-schema-graph\">{\"@context\":\"https:\\\/\\\/schema.org\",\"@graph\":[{\"@type\":\"WebPage\",\"@id\":\"https:\\\/\\\/www.alporta.com\\\/index.php\\\/producto\\\/sl-100\\\/\",\"url\":\"https:\\\/\\\/www.alporta.com\\\/index.php\\\/producto\\\/sl-100\\\/\",\"name\":\"SL-100 - Alporta\",\"isPartOf\":{\"@id\":\"https:\\\/\\\/www.alporta.com\\\/#website\"},\"primaryImageOfPage\":{\"@id\":\"https:\\\/\\\/www.alporta.com\\\/index.php\\\/producto\\\/sl-100\\\/#primaryimage\"},\"image\":{\"@id\":\"https:\\\/\\\/www.alporta.com\\\/index.php\\\/producto\\\/sl-100\\\/#primaryimage\"},\"thumbnailUrl\":\"https:\\\/\\\/www.alporta.com\\\/wp-content\\\/uploads\\\/2018\\\/09\\\/sl100.jpg\",\"datePublished\":\"2018-09-24T22:55:09+00:00\",\"dateModified\":\"2019-11-05T18:29:46+00:00\",\"breadcrumb\":{\"@id\":\"https:\\\/\\\/www.alporta.com\\\/index.php\\\/producto\\\/sl-100\\\/#breadcrumb\"},\"inLanguage\":\"es\",\"potentialAction\":[{\"@type\":\"ReadAction\",\"target\":[\"https:\\\/\\\/www.alporta.com\\\/index.php\\\/producto\\\/sl-100\\\/\"]}]},{\"@type\":\"ImageObject\",\"inLanguage\":\"es\",\"@id\":\"https:\\\/\\\/www.alporta.com\\\/index.php\\\/producto\\\/sl-100\\\/#primaryimage\",\"url\":\"https:\\\/\\\/www.alporta.com\\\/wp-content\\\/uploads\\\/2018\\\/09\\\/sl100.jpg\",\"contentUrl\":\"https:\\\/\\\/www.alporta.com\\\/wp-content\\\/uploads\\\/2018\\\/09\\\/sl100.jpg\",\"width\":507,\"height\":503},{\"@type\":\"BreadcrumbList\",\"@id\":\"https:\\\/\\\/www.alporta.com\\\/index.php\\\/producto\\\/sl-100\\\/#breadcrumb\",\"itemListElement\":[{\"@type\":\"ListItem\",\"position\":1,\"name\":\"Inicio\",\"item\":\"https:\\\/\\\/www.alporta.com\\\/\"},{\"@type\":\"ListItem\",\"position\":2,\"name\":\"PRODUCTOS\",\"item\":\"https:\\\/\\\/www.alporta.com\\\/index.php\\\/productos\\\/\"},{\"@type\":\"ListItem\",\"position\":3,\"name\":\"SL-100\"}]},{\"@type\":\"WebSite\",\"@id\":\"https:\\\/\\\/www.alporta.com\\\/#website\",\"url\":\"https:\\\/\\\/www.alporta.com\\\/\",\"name\":\"Alporta\",\"description\":\"Le damos piso a tus ideas\",\"publisher\":{\"@id\":\"https:\\\/\\\/www.alporta.com\\\/#organization\"},\"potentialAction\":[{\"@type\":\"SearchAction\",\"target\":{\"@type\":\"EntryPoint\",\"urlTemplate\":\"https:\\\/\\\/www.alporta.com\\\/?s={search_term_string}\"},\"query-input\":{\"@type\":\"PropertyValueSpecification\",\"valueRequired\":true,\"valueName\":\"search_term_string\"}}],\"inLanguage\":\"es\"},{\"@type\":\"Organization\",\"@id\":\"https:\\\/\\\/www.alporta.com\\\/#organization\",\"name\":\"Alporta\",\"url\":\"https:\\\/\\\/www.alporta.com\\\/\",\"logo\":{\"@type\":\"ImageObject\",\"inLanguage\":\"es\",\"@id\":\"https:\\\/\\\/www.alporta.com\\\/#\\\/schema\\\/logo\\\/image\\\/\",\"url\":\"https:\\\/\\\/www.alporta.com\\\/wp-content\\\/uploads\\\/2022\\\/06\\\/img151-e1655759068479.jpg\",\"contentUrl\":\"https:\\\/\\\/www.alporta.com\\\/wp-content\\\/uploads\\\/2022\\\/06\\\/img151-e1655759068479.jpg\",\"width\":383,\"height\":160,\"caption\":\"Alporta\"},\"image\":{\"@id\":\"https:\\\/\\\/www.alporta.com\\\/#\\\/schema\\\/logo\\\/image\\\/\"},\"sameAs\":[\"https:\\\/\\\/www.facebook.com\\\/Alporta-Pisos-282233195273162\",\"https:\\\/\\\/www.instagram.com\\\/alporta_pisos\\\/\"]}]}<\/script>\n<!-- \/ Yoast SEO plugin. -->","yoast_head_json":{"title":"SL-100 - Alporta","robots":{"index":"index","follow":"follow","max-snippet":"max-snippet:-1","max-image-preview":"max-image-preview:large","max-video-preview":"max-video-preview:-1"},"canonical":"https:\/\/www.alporta.com\/index.php\/producto\/sl-100\/","og_locale":"es_MX","og_type":"article","og_title":"SL-100 - Alporta","og_description":"SL-100TM es un auto nivelante base cemento que puede ser utilizado para crear una superficie lisa, plana y nivelada previo a la instalaci\u00f3n de un recubrimiento en el piso. Su tiempo de trabajo extendido, bajo porcentaje de encogimiento y propiedades superiores de nivelaci\u00f3n lo hacen el producto ideal para proyectos de construcci\u00f3n nueva o renovaci\u00f3n donde la instalaci\u00f3n inmediata del piso no es un factor cr\u00edtico.   Aplicable desde 1\/4\" (6.4 mm) hasta 3\" (76.2 mm) de forma directa.  Se puede caminar sobre \u00e9l entre 2 y 3 horas despu\u00e9s de aplicado.  Se puede instalar el recubrimiento entre 1 y 3 d\u00edas.  &nbsp;  Descargar ficha t\u00e9cnica","og_url":"https:\/\/www.alporta.com\/index.php\/producto\/sl-100\/","og_site_name":"Alporta","article_publisher":"https:\/\/www.facebook.com\/Alporta-Pisos-282233195273162","article_modified_time":"2019-11-05T18:29:46+00:00","og_image":[{"width":507,"height":503,"url":"https:\/\/www.alporta.com\/wp-content\/uploads\/2018\/09\/sl100.jpg","type":"image\/jpeg"}],"twitter_card":"summary_large_image","schema":{"@context":"https:\/\/schema.org","@graph":[{"@type":"WebPage","@id":"https:\/\/www.alporta.com\/index.php\/producto\/sl-100\/","url":"https:\/\/www.alporta.com\/index.php\/producto\/sl-100\/","name":"SL-100 - Alporta","isPartOf":{"@id":"https:\/\/www.alporta.com\/#website"},"primaryImageOfPage":{"@id":"https:\/\/www.alporta.com\/index.php\/producto\/sl-100\/#primaryimage"},"image":{"@id":"https:\/\/www.alporta.com\/index.php\/producto\/sl-100\/#primaryimage"},"thumbnailUrl":"https:\/\/www.alporta.com\/wp-content\/uploads\/2018\/09\/sl100.jpg","datePublished":"2018-09-24T22:55:09+00:00","dateModified":"2019-11-05T18:29:46+00:00","breadcrumb":{"@id":"https:\/\/www.alporta.com\/index.php\/producto\/sl-100\/#breadcrumb"},"inLanguage":"es","potentialAction":[{"@type":"ReadAction","target":["https:\/\/www.alporta.com\/index.php\/producto\/sl-100\/"]}]},{"@type":"ImageObject","inLanguage":"es","@id":"https:\/\/www.alporta.com\/index.php\/producto\/sl-100\/#primaryimage","url":"https:\/\/www.alporta.com\/wp-content\/uploads\/2018\/09\/sl100.jpg","contentUrl":"https:\/\/www.alporta.com\/wp-content\/uploads\/2018\/09\/sl100.jpg","width":507,"height":503},{"@type":"BreadcrumbList","@id":"https:\/\/www.alporta.com\/index.php\/producto\/sl-100\/#breadcrumb","itemListElement":[{"@type":"ListItem","position":1,"name":"Inicio","item":"https:\/\/www.alporta.com\/"},{"@type":"ListItem","position":2,"name":"PRODUCTOS","item":"https:\/\/www.alporta.com\/index.php\/productos\/"},{"@type":"ListItem","position":3,"name":"SL-100"}]},{"@type":"WebSite","@id":"https:\/\/www.alporta.com\/#website","url":"https:\/\/www.alporta.com\/","name":"Alporta","description":"Le damos piso a tus ideas","publisher":{"@id":"https:\/\/www.alporta.com\/#organization"},"potentialAction":[{"@type":"SearchAction","target":{"@type":"EntryPoint","urlTemplate":"https:\/\/www.alporta.com\/?s={search_term_string}"},"query-input":{"@type":"PropertyValueSpecification","valueRequired":true,"valueName":"search_term_string"}}],"inLanguage":"es"},{"@type":"Organization","@id":"https:\/\/www.alporta.com\/#organization","name":"Alporta","url":"https:\/\/www.alporta.com\/","logo":{"@type":"ImageObject","inLanguage":"es","@id":"https:\/\/www.alporta.com\/#\/schema\/logo\/image\/","url":"https:\/\/www.alporta.com\/wp-content\/uploads\/2022\/06\/img151-e1655759068479.jpg","contentUrl":"https:\/\/www.alporta.com\/wp-content\/uploads\/2022\/06\/img151-e1655759068479.jpg","width":383,"height":160,"caption":"Alporta"},"image":{"@id":"https:\/\/www.alporta.com\/#\/schema\/logo\/image\/"},"sameAs":["https:\/\/www.facebook.com\/Alporta-Pisos-282233195273162","https:\/\/www.instagram.com\/alporta_pisos\/"]}]}},"_links":{"self":[{"href":"https:\/\/www.alporta.com\/index.php\/wp-json\/wp\/v2\/product\/785","targetHints":{"allow":["GET"]}}],"collection":[{"href":"https:\/\/www.alporta.com\/index.php\/wp-json\/wp\/v2\/product"}],"about":[{"href":"https:\/\/www.alporta.com\/index.php\/wp-json\/wp\/v2\/types\/product"}],"wp:featuredmedia":[{"embeddable":true,"href":"https:\/\/www.alporta.com\/index.php\/wp-json\/wp\/v2\/media\/786"}],"wp:attachment":[{"href":"https:\/\/www.alporta.com\/index.php\/wp-json\/wp\/v2\/media?parent=785"}],"wp:term":[{"taxonomy":"product_brand","embeddable":true,"href":"https:\/\/www.alporta.com\/index.php\/wp-json\/wp\/v2\/product_brand?post=785"},{"taxonomy":"product_cat","embeddable":true,"href":"https:\/\/www.alporta.com\/index.php\/wp-json\/wp\/v2\/product_cat?post=785"},{"taxonomy":"product_tag","embeddable":true,"href":"https:\/\/www.alporta.com\/index.php\/wp-json\/wp\/v2\/product_tag?post=785"}],"curies":[{"name":"wp","href":"https:\/\/api.w.org\/{rel}","templated":true}]}}