{"id":788,"date":"2018-09-24T17:15:14","date_gmt":"2018-09-24T23:15:14","guid":{"rendered":"http:\/\/intranet.puntoasterisco.net\/alporta.com\/?post_type=product&#038;p=788"},"modified":"2019-11-06T16:43:24","modified_gmt":"2019-11-06T22:43:24","slug":"ultra-finish-pro","status":"publish","type":"product","link":"https:\/\/www.alporta.com\/index.php\/producto\/ultra-finish-pro\/","title":{"rendered":"Ultra Finish Pro"},"content":{"rendered":"","protected":false},"excerpt":{"rendered":"<p>UltraFinish Pro es un parche de reparaci\u00f3n base cemento, de secado r\u00e1pido y aplicable con una llana que puede ser usado para alisar firmes previo a la instalaci\u00f3n del recubrimiento del piso. UltraFinish Pro permite la instalaci\u00f3n de muchos tipos de recubrimientos de pisos en tan s\u00f3lo 15 minutos despu\u00e9s de haber aplicado el parche.<\/p>\n<ul>\n<li>Se puede aplicar desde una capa muy delgada y hasta 1\/2&#8243; (12.7 mm)<\/li>\n<li>Se puede instalar el piso 15 minutos despu\u00e9s de haber aplicado el parche<\/li>\n<li>Excelente para alisar o parchar<\/li>\n<\/ul>\n<p>&nbsp;<\/p>\n<p><span style=\"color: #ff0000;\"><a style=\"color: #ff0000;\" href=\"https:\/\/www.alporta.com\/wp-content\/uploads\/2018\/09\/T2338_UltraFinishPro_TDS_011816_Esp.pdf\">Descargar Ficha T\u00e9cnica<\/a><\/span><\/p>\n","protected":false},"featured_media":789,"template":"","meta":[],"product_brand":[],"product_cat":[155,105],"product_tag":[],"class_list":{"0":"post-788","1":"product","2":"type-product","3":"status-publish","4":"has-post-thumbnail","6":"product_cat-autonivelantes","7":"product_cat-bostik-autonivelantes","9":"first","10":"instock","11":"shipping-taxable","12":"product-type-simple"},"yoast_head":"<!-- This site is optimized with the Yoast SEO plugin v27.5 - https:\/\/yoast.com\/product\/yoast-seo-wordpress\/ -->\n<title>Ultra Finish Pro - Alporta<\/title>\n<meta name=\"robots\" content=\"index, follow, max-snippet:-1, max-image-preview:large, max-video-preview:-1\" \/>\n<link rel=\"canonical\" href=\"https:\/\/www.alporta.com\/index.php\/producto\/ultra-finish-pro\/\" \/>\n<meta property=\"og:locale\" content=\"es_MX\" \/>\n<meta property=\"og:type\" content=\"article\" \/>\n<meta property=\"og:title\" content=\"Ultra Finish Pro - Alporta\" \/>\n<meta property=\"og:description\" content=\"UltraFinish Pro es un parche de reparaci\u00f3n base cemento, de secado r\u00e1pido y aplicable con una llana que puede ser usado para alisar firmes previo a la instalaci\u00f3n del recubrimiento del piso. UltraFinish Pro permite la instalaci\u00f3n de muchos tipos de recubrimientos de pisos en tan s\u00f3lo 15 minutos despu\u00e9s de haber aplicado el parche.   Se puede aplicar desde una capa muy delgada y hasta 1\/2&quot; (12.7 mm)  Se puede instalar el piso 15 minutos despu\u00e9s de haber aplicado el parche  Excelente para alisar o parchar  &nbsp;  Descargar Ficha T\u00e9cnica\" \/>\n<meta property=\"og:url\" content=\"https:\/\/www.alporta.com\/index.php\/producto\/ultra-finish-pro\/\" \/>\n<meta property=\"og:site_name\" content=\"Alporta\" \/>\n<meta property=\"article:publisher\" content=\"https:\/\/www.facebook.com\/Alporta-Pisos-282233195273162\" \/>\n<meta property=\"article:modified_time\" content=\"2019-11-06T22:43:24+00:00\" \/>\n<meta property=\"og:image\" content=\"https:\/\/www.alporta.com\/wp-content\/uploads\/2018\/09\/ultrafinish.jpg\" \/>\n\t<meta property=\"og:image:width\" content=\"507\" \/>\n\t<meta property=\"og:image:height\" content=\"503\" \/>\n\t<meta property=\"og:image:type\" content=\"image\/jpeg\" \/>\n<meta name=\"twitter:card\" content=\"summary_large_image\" \/>\n<script type=\"application\/ld+json\" class=\"yoast-schema-graph\">{\"@context\":\"https:\\\/\\\/schema.org\",\"@graph\":[{\"@type\":\"WebPage\",\"@id\":\"https:\\\/\\\/www.alporta.com\\\/index.php\\\/producto\\\/ultra-finish-pro\\\/\",\"url\":\"https:\\\/\\\/www.alporta.com\\\/index.php\\\/producto\\\/ultra-finish-pro\\\/\",\"name\":\"Ultra Finish Pro - Alporta\",\"isPartOf\":{\"@id\":\"https:\\\/\\\/www.alporta.com\\\/#website\"},\"primaryImageOfPage\":{\"@id\":\"https:\\\/\\\/www.alporta.com\\\/index.php\\\/producto\\\/ultra-finish-pro\\\/#primaryimage\"},\"image\":{\"@id\":\"https:\\\/\\\/www.alporta.com\\\/index.php\\\/producto\\\/ultra-finish-pro\\\/#primaryimage\"},\"thumbnailUrl\":\"https:\\\/\\\/www.alporta.com\\\/wp-content\\\/uploads\\\/2018\\\/09\\\/ultrafinish.jpg\",\"datePublished\":\"2018-09-24T23:15:14+00:00\",\"dateModified\":\"2019-11-06T22:43:24+00:00\",\"breadcrumb\":{\"@id\":\"https:\\\/\\\/www.alporta.com\\\/index.php\\\/producto\\\/ultra-finish-pro\\\/#breadcrumb\"},\"inLanguage\":\"es\",\"potentialAction\":[{\"@type\":\"ReadAction\",\"target\":[\"https:\\\/\\\/www.alporta.com\\\/index.php\\\/producto\\\/ultra-finish-pro\\\/\"]}]},{\"@type\":\"ImageObject\",\"inLanguage\":\"es\",\"@id\":\"https:\\\/\\\/www.alporta.com\\\/index.php\\\/producto\\\/ultra-finish-pro\\\/#primaryimage\",\"url\":\"https:\\\/\\\/www.alporta.com\\\/wp-content\\\/uploads\\\/2018\\\/09\\\/ultrafinish.jpg\",\"contentUrl\":\"https:\\\/\\\/www.alporta.com\\\/wp-content\\\/uploads\\\/2018\\\/09\\\/ultrafinish.jpg\",\"width\":507,\"height\":503},{\"@type\":\"BreadcrumbList\",\"@id\":\"https:\\\/\\\/www.alporta.com\\\/index.php\\\/producto\\\/ultra-finish-pro\\\/#breadcrumb\",\"itemListElement\":[{\"@type\":\"ListItem\",\"position\":1,\"name\":\"Inicio\",\"item\":\"https:\\\/\\\/www.alporta.com\\\/\"},{\"@type\":\"ListItem\",\"position\":2,\"name\":\"PRODUCTOS\",\"item\":\"https:\\\/\\\/www.alporta.com\\\/index.php\\\/productos\\\/\"},{\"@type\":\"ListItem\",\"position\":3,\"name\":\"Ultra Finish Pro\"}]},{\"@type\":\"WebSite\",\"@id\":\"https:\\\/\\\/www.alporta.com\\\/#website\",\"url\":\"https:\\\/\\\/www.alporta.com\\\/\",\"name\":\"Alporta\",\"description\":\"Le damos piso a tus ideas\",\"publisher\":{\"@id\":\"https:\\\/\\\/www.alporta.com\\\/#organization\"},\"potentialAction\":[{\"@type\":\"SearchAction\",\"target\":{\"@type\":\"EntryPoint\",\"urlTemplate\":\"https:\\\/\\\/www.alporta.com\\\/?s={search_term_string}\"},\"query-input\":{\"@type\":\"PropertyValueSpecification\",\"valueRequired\":true,\"valueName\":\"search_term_string\"}}],\"inLanguage\":\"es\"},{\"@type\":\"Organization\",\"@id\":\"https:\\\/\\\/www.alporta.com\\\/#organization\",\"name\":\"Alporta\",\"url\":\"https:\\\/\\\/www.alporta.com\\\/\",\"logo\":{\"@type\":\"ImageObject\",\"inLanguage\":\"es\",\"@id\":\"https:\\\/\\\/www.alporta.com\\\/#\\\/schema\\\/logo\\\/image\\\/\",\"url\":\"https:\\\/\\\/www.alporta.com\\\/wp-content\\\/uploads\\\/2022\\\/06\\\/img151-e1655759068479.jpg\",\"contentUrl\":\"https:\\\/\\\/www.alporta.com\\\/wp-content\\\/uploads\\\/2022\\\/06\\\/img151-e1655759068479.jpg\",\"width\":383,\"height\":160,\"caption\":\"Alporta\"},\"image\":{\"@id\":\"https:\\\/\\\/www.alporta.com\\\/#\\\/schema\\\/logo\\\/image\\\/\"},\"sameAs\":[\"https:\\\/\\\/www.facebook.com\\\/Alporta-Pisos-282233195273162\",\"https:\\\/\\\/www.instagram.com\\\/alporta_pisos\\\/\"]}]}<\/script>\n<!-- \/ Yoast SEO plugin. -->","yoast_head_json":{"title":"Ultra Finish Pro - Alporta","robots":{"index":"index","follow":"follow","max-snippet":"max-snippet:-1","max-image-preview":"max-image-preview:large","max-video-preview":"max-video-preview:-1"},"canonical":"https:\/\/www.alporta.com\/index.php\/producto\/ultra-finish-pro\/","og_locale":"es_MX","og_type":"article","og_title":"Ultra Finish Pro - Alporta","og_description":"UltraFinish Pro es un parche de reparaci\u00f3n base cemento, de secado r\u00e1pido y aplicable con una llana que puede ser usado para alisar firmes previo a la instalaci\u00f3n del recubrimiento del piso. UltraFinish Pro permite la instalaci\u00f3n de muchos tipos de recubrimientos de pisos en tan s\u00f3lo 15 minutos despu\u00e9s de haber aplicado el parche.   Se puede aplicar desde una capa muy delgada y hasta 1\/2\" (12.7 mm)  Se puede instalar el piso 15 minutos despu\u00e9s de haber aplicado el parche  Excelente para alisar o parchar  &nbsp;  Descargar Ficha T\u00e9cnica","og_url":"https:\/\/www.alporta.com\/index.php\/producto\/ultra-finish-pro\/","og_site_name":"Alporta","article_publisher":"https:\/\/www.facebook.com\/Alporta-Pisos-282233195273162","article_modified_time":"2019-11-06T22:43:24+00:00","og_image":[{"width":507,"height":503,"url":"https:\/\/www.alporta.com\/wp-content\/uploads\/2018\/09\/ultrafinish.jpg","type":"image\/jpeg"}],"twitter_card":"summary_large_image","schema":{"@context":"https:\/\/schema.org","@graph":[{"@type":"WebPage","@id":"https:\/\/www.alporta.com\/index.php\/producto\/ultra-finish-pro\/","url":"https:\/\/www.alporta.com\/index.php\/producto\/ultra-finish-pro\/","name":"Ultra Finish Pro - Alporta","isPartOf":{"@id":"https:\/\/www.alporta.com\/#website"},"primaryImageOfPage":{"@id":"https:\/\/www.alporta.com\/index.php\/producto\/ultra-finish-pro\/#primaryimage"},"image":{"@id":"https:\/\/www.alporta.com\/index.php\/producto\/ultra-finish-pro\/#primaryimage"},"thumbnailUrl":"https:\/\/www.alporta.com\/wp-content\/uploads\/2018\/09\/ultrafinish.jpg","datePublished":"2018-09-24T23:15:14+00:00","dateModified":"2019-11-06T22:43:24+00:00","breadcrumb":{"@id":"https:\/\/www.alporta.com\/index.php\/producto\/ultra-finish-pro\/#breadcrumb"},"inLanguage":"es","potentialAction":[{"@type":"ReadAction","target":["https:\/\/www.alporta.com\/index.php\/producto\/ultra-finish-pro\/"]}]},{"@type":"ImageObject","inLanguage":"es","@id":"https:\/\/www.alporta.com\/index.php\/producto\/ultra-finish-pro\/#primaryimage","url":"https:\/\/www.alporta.com\/wp-content\/uploads\/2018\/09\/ultrafinish.jpg","contentUrl":"https:\/\/www.alporta.com\/wp-content\/uploads\/2018\/09\/ultrafinish.jpg","width":507,"height":503},{"@type":"BreadcrumbList","@id":"https:\/\/www.alporta.com\/index.php\/producto\/ultra-finish-pro\/#breadcrumb","itemListElement":[{"@type":"ListItem","position":1,"name":"Inicio","item":"https:\/\/www.alporta.com\/"},{"@type":"ListItem","position":2,"name":"PRODUCTOS","item":"https:\/\/www.alporta.com\/index.php\/productos\/"},{"@type":"ListItem","position":3,"name":"Ultra Finish Pro"}]},{"@type":"WebSite","@id":"https:\/\/www.alporta.com\/#website","url":"https:\/\/www.alporta.com\/","name":"Alporta","description":"Le damos piso a tus ideas","publisher":{"@id":"https:\/\/www.alporta.com\/#organization"},"potentialAction":[{"@type":"SearchAction","target":{"@type":"EntryPoint","urlTemplate":"https:\/\/www.alporta.com\/?s={search_term_string}"},"query-input":{"@type":"PropertyValueSpecification","valueRequired":true,"valueName":"search_term_string"}}],"inLanguage":"es"},{"@type":"Organization","@id":"https:\/\/www.alporta.com\/#organization","name":"Alporta","url":"https:\/\/www.alporta.com\/","logo":{"@type":"ImageObject","inLanguage":"es","@id":"https:\/\/www.alporta.com\/#\/schema\/logo\/image\/","url":"https:\/\/www.alporta.com\/wp-content\/uploads\/2022\/06\/img151-e1655759068479.jpg","contentUrl":"https:\/\/www.alporta.com\/wp-content\/uploads\/2022\/06\/img151-e1655759068479.jpg","width":383,"height":160,"caption":"Alporta"},"image":{"@id":"https:\/\/www.alporta.com\/#\/schema\/logo\/image\/"},"sameAs":["https:\/\/www.facebook.com\/Alporta-Pisos-282233195273162","https:\/\/www.instagram.com\/alporta_pisos\/"]}]}},"_links":{"self":[{"href":"https:\/\/www.alporta.com\/index.php\/wp-json\/wp\/v2\/product\/788","targetHints":{"allow":["GET"]}}],"collection":[{"href":"https:\/\/www.alporta.com\/index.php\/wp-json\/wp\/v2\/product"}],"about":[{"href":"https:\/\/www.alporta.com\/index.php\/wp-json\/wp\/v2\/types\/product"}],"wp:featuredmedia":[{"embeddable":true,"href":"https:\/\/www.alporta.com\/index.php\/wp-json\/wp\/v2\/media\/789"}],"wp:attachment":[{"href":"https:\/\/www.alporta.com\/index.php\/wp-json\/wp\/v2\/media?parent=788"}],"wp:term":[{"taxonomy":"product_brand","embeddable":true,"href":"https:\/\/www.alporta.com\/index.php\/wp-json\/wp\/v2\/product_brand?post=788"},{"taxonomy":"product_cat","embeddable":true,"href":"https:\/\/www.alporta.com\/index.php\/wp-json\/wp\/v2\/product_cat?post=788"},{"taxonomy":"product_tag","embeddable":true,"href":"https:\/\/www.alporta.com\/index.php\/wp-json\/wp\/v2\/product_tag?post=788"}],"curies":[{"name":"wp","href":"https:\/\/api.w.org\/{rel}","templated":true}]}}