{"id":845,"date":"2022-03-14T17:44:00","date_gmt":"2022-03-14T23:44:00","guid":{"rendered":"http:\/\/intranet.puntoasterisco.net\/alporta.com\/?post_type=product&#038;p=845"},"modified":"2023-05-10T08:59:21","modified_gmt":"2023-05-10T14:59:21","slug":"deck-uh02-ntw","status":"publish","type":"product","link":"https:\/\/www.alporta.com\/index.php\/producto\/deck-uh02-ntw\/","title":{"rendered":"UH02 Ipe NTW"},"content":{"rendered":"<p>Tabla compuesta de 95% de materiales reciclado de polietileno y fibras de madera. Interior hueco redondo con canales laterales para instalaci\u00f3n, patr\u00f3n de vetas H1 \/ H6 naturale.<\/p>\n<p>Producto de proceso de eco-extrusi\u00f3n, HDPE utilizando tecnolog\u00eda probada de UltraShield, que encapsula el material de n\u00facleo con una capa polimulticrom\u00e1tica para protegerla de la intemperie. Instalaci\u00f3n sobre bastidores de madera tratada, PTR, aluminio o zintro galvanizado de 1 \u00bd\u201d x2\u201d con separaci\u00f3n m\u00e1xima de 40 cm de centro a centro de bastidor sujeci\u00f3n de tablas con clip TC-2, para permitir la contracci\u00f3n y expansi\u00f3n de las tablas.<\/p>\n<p>Limpie con agua, jab\u00f3n, escobas de cerdas de platico suaves y trapeador limpio que no se haya utilizado con ning\u00fan otro producto de limpieza. Siempre cubra el producto con una lona o cart\u00f3n cuando realice trabajos de alba\u00f1iler\u00eda.<\/p>\n<p>Uso en terrazas, zonas de regaderas, patios, escaleras y bancas.<\/p>\n<p><strong>Contenido:<\/strong><\/p>\n<ul>\n<li>50-60% Fibra de madera<\/li>\n<li>45-95% Polietileno<\/li>\n<\/ul>\n<p><strong>Resistente:<\/strong><\/p>\n<ul>\n<li>131\u00baC aprox punto de fusi\u00f3n<\/li>\n<li>12% por peso absorci\u00f3n de agua<\/li>\n<\/ul>\n","protected":false},"excerpt":{"rendered":"<p><strong>Medidas:<\/strong><\/p>\n<ul>\n<li>Ancho: 13.8 cm<\/li>\n<li>Espesor: 2.25 cm<\/li>\n<li>Largo: 244 cm<\/li>\n<\/ul>\n<p>&nbsp;<\/p>\n","protected":false},"featured_media":1967,"template":"","meta":[],"product_brand":[],"product_cat":[154,102],"product_tag":[187,249,189,264,188],"class_list":{"0":"post-845","1":"product","2":"type-product","3":"status-publish","4":"has-post-thumbnail","6":"product_cat-decks","7":"product_cat-decknewtechwood","8":"product_tag-deck","9":"product_tag-deck-sintetico","10":"product_tag-madera-sintetica","11":"product_tag-ntw","12":"product_tag-pvc","13":"pif-has-gallery","15":"first","16":"instock","17":"featured","18":"shipping-taxable","19":"product-type-simple"},"yoast_head":"<!-- This site is optimized with the Yoast SEO plugin v27.4 - https:\/\/yoast.com\/product\/yoast-seo-wordpress\/ -->\n<title>uh02 - alporta - Deck sint\u00e9tico - New Tech wood<\/title>\n<meta name=\"description\" content=\"Deck sint\u00e9tico, uso exterior, no necesita mantenimiento, garant\u00eda de 25 a\u00f1os, se instala en pisos, muros y techos, venta en guadalajara.\" \/>\n<meta name=\"robots\" content=\"index, follow, max-snippet:-1, max-image-preview:large, max-video-preview:-1\" \/>\n<link rel=\"canonical\" href=\"https:\/\/www.alporta.com\/index.php\/producto\/deck-uh02-ntw\/\" \/>\n<meta property=\"og:locale\" content=\"es_MX\" \/>\n<meta property=\"og:type\" content=\"article\" \/>\n<meta property=\"og:title\" content=\"uh02 - alporta - Deck sint\u00e9tico - New Tech wood\" \/>\n<meta property=\"og:description\" content=\"Deck sint\u00e9tico, uso exterior, no necesita mantenimiento, garant\u00eda de 25 a\u00f1os, se instala en pisos, muros y techos, venta en guadalajara.\" \/>\n<meta property=\"og:url\" content=\"https:\/\/www.alporta.com\/index.php\/producto\/deck-uh02-ntw\/\" \/>\n<meta property=\"og:site_name\" content=\"Alporta\" \/>\n<meta property=\"article:publisher\" content=\"https:\/\/www.facebook.com\/Alporta-Pisos-282233195273162\" \/>\n<meta property=\"article:modified_time\" content=\"2023-05-10T14:59:21+00:00\" \/>\n<meta property=\"og:image\" content=\"https:\/\/www.alporta.com\/wp-content\/uploads\/2022\/03\/uh02-ipee-e1683669529317.jpg\" \/>\n\t<meta property=\"og:image:width\" content=\"640\" \/>\n\t<meta property=\"og:image:height\" content=\"598\" \/>\n\t<meta property=\"og:image:type\" content=\"image\/jpeg\" \/>\n<meta name=\"twitter:card\" content=\"summary_large_image\" \/>\n<meta name=\"twitter:label1\" content=\"Tiempo de lectura\" \/>\n\t<meta name=\"twitter:data1\" content=\"1 minuto\" \/>\n<script type=\"application\/ld+json\" class=\"yoast-schema-graph\">{\"@context\":\"https:\\\/\\\/schema.org\",\"@graph\":[{\"@type\":\"WebPage\",\"@id\":\"https:\\\/\\\/www.alporta.com\\\/index.php\\\/producto\\\/deck-uh02-ntw\\\/\",\"url\":\"https:\\\/\\\/www.alporta.com\\\/index.php\\\/producto\\\/deck-uh02-ntw\\\/\",\"name\":\"uh02 - alporta - Deck sint\u00e9tico - New Tech wood\",\"isPartOf\":{\"@id\":\"https:\\\/\\\/www.alporta.com\\\/#website\"},\"primaryImageOfPage\":{\"@id\":\"https:\\\/\\\/www.alporta.com\\\/index.php\\\/producto\\\/deck-uh02-ntw\\\/#primaryimage\"},\"image\":{\"@id\":\"https:\\\/\\\/www.alporta.com\\\/index.php\\\/producto\\\/deck-uh02-ntw\\\/#primaryimage\"},\"thumbnailUrl\":\"https:\\\/\\\/www.alporta.com\\\/wp-content\\\/uploads\\\/2022\\\/03\\\/uh02-ipee-e1683669529317.jpg\",\"datePublished\":\"2022-03-14T23:44:00+00:00\",\"dateModified\":\"2023-05-10T14:59:21+00:00\",\"description\":\"Deck sint\u00e9tico, uso exterior, no necesita mantenimiento, garant\u00eda de 25 a\u00f1os, se instala en pisos, muros y techos, venta en guadalajara.\",\"breadcrumb\":{\"@id\":\"https:\\\/\\\/www.alporta.com\\\/index.php\\\/producto\\\/deck-uh02-ntw\\\/#breadcrumb\"},\"inLanguage\":\"es\",\"potentialAction\":[{\"@type\":\"ReadAction\",\"target\":[\"https:\\\/\\\/www.alporta.com\\\/index.php\\\/producto\\\/deck-uh02-ntw\\\/\"]}]},{\"@type\":\"ImageObject\",\"inLanguage\":\"es\",\"@id\":\"https:\\\/\\\/www.alporta.com\\\/index.php\\\/producto\\\/deck-uh02-ntw\\\/#primaryimage\",\"url\":\"https:\\\/\\\/www.alporta.com\\\/wp-content\\\/uploads\\\/2022\\\/03\\\/uh02-ipee-e1683669529317.jpg\",\"contentUrl\":\"https:\\\/\\\/www.alporta.com\\\/wp-content\\\/uploads\\\/2022\\\/03\\\/uh02-ipee-e1683669529317.jpg\",\"width\":640,\"height\":598,\"caption\":\"uh02ipe\"},{\"@type\":\"BreadcrumbList\",\"@id\":\"https:\\\/\\\/www.alporta.com\\\/index.php\\\/producto\\\/deck-uh02-ntw\\\/#breadcrumb\",\"itemListElement\":[{\"@type\":\"ListItem\",\"position\":1,\"name\":\"Inicio\",\"item\":\"https:\\\/\\\/www.alporta.com\\\/\"},{\"@type\":\"ListItem\",\"position\":2,\"name\":\"PRODUCTOS\",\"item\":\"https:\\\/\\\/www.alporta.com\\\/index.php\\\/productos\\\/\"},{\"@type\":\"ListItem\",\"position\":3,\"name\":\"UH02 Ipe NTW\"}]},{\"@type\":\"WebSite\",\"@id\":\"https:\\\/\\\/www.alporta.com\\\/#website\",\"url\":\"https:\\\/\\\/www.alporta.com\\\/\",\"name\":\"Alporta\",\"description\":\"Le damos piso a tus ideas\",\"publisher\":{\"@id\":\"https:\\\/\\\/www.alporta.com\\\/#organization\"},\"potentialAction\":[{\"@type\":\"SearchAction\",\"target\":{\"@type\":\"EntryPoint\",\"urlTemplate\":\"https:\\\/\\\/www.alporta.com\\\/?s={search_term_string}\"},\"query-input\":{\"@type\":\"PropertyValueSpecification\",\"valueRequired\":true,\"valueName\":\"search_term_string\"}}],\"inLanguage\":\"es\"},{\"@type\":\"Organization\",\"@id\":\"https:\\\/\\\/www.alporta.com\\\/#organization\",\"name\":\"Alporta\",\"url\":\"https:\\\/\\\/www.alporta.com\\\/\",\"logo\":{\"@type\":\"ImageObject\",\"inLanguage\":\"es\",\"@id\":\"https:\\\/\\\/www.alporta.com\\\/#\\\/schema\\\/logo\\\/image\\\/\",\"url\":\"https:\\\/\\\/www.alporta.com\\\/wp-content\\\/uploads\\\/2022\\\/06\\\/img151-e1655759068479.jpg\",\"contentUrl\":\"https:\\\/\\\/www.alporta.com\\\/wp-content\\\/uploads\\\/2022\\\/06\\\/img151-e1655759068479.jpg\",\"width\":383,\"height\":160,\"caption\":\"Alporta\"},\"image\":{\"@id\":\"https:\\\/\\\/www.alporta.com\\\/#\\\/schema\\\/logo\\\/image\\\/\"},\"sameAs\":[\"https:\\\/\\\/www.facebook.com\\\/Alporta-Pisos-282233195273162\",\"https:\\\/\\\/www.instagram.com\\\/alporta_pisos\\\/\"]}]}<\/script>\n<!-- \/ Yoast SEO plugin. -->","yoast_head_json":{"title":"uh02 - alporta - Deck sint\u00e9tico - New Tech wood","description":"Deck sint\u00e9tico, uso exterior, no necesita mantenimiento, garant\u00eda de 25 a\u00f1os, se instala en pisos, muros y techos, venta en guadalajara.","robots":{"index":"index","follow":"follow","max-snippet":"max-snippet:-1","max-image-preview":"max-image-preview:large","max-video-preview":"max-video-preview:-1"},"canonical":"https:\/\/www.alporta.com\/index.php\/producto\/deck-uh02-ntw\/","og_locale":"es_MX","og_type":"article","og_title":"uh02 - alporta - Deck sint\u00e9tico - New Tech wood","og_description":"Deck sint\u00e9tico, uso exterior, no necesita mantenimiento, garant\u00eda de 25 a\u00f1os, se instala en pisos, muros y techos, venta en guadalajara.","og_url":"https:\/\/www.alporta.com\/index.php\/producto\/deck-uh02-ntw\/","og_site_name":"Alporta","article_publisher":"https:\/\/www.facebook.com\/Alporta-Pisos-282233195273162","article_modified_time":"2023-05-10T14:59:21+00:00","og_image":[{"width":640,"height":598,"url":"https:\/\/www.alporta.com\/wp-content\/uploads\/2022\/03\/uh02-ipee-e1683669529317.jpg","type":"image\/jpeg"}],"twitter_card":"summary_large_image","twitter_misc":{"Tiempo de lectura":"1 minuto"},"schema":{"@context":"https:\/\/schema.org","@graph":[{"@type":"WebPage","@id":"https:\/\/www.alporta.com\/index.php\/producto\/deck-uh02-ntw\/","url":"https:\/\/www.alporta.com\/index.php\/producto\/deck-uh02-ntw\/","name":"uh02 - alporta - Deck sint\u00e9tico - New Tech wood","isPartOf":{"@id":"https:\/\/www.alporta.com\/#website"},"primaryImageOfPage":{"@id":"https:\/\/www.alporta.com\/index.php\/producto\/deck-uh02-ntw\/#primaryimage"},"image":{"@id":"https:\/\/www.alporta.com\/index.php\/producto\/deck-uh02-ntw\/#primaryimage"},"thumbnailUrl":"https:\/\/www.alporta.com\/wp-content\/uploads\/2022\/03\/uh02-ipee-e1683669529317.jpg","datePublished":"2022-03-14T23:44:00+00:00","dateModified":"2023-05-10T14:59:21+00:00","description":"Deck sint\u00e9tico, uso exterior, no necesita mantenimiento, garant\u00eda de 25 a\u00f1os, se instala en pisos, muros y techos, venta en guadalajara.","breadcrumb":{"@id":"https:\/\/www.alporta.com\/index.php\/producto\/deck-uh02-ntw\/#breadcrumb"},"inLanguage":"es","potentialAction":[{"@type":"ReadAction","target":["https:\/\/www.alporta.com\/index.php\/producto\/deck-uh02-ntw\/"]}]},{"@type":"ImageObject","inLanguage":"es","@id":"https:\/\/www.alporta.com\/index.php\/producto\/deck-uh02-ntw\/#primaryimage","url":"https:\/\/www.alporta.com\/wp-content\/uploads\/2022\/03\/uh02-ipee-e1683669529317.jpg","contentUrl":"https:\/\/www.alporta.com\/wp-content\/uploads\/2022\/03\/uh02-ipee-e1683669529317.jpg","width":640,"height":598,"caption":"uh02ipe"},{"@type":"BreadcrumbList","@id":"https:\/\/www.alporta.com\/index.php\/producto\/deck-uh02-ntw\/#breadcrumb","itemListElement":[{"@type":"ListItem","position":1,"name":"Inicio","item":"https:\/\/www.alporta.com\/"},{"@type":"ListItem","position":2,"name":"PRODUCTOS","item":"https:\/\/www.alporta.com\/index.php\/productos\/"},{"@type":"ListItem","position":3,"name":"UH02 Ipe NTW"}]},{"@type":"WebSite","@id":"https:\/\/www.alporta.com\/#website","url":"https:\/\/www.alporta.com\/","name":"Alporta","description":"Le damos piso a tus ideas","publisher":{"@id":"https:\/\/www.alporta.com\/#organization"},"potentialAction":[{"@type":"SearchAction","target":{"@type":"EntryPoint","urlTemplate":"https:\/\/www.alporta.com\/?s={search_term_string}"},"query-input":{"@type":"PropertyValueSpecification","valueRequired":true,"valueName":"search_term_string"}}],"inLanguage":"es"},{"@type":"Organization","@id":"https:\/\/www.alporta.com\/#organization","name":"Alporta","url":"https:\/\/www.alporta.com\/","logo":{"@type":"ImageObject","inLanguage":"es","@id":"https:\/\/www.alporta.com\/#\/schema\/logo\/image\/","url":"https:\/\/www.alporta.com\/wp-content\/uploads\/2022\/06\/img151-e1655759068479.jpg","contentUrl":"https:\/\/www.alporta.com\/wp-content\/uploads\/2022\/06\/img151-e1655759068479.jpg","width":383,"height":160,"caption":"Alporta"},"image":{"@id":"https:\/\/www.alporta.com\/#\/schema\/logo\/image\/"},"sameAs":["https:\/\/www.facebook.com\/Alporta-Pisos-282233195273162","https:\/\/www.instagram.com\/alporta_pisos\/"]}]}},"_links":{"self":[{"href":"https:\/\/www.alporta.com\/index.php\/wp-json\/wp\/v2\/product\/845","targetHints":{"allow":["GET"]}}],"collection":[{"href":"https:\/\/www.alporta.com\/index.php\/wp-json\/wp\/v2\/product"}],"about":[{"href":"https:\/\/www.alporta.com\/index.php\/wp-json\/wp\/v2\/types\/product"}],"wp:featuredmedia":[{"embeddable":true,"href":"https:\/\/www.alporta.com\/index.php\/wp-json\/wp\/v2\/media\/1967"}],"wp:attachment":[{"href":"https:\/\/www.alporta.com\/index.php\/wp-json\/wp\/v2\/media?parent=845"}],"wp:term":[{"taxonomy":"product_brand","embeddable":true,"href":"https:\/\/www.alporta.com\/index.php\/wp-json\/wp\/v2\/product_brand?post=845"},{"taxonomy":"product_cat","embeddable":true,"href":"https:\/\/www.alporta.com\/index.php\/wp-json\/wp\/v2\/product_cat?post=845"},{"taxonomy":"product_tag","embeddable":true,"href":"https:\/\/www.alporta.com\/index.php\/wp-json\/wp\/v2\/product_tag?post=845"}],"curies":[{"name":"wp","href":"https:\/\/api.w.org\/{rel}","templated":true}]}}