{"id":847,"date":"2019-03-14T18:26:39","date_gmt":"2019-03-15T00:26:39","guid":{"rendered":"http:\/\/intranet.puntoasterisco.net\/alporta.com\/?post_type=product&#038;p=847"},"modified":"2023-05-09T15:59:47","modified_gmt":"2023-05-09T21:59:47","slug":"newtechwood-wallnut","status":"publish","type":"product","link":"https:\/\/www.alporta.com\/index.php\/producto\/newtechwood-wallnut\/","title":{"rendered":"UH02 Walnut NTW"},"content":{"rendered":"<ul>\n<li><strong>Libre de Mantenimiento<\/strong>\n<ul>\n<li>La superficie de larga duraci\u00f3n, con tecnolog\u00eda UltraShield\u2122, permite que usted no tenga que preocuparse por el mantenimiento y para conservar su bella apariencia, s\u00f3lo tiene que aplicar, regularmente, un f\u00e1cil proceso de limpieza.Nuestra cubierta no se astilla, ni se raspa; es ideal para que usted y sus ni\u00f1os puedan disfrutarla, caminando descalzos sobre ella.<\/li>\n<\/ul>\n<\/li>\n<li><strong>Mayor Resistencia<\/strong>\n<ul>\n<li>Las cubiertas con UltraShield\u2122 ofrecen la m\u00e1xima protecci\u00f3n contra los rayos UV, para que usted pueda disfrutar permanentemente de la belleza de sus colores, sin preocuparse por la decoloraci\u00f3n. De igual forma, resisten cualquier otro tipo de condici\u00f3n clim\u00e1tica.<\/li>\n<\/ul>\n<\/li>\n<li><strong>25 A\u00f1os de Garant\u00eda<\/strong>\n<ul>\n<li>Ofrecemos la garant\u00eda m\u00e1s completa en decks compuestos para exteriores, estamos convencidos de la calidad y desempe\u00f1o que ofrecen nuestros productos.<\/li>\n<\/ul>\n<\/li>\n<li><strong>Apariencia m\u00e1s natural<\/strong>\n<ul>\n<li>Despu\u00e9s de probar durante varios meses con distintos terminados, la tecnolog\u00eda UltraShield\u2122 logr\u00f3 capturar las texturas de maderas de diferentes \u00e1rboles en el mundo, para construir el espacio m\u00e1s distinguido y con la apariencia m\u00e1s realista del mercado.<\/li>\n<\/ul>\n<\/li>\n<li><strong>Extensa variedad de colores<\/strong>\n<ul>\n<li>Desde tonalidades claras hasta las m\u00e1s llamativas, la colecci\u00f3n Naturale\u2122 de UltraShield\u2122 de m\u00faltiples colores y texturas le dan una amplia gama de opciones.<\/li>\n<\/ul>\n<\/li>\n<li>Tabla compuesta de 95% de materiales reciclado de polietileno y fibras de madera. Interior hueco redondo con canales laterales para instalaci\u00f3n, patr\u00f3n de vetas H1 \/ H6 naturale.Producto de proceso de eco-extrusi\u00f3n, HDPE utilizando tecnolog\u00eda probada de UltraShield, que encapsula el material de n\u00facleo con una capa polimulticrom\u00e1tica para protegerla de la intemperie. Instalaci\u00f3n sobre bastidores de madera tratada, PTR, aluminio o zintro galvanizado de 1 \u00bd\u201d x2\u201d con separaci\u00f3n m\u00e1xima de 40 cm de centro a centro de bastidor sujeci\u00f3n de tablas con clip TC-2, para permitir la contracci\u00f3n y expansi\u00f3n de las tablas.Limpie con agua, jab\u00f3n, escobas de cerdas de platico suaves y trapeador limpio que no se haya utilizado con ning\u00fan otro producto de limpieza. Siempre cubra el producto con una lona o cart\u00f3n cuando realice trabajos de alba\u00f1iler\u00eda.\n<p>Uso en terrazas, zonas de regaderas, patios, escaleras y bancas.<\/li>\n<\/ul>\n","protected":false},"excerpt":{"rendered":"<div class=\"woocommerce-product-details__short-description\">\n<p><strong>Contenido:<\/strong><\/p>\n<ul>\n<li>50-60% Fibra de madera<\/li>\n<li>45-955% Polietileno<\/li>\n<\/ul>\n<p><strong>Resistente:<\/strong><\/p>\n<ul>\n<li>131\u00baC aprox punto de fusi\u00f3n<\/li>\n<li>12% por peso absorci\u00f3n de agua<\/li>\n<\/ul>\n<p><strong>Medidas:<\/strong><\/p>\n<ul>\n<li>Ancho: 13.8 cm<\/li>\n<li>Espesor: 2.25 cm<\/li>\n<li>Largo: 244 cm<\/li>\n<\/ul>\n<p><strong>Flexibilidad:<\/strong><\/p>\n<ul>\n<li>Prueba: ASTMD 6109-10<\/li>\n<li>Carga: 5345.8 N<\/li>\n<li>Resultado: (MOR) Mpa 25.6<\/li>\n<\/ul>\n<p><strong>Resistencia a la tracci\u00f3n:<\/strong><\/p>\n<ul>\n<li>Prueba: EN 319-1993<\/li>\n<li>Carga: 5208 N<\/li>\n<li>Resultado: M\u00e1s de 2.08 Mpa.<\/li>\n<\/ul>\n<p><strong>Resistencia a ralladuras:<\/strong><\/p>\n<ul>\n<li>Prueba: ISO 04586-2:2004<\/li>\n<li>Resultado: Tipo 2 \u2013 D\u00e9biles marcas superficiales con fuerza de 1N.<\/li>\n<\/ul>\n<\/div>\n<p>&nbsp;<\/p>\n","protected":false},"featured_media":1442,"template":"","meta":[],"product_brand":[],"product_cat":[154,102],"product_tag":[],"class_list":{"0":"post-847","1":"product","2":"type-product","3":"status-publish","4":"has-post-thumbnail","6":"product_cat-decks","7":"product_cat-decknewtechwood","8":"pif-has-gallery","10":"first","11":"instock","12":"shipping-taxable","13":"product-type-simple"},"yoast_head":"<!-- This site is optimized with the Yoast SEO plugin v27.3 - https:\/\/yoast.com\/product\/yoast-seo-wordpress\/ -->\n<title>Deck sint\u00e9tico UH02 Walnut NTW - Alporta - para exterior<\/title>\n<meta name=\"robots\" content=\"index, follow, max-snippet:-1, max-image-preview:large, max-video-preview:-1\" \/>\n<link rel=\"canonical\" href=\"https:\/\/www.alporta.com\/index.php\/producto\/newtechwood-wallnut\/\" \/>\n<meta property=\"og:locale\" content=\"es_MX\" \/>\n<meta property=\"og:type\" content=\"article\" \/>\n<meta property=\"og:title\" content=\"Deck sint\u00e9tico UH02 Walnut NTW - Alporta - para exterior\" \/>\n<meta property=\"og:description\" content=\"Contenido:   50-60% Fibra de madera  45-955% Polietileno  Resistente:   131\u00baC aprox punto de fusi\u00f3n  12% por peso absorci\u00f3n de agua  Medidas:   Ancho: 13.8 cm  Espesor: 2.25 cm  Largo: 244 cm  Flexibilidad:   Prueba: ASTMD 6109-10  Carga: 5345.8 N  Resultado: (MOR) Mpa 25.6  Resistencia a la tracci\u00f3n:   Prueba: EN 319-1993  Carga: 5208 N  Resultado: M\u00e1s de 2.08 Mpa.  Resistencia a ralladuras:   Prueba: ISO 04586-2:2004  Resultado: Tipo 2 \u2013 D\u00e9biles marcas superficiales con fuerza de 1N.   &nbsp;\" \/>\n<meta property=\"og:url\" content=\"https:\/\/www.alporta.com\/index.php\/producto\/newtechwood-wallnut\/\" \/>\n<meta property=\"og:site_name\" content=\"Alporta\" \/>\n<meta property=\"article:publisher\" content=\"https:\/\/www.facebook.com\/Alporta-Pisos-282233195273162\" \/>\n<meta property=\"article:modified_time\" content=\"2023-05-09T21:59:47+00:00\" \/>\n<meta property=\"og:image\" content=\"https:\/\/www.alporta.com\/wp-content\/uploads\/2019\/03\/uh02-walnut-e1683669579217.jpg\" \/>\n\t<meta property=\"og:image:width\" content=\"400\" \/>\n\t<meta property=\"og:image:height\" content=\"400\" \/>\n\t<meta property=\"og:image:type\" content=\"image\/jpeg\" \/>\n<meta name=\"twitter:card\" content=\"summary_large_image\" \/>\n<meta name=\"twitter:label1\" content=\"Tiempo de lectura\" \/>\n\t<meta name=\"twitter:data1\" content=\"2 minutos\" \/>\n<script type=\"application\/ld+json\" class=\"yoast-schema-graph\">{\"@context\":\"https:\\\/\\\/schema.org\",\"@graph\":[{\"@type\":\"WebPage\",\"@id\":\"https:\\\/\\\/www.alporta.com\\\/index.php\\\/producto\\\/newtechwood-wallnut\\\/\",\"url\":\"https:\\\/\\\/www.alporta.com\\\/index.php\\\/producto\\\/newtechwood-wallnut\\\/\",\"name\":\"Deck sint\u00e9tico UH02 Walnut NTW - Alporta - para exterior\",\"isPartOf\":{\"@id\":\"https:\\\/\\\/www.alporta.com\\\/#website\"},\"primaryImageOfPage\":{\"@id\":\"https:\\\/\\\/www.alporta.com\\\/index.php\\\/producto\\\/newtechwood-wallnut\\\/#primaryimage\"},\"image\":{\"@id\":\"https:\\\/\\\/www.alporta.com\\\/index.php\\\/producto\\\/newtechwood-wallnut\\\/#primaryimage\"},\"thumbnailUrl\":\"https:\\\/\\\/www.alporta.com\\\/wp-content\\\/uploads\\\/2019\\\/03\\\/uh02-walnut-e1683669579217.jpg\",\"datePublished\":\"2019-03-15T00:26:39+00:00\",\"dateModified\":\"2023-05-09T21:59:47+00:00\",\"breadcrumb\":{\"@id\":\"https:\\\/\\\/www.alporta.com\\\/index.php\\\/producto\\\/newtechwood-wallnut\\\/#breadcrumb\"},\"inLanguage\":\"es\",\"potentialAction\":[{\"@type\":\"ReadAction\",\"target\":[\"https:\\\/\\\/www.alporta.com\\\/index.php\\\/producto\\\/newtechwood-wallnut\\\/\"]}]},{\"@type\":\"ImageObject\",\"inLanguage\":\"es\",\"@id\":\"https:\\\/\\\/www.alporta.com\\\/index.php\\\/producto\\\/newtechwood-wallnut\\\/#primaryimage\",\"url\":\"https:\\\/\\\/www.alporta.com\\\/wp-content\\\/uploads\\\/2019\\\/03\\\/uh02-walnut-e1683669579217.jpg\",\"contentUrl\":\"https:\\\/\\\/www.alporta.com\\\/wp-content\\\/uploads\\\/2019\\\/03\\\/uh02-walnut-e1683669579217.jpg\",\"width\":400,\"height\":400},{\"@type\":\"BreadcrumbList\",\"@id\":\"https:\\\/\\\/www.alporta.com\\\/index.php\\\/producto\\\/newtechwood-wallnut\\\/#breadcrumb\",\"itemListElement\":[{\"@type\":\"ListItem\",\"position\":1,\"name\":\"Inicio\",\"item\":\"https:\\\/\\\/www.alporta.com\\\/\"},{\"@type\":\"ListItem\",\"position\":2,\"name\":\"PRODUCTOS\",\"item\":\"https:\\\/\\\/www.alporta.com\\\/index.php\\\/productos\\\/\"},{\"@type\":\"ListItem\",\"position\":3,\"name\":\"UH02 Walnut NTW\"}]},{\"@type\":\"WebSite\",\"@id\":\"https:\\\/\\\/www.alporta.com\\\/#website\",\"url\":\"https:\\\/\\\/www.alporta.com\\\/\",\"name\":\"Alporta\",\"description\":\"Le damos piso a tus ideas\",\"publisher\":{\"@id\":\"https:\\\/\\\/www.alporta.com\\\/#organization\"},\"potentialAction\":[{\"@type\":\"SearchAction\",\"target\":{\"@type\":\"EntryPoint\",\"urlTemplate\":\"https:\\\/\\\/www.alporta.com\\\/?s={search_term_string}\"},\"query-input\":{\"@type\":\"PropertyValueSpecification\",\"valueRequired\":true,\"valueName\":\"search_term_string\"}}],\"inLanguage\":\"es\"},{\"@type\":\"Organization\",\"@id\":\"https:\\\/\\\/www.alporta.com\\\/#organization\",\"name\":\"Alporta\",\"url\":\"https:\\\/\\\/www.alporta.com\\\/\",\"logo\":{\"@type\":\"ImageObject\",\"inLanguage\":\"es\",\"@id\":\"https:\\\/\\\/www.alporta.com\\\/#\\\/schema\\\/logo\\\/image\\\/\",\"url\":\"https:\\\/\\\/www.alporta.com\\\/wp-content\\\/uploads\\\/2022\\\/06\\\/img151-e1655759068479.jpg\",\"contentUrl\":\"https:\\\/\\\/www.alporta.com\\\/wp-content\\\/uploads\\\/2022\\\/06\\\/img151-e1655759068479.jpg\",\"width\":383,\"height\":160,\"caption\":\"Alporta\"},\"image\":{\"@id\":\"https:\\\/\\\/www.alporta.com\\\/#\\\/schema\\\/logo\\\/image\\\/\"},\"sameAs\":[\"https:\\\/\\\/www.facebook.com\\\/Alporta-Pisos-282233195273162\",\"https:\\\/\\\/www.instagram.com\\\/alporta_pisos\\\/\"]}]}<\/script>\n<!-- \/ Yoast SEO plugin. -->","yoast_head_json":{"title":"Deck sint\u00e9tico UH02 Walnut NTW - Alporta - para exterior","robots":{"index":"index","follow":"follow","max-snippet":"max-snippet:-1","max-image-preview":"max-image-preview:large","max-video-preview":"max-video-preview:-1"},"canonical":"https:\/\/www.alporta.com\/index.php\/producto\/newtechwood-wallnut\/","og_locale":"es_MX","og_type":"article","og_title":"Deck sint\u00e9tico UH02 Walnut NTW - Alporta - para exterior","og_description":"Contenido:   50-60% Fibra de madera  45-955% Polietileno  Resistente:   131\u00baC aprox punto de fusi\u00f3n  12% por peso absorci\u00f3n de agua  Medidas:   Ancho: 13.8 cm  Espesor: 2.25 cm  Largo: 244 cm  Flexibilidad:   Prueba: ASTMD 6109-10  Carga: 5345.8 N  Resultado: (MOR) Mpa 25.6  Resistencia a la tracci\u00f3n:   Prueba: EN 319-1993  Carga: 5208 N  Resultado: M\u00e1s de 2.08 Mpa.  Resistencia a ralladuras:   Prueba: ISO 04586-2:2004  Resultado: Tipo 2 \u2013 D\u00e9biles marcas superficiales con fuerza de 1N.   &nbsp;","og_url":"https:\/\/www.alporta.com\/index.php\/producto\/newtechwood-wallnut\/","og_site_name":"Alporta","article_publisher":"https:\/\/www.facebook.com\/Alporta-Pisos-282233195273162","article_modified_time":"2023-05-09T21:59:47+00:00","og_image":[{"width":400,"height":400,"url":"https:\/\/www.alporta.com\/wp-content\/uploads\/2019\/03\/uh02-walnut-e1683669579217.jpg","type":"image\/jpeg"}],"twitter_card":"summary_large_image","twitter_misc":{"Tiempo de lectura":"2 minutos"},"schema":{"@context":"https:\/\/schema.org","@graph":[{"@type":"WebPage","@id":"https:\/\/www.alporta.com\/index.php\/producto\/newtechwood-wallnut\/","url":"https:\/\/www.alporta.com\/index.php\/producto\/newtechwood-wallnut\/","name":"Deck sint\u00e9tico UH02 Walnut NTW - Alporta - para exterior","isPartOf":{"@id":"https:\/\/www.alporta.com\/#website"},"primaryImageOfPage":{"@id":"https:\/\/www.alporta.com\/index.php\/producto\/newtechwood-wallnut\/#primaryimage"},"image":{"@id":"https:\/\/www.alporta.com\/index.php\/producto\/newtechwood-wallnut\/#primaryimage"},"thumbnailUrl":"https:\/\/www.alporta.com\/wp-content\/uploads\/2019\/03\/uh02-walnut-e1683669579217.jpg","datePublished":"2019-03-15T00:26:39+00:00","dateModified":"2023-05-09T21:59:47+00:00","breadcrumb":{"@id":"https:\/\/www.alporta.com\/index.php\/producto\/newtechwood-wallnut\/#breadcrumb"},"inLanguage":"es","potentialAction":[{"@type":"ReadAction","target":["https:\/\/www.alporta.com\/index.php\/producto\/newtechwood-wallnut\/"]}]},{"@type":"ImageObject","inLanguage":"es","@id":"https:\/\/www.alporta.com\/index.php\/producto\/newtechwood-wallnut\/#primaryimage","url":"https:\/\/www.alporta.com\/wp-content\/uploads\/2019\/03\/uh02-walnut-e1683669579217.jpg","contentUrl":"https:\/\/www.alporta.com\/wp-content\/uploads\/2019\/03\/uh02-walnut-e1683669579217.jpg","width":400,"height":400},{"@type":"BreadcrumbList","@id":"https:\/\/www.alporta.com\/index.php\/producto\/newtechwood-wallnut\/#breadcrumb","itemListElement":[{"@type":"ListItem","position":1,"name":"Inicio","item":"https:\/\/www.alporta.com\/"},{"@type":"ListItem","position":2,"name":"PRODUCTOS","item":"https:\/\/www.alporta.com\/index.php\/productos\/"},{"@type":"ListItem","position":3,"name":"UH02 Walnut NTW"}]},{"@type":"WebSite","@id":"https:\/\/www.alporta.com\/#website","url":"https:\/\/www.alporta.com\/","name":"Alporta","description":"Le damos piso a tus ideas","publisher":{"@id":"https:\/\/www.alporta.com\/#organization"},"potentialAction":[{"@type":"SearchAction","target":{"@type":"EntryPoint","urlTemplate":"https:\/\/www.alporta.com\/?s={search_term_string}"},"query-input":{"@type":"PropertyValueSpecification","valueRequired":true,"valueName":"search_term_string"}}],"inLanguage":"es"},{"@type":"Organization","@id":"https:\/\/www.alporta.com\/#organization","name":"Alporta","url":"https:\/\/www.alporta.com\/","logo":{"@type":"ImageObject","inLanguage":"es","@id":"https:\/\/www.alporta.com\/#\/schema\/logo\/image\/","url":"https:\/\/www.alporta.com\/wp-content\/uploads\/2022\/06\/img151-e1655759068479.jpg","contentUrl":"https:\/\/www.alporta.com\/wp-content\/uploads\/2022\/06\/img151-e1655759068479.jpg","width":383,"height":160,"caption":"Alporta"},"image":{"@id":"https:\/\/www.alporta.com\/#\/schema\/logo\/image\/"},"sameAs":["https:\/\/www.facebook.com\/Alporta-Pisos-282233195273162","https:\/\/www.instagram.com\/alporta_pisos\/"]}]}},"_links":{"self":[{"href":"https:\/\/www.alporta.com\/index.php\/wp-json\/wp\/v2\/product\/847","targetHints":{"allow":["GET"]}}],"collection":[{"href":"https:\/\/www.alporta.com\/index.php\/wp-json\/wp\/v2\/product"}],"about":[{"href":"https:\/\/www.alporta.com\/index.php\/wp-json\/wp\/v2\/types\/product"}],"wp:featuredmedia":[{"embeddable":true,"href":"https:\/\/www.alporta.com\/index.php\/wp-json\/wp\/v2\/media\/1442"}],"wp:attachment":[{"href":"https:\/\/www.alporta.com\/index.php\/wp-json\/wp\/v2\/media?parent=847"}],"wp:term":[{"taxonomy":"product_brand","embeddable":true,"href":"https:\/\/www.alporta.com\/index.php\/wp-json\/wp\/v2\/product_brand?post=847"},{"taxonomy":"product_cat","embeddable":true,"href":"https:\/\/www.alporta.com\/index.php\/wp-json\/wp\/v2\/product_cat?post=847"},{"taxonomy":"product_tag","embeddable":true,"href":"https:\/\/www.alporta.com\/index.php\/wp-json\/wp\/v2\/product_tag?post=847"}],"curies":[{"name":"wp","href":"https:\/\/api.w.org\/{rel}","templated":true}]}}